{"id":996,"date":"2018-03-27T13:16:27","date_gmt":"2018-03-27T16:16:27","guid":{"rendered":"https:\/\/logosophy.info\/?page_id=996"},"modified":"2018-05-24T10:45:20","modified_gmt":"2018-05-24T13:45:20","slug":"questions-frequentes","status":"publish","type":"page","link":"https:\/\/logosophy.info\/?page_id=996&lang=fr","title":{"rendered":"Questions Fr\u00e9quentes"},"content":{"rendered":"<p>[et_pb_section admin_label=&#8221;section&#8221; background_image=&#8221;https:\/\/logosophy.info\/wp-content\/uploads\/2017\/07\/Imagenes-pasadores-FL-Internacional-Preguntas-frecuentes.jpg&#8221; transparent_background=&#8221;off&#8221; allow_player_pause=&#8221;off&#8221; inner_shadow=&#8221;off&#8221; parallax=&#8221;off&#8221; parallax_method=&#8221;on&#8221; custom_padding=&#8221;200px|||&#8221; padding_mobile=&#8221;off&#8221; make_fullwidth=&#8221;off&#8221; use_custom_width=&#8221;off&#8221; width_unit=&#8221;off&#8221; custom_width_px=&#8221;1080px&#8221; custom_width_percent=&#8221;80%&#8221; make_equal=&#8221;off&#8221; use_custom_gutter=&#8221;off&#8221; fullwidth=&#8221;on&#8221; specialty=&#8221;off&#8221; custom_css_main_element=&#8221;height:250px;&#8221; disabled=&#8221;off&#8221;][et_pb_fullwidth_header admin_label=&#8221;T\u00edtulo de anchura completa&#8221; background_layout=&#8221;dark&#8221; text_orientation=&#8221;center&#8221; header_fullscreen=&#8221;off&#8221; header_scroll_down=&#8221;off&#8221; scroll_down_icon=&#8221;%%3%%&#8221; parallax=&#8221;off&#8221; parallax_method=&#8221;off&#8221; content_orientation=&#8221;center&#8221; image_orientation=&#8221;center&#8221; title_font_size=&#8221;30px&#8221; content_font_size=&#8221;14px&#8221; custom_button_one=&#8221;off&#8221; button_one_text_size=&#8221;18&#8243; button_one_use_icon=&#8221;on&#8221; button_one_icon_placement=&#8221;right&#8221; button_one_on_hover=&#8221;on&#8221; button_one_letter_spacing_hover=&#8221;0&#8243; custom_button_two=&#8221;off&#8221; button_two_text_size=&#8221;18&#8243; button_two_use_icon=&#8221;on&#8221; button_two_icon_placement=&#8221;right&#8221; button_two_on_hover=&#8221;on&#8221; button_two_letter_spacing_hover=&#8221;0&#8243; disabled=&#8221;off&#8221;]<\/p>\n<p>[\/et_pb_fullwidth_header][\/et_pb_section][et_pb_section admin_label=&#8221;section&#8221; transparent_background=&#8221;off&#8221; background_color=&#8221;rgba(255,255,255,0.26)&#8221; allow_player_pause=&#8221;off&#8221; inner_shadow=&#8221;off&#8221; parallax=&#8221;off&#8221; parallax_method=&#8221;on&#8221; padding_mobile=&#8221;off&#8221; make_fullwidth=&#8221;off&#8221; use_custom_width=&#8221;off&#8221; width_unit=&#8221;off&#8221; make_equal=&#8221;off&#8221; use_custom_gutter=&#8221;off&#8221; fullwidth=&#8221;off&#8221; specialty=&#8221;off&#8221; disabled=&#8221;off&#8221;][et_pb_row admin_label=&#8221;Fila&#8221;][et_pb_column type=&#8221;4_4&#8243;][et_pb_text admin_label=&#8221;Texto&#8221; background_layout=&#8221;light&#8221; text_orientation=&#8221;left&#8221; use_border_color=&#8221;off&#8221; border_color=&#8221;#ffffff&#8221; border_style=&#8221;solid&#8221;]<\/p>\n<h1 style=\"text-align: left;\">QUESTIONS FR\u00c9QUENTES<\/h1>\n<p>[\/et_pb_text][\/et_pb_column][\/et_pb_row][et_pb_row admin_label=&#8221;row&#8221; make_fullwidth=&#8221;off&#8221; use_custom_width=&#8221;off&#8221; width_unit=&#8221;off&#8221; custom_width_px=&#8221;1000px&#8221; custom_width_percent=&#8221;48%&#8221; use_custom_gutter=&#8221;off&#8221; gutter_width=&#8221;3&#8243; padding_mobile=&#8221;off&#8221; allow_player_pause=&#8221;off&#8221; parallax=&#8221;off&#8221; parallax_method=&#8221;on&#8221; make_equal=&#8221;off&#8221; column_padding_mobile=&#8221;on&#8221; parallax_1=&#8221;off&#8221; parallax_method_1=&#8221;on&#8221; parallax_2=&#8221;off&#8221; parallax_method_2=&#8221;on&#8221; parallax_3=&#8221;off&#8221; parallax_method_3=&#8221;on&#8221; parallax_4=&#8221;off&#8221; parallax_method_4=&#8221;on&#8221; custom_css_main_element=&#8221;text-align:justify&#8221; disabled=&#8221;off&#8221;][et_pb_column type=&#8221;3_4&#8243;][et_pb_toggle admin_label=&#8221;Conmutador&#8221; title=&#8221;Comment \u00e9tudie-t-on la Logosophie?&#8221; open=&#8221;off&#8221; closed_toggle_text_color=&#8221;#0c71c3&#8243; title_font=&#8221;|on|||&#8221; title_line_height=&#8221;1.8em&#8221; use_border_color=&#8221;off&#8221; border_color=&#8221;#ffffff&#8221; border_style=&#8221;solid&#8221; custom_css_toggle_title=&#8221;text-align:center&#8221; disabled=&#8221;off&#8221;]<\/p>\n<p class=\"p1\"><span class=\"s1\">psycho dynamique, prescrit l\u2019\u00e9tude et la pratique individuelles compl\u00e9ment\u00e9es par un \u00e9change et une pratique collectives.<\/span><\/p>\n<p class=\"p1\"><span class=\"s1\">L\u2019\u00e9tude et la pratique individuelles comprennent trois \u00e9tapes qui s\u2019\u00e9tendent tout au long de la vie, se r\u00e9p\u00e9tant en progression ascendante. Leur sp\u00e9cification aux phases initiales est la suivante :<\/span><\/p>\n<p class=\"p1\"><span class=\"s1\"><em>1) Premi\u00e8re \u00e9tape:<\/em> Elle comprend l\u2019\u00e9tude interpr\u00e9tative des th\u00e8mes qui composent le programme d\u2019\u00e9tude, sans en exclure d\u2019autres propres \u00e0 int\u00e9resser particuli\u00e8rement l\u2019\u00e9tudiant. On commence par une lecture g\u00e9n\u00e9rale des livres logosophiques afin d\u2019avoir une id\u00e9e d\u2019ensemble de la conception qui les inspire. Vient ensuite l\u2019\u00e9tude minutieuse des points d\u2019\u00e9tude compris dans le programme, avec des indications pr\u00e9cises au sujet de la r\u00e9alisation logosophique. \u00c0 mesure que l\u2019on avance dans la lecture et l\u2019approfondissement des th\u00e8mes, chacun se demandera ce qu\u2019il a compris et le notera. Cet aspect du processus repr\u00e9sente une documentation, une sorte de guide de soi-m\u00eame, et contribue aussi, avec grande efficacit\u00e9, \u00e0 \u00e9claircir les id\u00e9es et les concepts.<\/span><\/p>\n<p class=\"p1\"><span class=\"s1\"><em>2) Deuxi\u00e8me \u00e9tape:<\/em> Se caract\u00e9rise par une plus grande concentration \u00e0 l\u2019\u00e9tude en vue de la formation consciente, surveillant les oscillations temp\u00e9ramentales du caract\u00e8re, les facteurs d\u2019interf\u00e9rence, etc. \u00c0 l\u2019enseignement trait\u00e9 plus \u00e0 fond s\u2019ajoute cette fois son application \u00e0 la vie dans des domaines vari\u00e9s, o\u00f9 chacun r\u00e9alise ses activit\u00e9s quotidiennes.<\/span><\/p>\n<p class=\"p1\"><span class=\"s1\"><em>3) Troisi\u00e8me \u00e9tape:<\/em> Compl\u00e8te le cycle et comprend la ma\u00eetrise de connaissances et la cr\u00e9ation de nouvelles aptitudes qui seront employ\u00e9es en faveur du processus individuel d\u2019\u00e9volution consciente. On comprendra sans difficult\u00e9 que la maturit\u00e9 logosophique est atteinte lorsque, apr\u00e8s l\u2019apprentissage technique, on \u00e9labore des compr\u00e9hensions de bases d\u00e9riv\u00e9es des enseignements, que l\u2019on porte ensuite au champ exp\u00e9rimental de sa propre vie. La r\u00e9ussite dans l\u2019application transforme l\u2019enseignement en connaissance.<\/span><\/p>\n<p class=\"p1\"><span class=\"s1\">La m\u00e9thode logosophique prescrit comme compl\u00e9ment d\u2019\u00e9tude et pratique de l\u2019enseignement logosophique accompli individuellement son \u00e9tude et pratique collectives. La confrontation des interpr\u00e9tations ou de la compr\u00e9hension des enseignements que chacun aura pu faire, entre tous ceux qui \u00e9tudient la Logosophie et se trouvent plus ou moins au m\u00eame niveau des recherches permet de v\u00e9rifier si tous les aspects, au moins les plus accessibles du point \u00e9tudi\u00e9, ont \u00e9t\u00e9 per\u00e7us par l\u2019intelligence. Il en r\u00e9sulte que, jusqu\u2019\u00e0 un certain point, l\u2019\u00e9tude individuelle est ins\u00e9parable de l\u2019\u00e9tude en groupe. L\u2019\u00e9tude et la pratique collectives sont r\u00e9alis\u00e9es dans les Centres de Logosophie cr\u00e9\u00e9s sp\u00e9cialement dans ce dessein.<\/span><\/p>\n<p>[\/et_pb_toggle][et_pb_toggle admin_label=&#8221;Conmutador&#8221; title=&#8221;Combien de temps prend l\u2019\u00e9tude de la Logosophie? D\u00e9cerne-t-on des dipl\u00f4mes? Quelle est la limite d\u2019age?&#8221; open=&#8221;off&#8221; closed_toggle_text_color=&#8221;#0c71c3&#8243; title_font=&#8221;|on|||&#8221; title_line_height=&#8221;1.8em&#8221; use_border_color=&#8221;off&#8221; border_color=&#8221;#ffffff&#8221; border_style=&#8221;solid&#8221; custom_css_toggle_title=&#8221;text-align:center;&#8221; disabled=&#8221;off&#8221;]<\/p>\n<p class=\"p1\"><span class=\"s1\">On n\u2019\u00e9tudie pas la Logosophie en prenant un cours temporaire. C\u2019est une \u00e9tude sans fin. Les deux t\u00e2ches principales \u00e0 r\u00e9aliser sont sans limites: la connaissance de soi et le processus d\u2019\u00e9volution consciente. Chaque pas donn\u00e9 dans chacune de ces t\u00e2ches est un pas de plus vers le surpassement int\u00e9gral et le point de d\u00e9part d\u2019un nouveau travail. Les stimuli offerts par l\u2019\u00e9tude se r\u00e9it\u00e8rent constamment car le fait d\u2019atteindre une meilleure condition psychologique permet de d\u00e9terminer ses intentions chaque fois plus clairement et favorablement.<\/span><\/p>\n<p class=\"p1\"><span class=\"s1\">L\u2019\u00e9tude de sa propre vie n\u2019offre ni ne requiert titre ou dipl\u00f4me, c\u2019est un enseignement infini. \u00c0 l\u2019\u00c9cole de Logosophie tous sont des \u00e9tudiants engag\u00e9s dans la r\u00e9alisation d\u2019un processus interne qui permet de se conna\u00eetre soi-m\u00eame et d\u2019\u00e9voluer consciemment.<\/span><\/p>\n<p class=\"p1\"><span class=\"s1\">Il n\u2019y a aucune limite d\u2019\u00e2ge pour commencer l\u2019\u00e9tude de la Logosophie. Des personnes de tout \u00e2ge fr\u00e9quentent l\u2019\u00e9cole. Plus l\u2019individu d\u00e9bute t\u00f4t les \u00e9tudes logosophiques, meilleurs et plus rapides seront les r\u00e9sultats obtenus.<\/span><\/p>\n<p>[\/et_pb_toggle][et_pb_toggle admin_label=&#8221;Conmutador&#8221; title=&#8221;Comment contacter la Fondation Logosophique?&#8221; open=&#8221;off&#8221; closed_toggle_text_color=&#8221;#0c71c3&#8243; title_font=&#8221;|on|||&#8221; title_line_height=&#8221;1.8em&#8221; use_border_color=&#8221;off&#8221; border_color=&#8221;#ffffff&#8221; border_style=&#8221;solid&#8221; custom_css_toggle_title=&#8221;text-align:center;||&#8221; disabled=&#8221;off&#8221;]<\/p>\n<p class=\"p1\"><span class=\"s1\">Pour toute information au sujet de la Logosophie, vous pouvez entrer en contact avec l\u2019une des \u00c9coles de Logosophie diss\u00e9min\u00e9es de par le monde. Ces \u00e9coles sont toutes affili\u00e9es \u00e0 la Fondation Logosophique.<\/span><\/p>\n<p class=\"p1\"><span class=\"s1\">Certains pays poss\u00e8dent une&nbsp;<a href=\"..\/contact-fr\"><span class=\"s2\">adresse Internet de la Fondation Logosophique locale<\/span><\/a>&nbsp;o\u00f9 vous trouverez la localisation, et l\u2019adresse des \u00e9coles du pays.<\/span><\/p>\n<p class=\"p1\"><span class=\"s1\">Il vous est \u00e9galement possible de participer \u00e0 certaines activit\u00e9s ouvertes au public et vous pouvez consulter sur le site, ou sur n\u2019importe quel site sp\u00e9cifique de Logosophie, la programmation offerte ou m\u00eame envoyer directement un courriel \u00e0 l\u2019\u00e9cole que vous aimeriez visiter.<\/span><\/p>\n<p class=\"p1\"><span class=\"s1\">Au cas o\u00f9 votre pays ne se trouverait pas sur la liste du site ou que vous n\u2019ayez pas de courriel, veuillez utiliser le formulaire de&nbsp;<a href=\"..\/contact-fr\"><span class=\"s3\">Contact<\/span><\/a>&nbsp;et nous \u00e9crire. La commission de diffusion internationale prendra en charge votre message et vous fera parvenir toutes les informations disponibles dans le pays de votre choix.<\/span><\/p>\n<p>[\/et_pb_toggle][et_pb_toggle admin_label=&#8221;Conmutador&#8221; title=&#8221;Quelle est la diff\u00e9rence entre la Logosophie et la Psychologie, la Philosophie et les id\u00e9ologies politiques?&#8221; open=&#8221;off&#8221; closed_toggle_text_color=&#8221;#0c71c3&#8243; title_font=&#8221;|on|||&#8221; title_line_height=&#8221;1.8em&#8221; use_border_color=&#8221;off&#8221; border_color=&#8221;#ffffff&#8221; border_style=&#8221;solid&#8221; custom_css_toggle_title=&#8221;text-align:center;&#8221; disabled=&#8221;off&#8221;]<\/p>\n<p class=\"p1\"><span class=\"s1\">L\u2019\u00e9tude logosophique diff\u00e8re de l\u2019ordinaire en ce sens qu\u2019elle est men\u00e9e consciemment \u00e0 effet, c\u2019est-\u00e0-dire avec la participation active de la conscience et la d\u00e9termination bien d\u00e9finie de la faire servir au perfectionnement des qualit\u00e9s et des excellences psychologiques de l\u2019\u00eatre. Cette \u00e9tude achemine l\u2019homme vers une r\u00e9alisation sup\u00e9rieure qui embrasse toute la vie, ce dont personne n\u2019aura jamais \u00e0 se repentir. Elle diff\u00e8re des \u00e9tudes courantes en ce sens qu\u2019elle est dirig\u00e9e ver l\u2019interne de l\u2019\u00eatre, alors que les autres sont utilis\u00e9es ext\u00e9rieurement et que leur application est extra individuelle.<\/span><\/p>\n<p class=\"p1\"><span class=\"s1\">Le savoir logosophique n\u2019a de point en commun avec aucune branche du savoir courant. La science logosophique, unique en son genre et dans ses projections, fonde ses connaissances sur des v\u00e9rit\u00e9s indiscutables et des faits irr\u00e9futables. C\u2019est la raison pour laquelle elle rejette toute hypoth\u00e8se. Elle ne th\u00e9orise pas non plus, n\u2019ayant absolument aucun besoin de ce recours pour exposer ses buts. En outre, nos affirmations sont v\u00e9rifi\u00e9es chaque jour par tous ceux qui, depuis des ann\u00e9es, cultivent la Logosophie pour leur plus grand profit.<\/span><\/p>\n<p class=\"p1\"><span class=\"s1\">La Logosophie n\u2019expose pas de probl\u00e8mes, elle les r\u00e9sout individuellement, car chaque homme est une entit\u00e9 individuelle qui a besoin de r\u00e9soudre ses propres probl\u00e8mes. Ainsi, la personne se met en condition pour pouvoir aider d\u2019autres individus \u00e0 r\u00e9soudre seuls leurs propres soucis.<\/span><\/p>\n<p>[\/et_pb_toggle][et_pb_toggle admin_label=&#8221;Conmutador&#8221; title=&#8221;La Logosophie est-elle une religion?&#8221; open=&#8221;off&#8221; closed_toggle_text_color=&#8221;#0c71c3&#8243; title_font=&#8221;|on|||&#8221; title_line_height=&#8221;1.8em&#8221; use_border_color=&#8221;off&#8221; border_color=&#8221;#ffffff&#8221; border_style=&#8221;solid&#8221; custom_css_toggle_title=&#8221;text-align:center;&#8221; disabled=&#8221;off&#8221;]<\/p>\n<p class=\"p1\"><span class=\"s1\">La Logosophie n\u2019est pas une religion. C\u2019est une science originale qui m\u00e8ne au savoir en substituant la croyance par la pens\u00e9e et aide \u00e0 penser e \u00e0 sentir en toute libert\u00e9, permettant la suppression des blocages mentaux si nocifs au d\u00e9veloppement spirituel et \u00e9volutif de l\u2019\u00eatre humain.<\/span><\/p>\n<p class=\"p1\"><span class=\"s1\">La Logosophie recommande de ne croire, ni d\u2019accepter aveugl\u00e9ment ce que l\u2019on \u00e9tudie, m\u00eame si les affirmations paraissent exactes et incontestables. Ce qui veut dire que seuls l\u2019exp\u00e9rimentation et l\u2019approbation sont les bases sures qui m\u00e8nent \u00e0 la connaissance. Chacun doit donc v\u00e9rifier par lui-m\u00eame ce qu\u2019il accepte comme v\u00e9rit\u00e9s et cela n\u2019est possible qu\u2019en l\u2019exp\u00e9rimentant dans sa vie personnelle.<\/span><\/p>\n<p>[\/et_pb_toggle][\/et_pb_column][et_pb_column type=&#8221;1_4&#8243;][et_pb_image admin_label=&#8221;Imagen&#8221; src=&#8221;https:\/\/logosophy.info\/wp-content\/uploads\/2018\/03\/fl_banner-estudia-logosofia_FR.png&#8221; show_in_lightbox=&#8221;off&#8221; url_new_window=&#8221;off&#8221; use_overlay=&#8221;off&#8221; animation=&#8221;off&#8221; sticky=&#8221;off&#8221; align=&#8221;left&#8221; force_fullwidth=&#8221;off&#8221; always_center_on_mobile=&#8221;on&#8221; use_border_color=&#8221;off&#8221; border_color=&#8221;#ffffff&#8221; border_style=&#8221;solid&#8221; disabled=&#8221;off&#8221; url=&#8221;https:\/\/logosophy.info\/fr\/etudier-la-logosophie\/&#8221;]<\/p>\n<p>[\/et_pb_image][\/et_pb_column][\/et_pb_row][\/et_pb_section]<\/p>\n","protected":false},"excerpt":{"rendered":"<p>[et_pb_section admin_label=&#8221;section&#8221; background_image=&#8221;https:\/\/logosophy.info\/wp-content\/uploads\/2017\/07\/Imagenes-pasadores-FL-Internacional-Preguntas-frecuentes.jpg&#8221; transparent_background=&#8221;off&#8221; allow_player_pause=&#8221;off&#8221; inner_shadow=&#8221;off&#8221; parallax=&#8221;off&#8221; parallax_method=&#8221;on&#8221; custom_padding=&#8221;200px|||&#8221; padding_mobile=&#8221;off&#8221; make_fullwidth=&#8221;off&#8221; use_custom_width=&#8221;off&#8221; width_unit=&#8221;off&#8221; custom_width_px=&#8221;1080px&#8221; custom_width_percent=&#8221;80%&#8221; make_equal=&#8221;off&#8221; use_custom_gutter=&#8221;off&#8221; fullwidth=&#8221;on&#8221; specialty=&#8221;off&#8221; custom_css_main_element=&#8221;height:250px;&#8221; disabled=&#8221;off&#8221;][et_pb_fullwidth_header admin_label=&#8221;T\u00edtulo de anchura completa&#8221; background_layout=&#8221;dark&#8221; text_orientation=&#8221;center&#8221; header_fullscreen=&#8221;off&#8221; header_scroll_down=&#8221;off&#8221; scroll_down_icon=&#8221;%%3%%&#8221; parallax=&#8221;off&#8221; parallax_method=&#8221;off&#8221; content_orientation=&#8221;center&#8221; image_orientation=&#8221;center&#8221; title_font_size=&#8221;30px&#8221; content_font_size=&#8221;14px&#8221; custom_button_one=&#8221;off&#8221; button_one_text_size=&#8221;18&#8243; button_one_use_icon=&#8221;on&#8221; button_one_icon_placement=&#8221;right&#8221; button_one_on_hover=&#8221;on&#8221; button_one_letter_spacing_hover=&#8221;0&#8243; custom_button_two=&#8221;off&#8221; button_two_text_size=&#8221;18&#8243; button_two_use_icon=&#8221;on&#8221; button_two_icon_placement=&#8221;right&#8221; button_two_on_hover=&#8221;on&#8221; button_two_letter_spacing_hover=&#8221;0&#8243; disabled=&#8221;off&#8221;] [\/et_pb_fullwidth_header][\/et_pb_section][et_pb_section admin_label=&#8221;section&#8221; transparent_background=&#8221;off&#8221; background_color=&#8221;rgba(255,255,255,0.26)&#8221; allow_player_pause=&#8221;off&#8221; inner_shadow=&#8221;off&#8221; [&hellip;]<\/p>\n","protected":false},"author":4,"featured_media":0,"parent":0,"menu_order":0,"comment_status":"closed","ping_status":"closed","template":"","meta":{"footnotes":""},"class_list":["post-996","page","type-page","status-publish","hentry"],"yoast_head":"<!-- This site is optimized with the Yoast SEO plugin v16.1.1 - https:\/\/yoast.com\/wordpress\/plugins\/seo\/ -->\n<title>Questions Fr\u00e9quentes - Logosophy<\/title>\n<link rel=\"canonical\" href=\"https:\/\/logosophy.info\/?page_id=996&#038;lang=fr\" \/>\n<meta property=\"og:locale\" content=\"pt_BR\" \/>\n<meta property=\"og:type\" content=\"article\" \/>\n<meta property=\"og:title\" content=\"Questions Fr\u00e9quentes - Logosophy\" \/>\n<meta property=\"og:description\" content=\"[et_pb_section admin_label=&#8221;section&#8221; background_image=&#8221;https:\/\/logosophy.info\/wp-content\/uploads\/2017\/07\/Imagenes-pasadores-FL-Internacional-Preguntas-frecuentes.jpg&#8221; transparent_background=&#8221;off&#8221; allow_player_pause=&#8221;off&#8221; inner_shadow=&#8221;off&#8221; parallax=&#8221;off&#8221; parallax_method=&#8221;on&#8221; custom_padding=&#8221;200px|||&#8221; padding_mobile=&#8221;off&#8221; make_fullwidth=&#8221;off&#8221; use_custom_width=&#8221;off&#8221; width_unit=&#8221;off&#8221; custom_width_px=&#8221;1080px&#8221; custom_width_percent=&#8221;80%&#8221; make_equal=&#8221;off&#8221; use_custom_gutter=&#8221;off&#8221; fullwidth=&#8221;on&#8221; specialty=&#8221;off&#8221; custom_css_main_element=&#8221;height:250px;&#8221; disabled=&#8221;off&#8221;][et_pb_fullwidth_header admin_label=&#8221;T\u00edtulo de anchura completa&#8221; background_layout=&#8221;dark&#8221; text_orientation=&#8221;center&#8221; header_fullscreen=&#8221;off&#8221; header_scroll_down=&#8221;off&#8221; scroll_down_icon=&#8221;&#8221; parallax=&#8221;off&#8221; parallax_method=&#8221;off&#8221; content_orientation=&#8221;center&#8221; image_orientation=&#8221;center&#8221; title_font_size=&#8221;30px&#8221; content_font_size=&#8221;14px&#8221; custom_button_one=&#8221;off&#8221; button_one_text_size=&#8221;18&#8243; button_one_use_icon=&#8221;on&#8221; button_one_icon_placement=&#8221;right&#8221; button_one_on_hover=&#8221;on&#8221; button_one_letter_spacing_hover=&#8221;0&#8243; custom_button_two=&#8221;off&#8221; button_two_text_size=&#8221;18&#8243; button_two_use_icon=&#8221;on&#8221; button_two_icon_placement=&#8221;right&#8221; button_two_on_hover=&#8221;on&#8221; button_two_letter_spacing_hover=&#8221;0&#8243; disabled=&#8221;off&#8221;] [\/et_pb_fullwidth_header][\/et_pb_section][et_pb_section admin_label=&#8221;section&#8221; transparent_background=&#8221;off&#8221; background_color=&#8221;rgba(255,255,255,0.26)&#8221; allow_player_pause=&#8221;off&#8221; inner_shadow=&#8221;off&#8221; [&hellip;]\" \/>\n<meta property=\"og:url\" content=\"https:\/\/logosophy.info\/?page_id=996&amp;lang=fr\" \/>\n<meta property=\"og:site_name\" content=\"Logosophy\" \/>\n<meta property=\"article:publisher\" content=\"https:\/\/www.facebook.com\/Logosof%c3%ada-Europa-100169344799531\" \/>\n<meta property=\"article:modified_time\" content=\"2018-05-24T13:45:20+00:00\" \/>\n<meta name=\"twitter:card\" content=\"summary_large_image\" \/>\n<meta name=\"twitter:site\" content=\"@logosophy\" \/>\n<meta name=\"twitter:label1\" content=\"Est. tempo de leitura\">\n\t<meta name=\"twitter:data1\" content=\"9 minutos\">\n<script type=\"application\/ld+json\" class=\"yoast-schema-graph\">{\"@context\":\"https:\/\/schema.org\",\"@graph\":[{\"@type\":\"WebSite\",\"@id\":\"https:\/\/logosophy.info\/es\/#website\",\"url\":\"https:\/\/logosophy.info\/es\/\",\"name\":\"Logosophy\",\"description\":\"Sitio web internacional de Logosof\\u00eda Internacional, ciencia de la Evoluci\\u00f3n Consciente\",\"potentialAction\":[{\"@type\":\"SearchAction\",\"target\":\"https:\/\/logosophy.info\/es\/?s={search_term_string}\",\"query-input\":\"required name=search_term_string\"}],\"inLanguage\":\"pt-BR\"},{\"@type\":\"WebPage\",\"@id\":\"https:\/\/logosophy.info\/?page_id=996&lang=fr#webpage\",\"url\":\"https:\/\/logosophy.info\/?page_id=996&lang=fr\",\"name\":\"Questions Fr\\u00e9quentes - Logosophy\",\"isPartOf\":{\"@id\":\"https:\/\/logosophy.info\/es\/#website\"},\"datePublished\":\"2018-03-27T16:16:27+00:00\",\"dateModified\":\"2018-05-24T13:45:20+00:00\",\"breadcrumb\":{\"@id\":\"https:\/\/logosophy.info\/?page_id=996&lang=fr#breadcrumb\"},\"inLanguage\":\"pt-BR\",\"potentialAction\":[{\"@type\":\"ReadAction\",\"target\":[\"https:\/\/logosophy.info\/?page_id=996&lang=fr\"]}]},{\"@type\":\"BreadcrumbList\",\"@id\":\"https:\/\/logosophy.info\/?page_id=996&lang=fr#breadcrumb\",\"itemListElement\":[{\"@type\":\"ListItem\",\"position\":1,\"item\":{\"@type\":\"WebPage\",\"@id\":\"https:\/\/logosophy.info\/?lang=pt\",\"url\":\"https:\/\/logosophy.info\/?lang=pt\",\"name\":\"Portada\"}},{\"@type\":\"ListItem\",\"position\":2,\"item\":{\"@type\":\"WebPage\",\"@id\":\"https:\/\/logosophy.info\/?page_id=996&lang=fr\",\"url\":\"https:\/\/logosophy.info\/?page_id=996&lang=fr\",\"name\":\"Questions Fr\\u00e9quentes\"}}]}]}<\/script>\n<!-- \/ Yoast SEO plugin. -->","_links":{"self":[{"href":"https:\/\/logosophy.info\/index.php?rest_route=\/wp\/v2\/pages\/996","targetHints":{"allow":["GET"]}}],"collection":[{"href":"https:\/\/logosophy.info\/index.php?rest_route=\/wp\/v2\/pages"}],"about":[{"href":"https:\/\/logosophy.info\/index.php?rest_route=\/wp\/v2\/types\/page"}],"author":[{"embeddable":true,"href":"https:\/\/logosophy.info\/index.php?rest_route=\/wp\/v2\/users\/4"}],"replies":[{"embeddable":true,"href":"https:\/\/logosophy.info\/index.php?rest_route=%2Fwp%2Fv2%2Fcomments&post=996"}],"version-history":[{"count":6,"href":"https:\/\/logosophy.info\/index.php?rest_route=\/wp\/v2\/pages\/996\/revisions"}],"predecessor-version":[{"id":1511,"href":"https:\/\/logosophy.info\/index.php?rest_route=\/wp\/v2\/pages\/996\/revisions\/1511"}],"wp:attachment":[{"href":"https:\/\/logosophy.info\/index.php?rest_route=%2Fwp%2Fv2%2Fmedia&parent=996"}],"curies":[{"name":"wp","href":"https:\/\/api.w.org\/{rel}","templated":true}]}}