{"id":837,"date":"2018-03-26T11:07:04","date_gmt":"2018-03-26T14:07:04","guid":{"rendered":"https:\/\/logosophy.info\/?page_id=837"},"modified":"2018-05-24T10:43:47","modified_gmt":"2018-05-24T13:43:47","slug":"domande-frequenti","status":"publish","type":"page","link":"https:\/\/logosophy.info\/?page_id=837&lang=it","title":{"rendered":"Domande Frequenti"},"content":{"rendered":"<p>[et_pb_section admin_label=&#8221;section&#8221; background_image=&#8221;https:\/\/logosophy.info\/wp-content\/uploads\/2017\/07\/Imagenes-pasadores-FL-Internacional-Preguntas-frecuentes.jpg&#8221; transparent_background=&#8221;off&#8221; allow_player_pause=&#8221;off&#8221; inner_shadow=&#8221;off&#8221; parallax=&#8221;off&#8221; parallax_method=&#8221;on&#8221; custom_padding=&#8221;200px|||&#8221; padding_mobile=&#8221;off&#8221; make_fullwidth=&#8221;off&#8221; use_custom_width=&#8221;off&#8221; width_unit=&#8221;off&#8221; custom_width_px=&#8221;1080px&#8221; custom_width_percent=&#8221;80%&#8221; make_equal=&#8221;off&#8221; use_custom_gutter=&#8221;off&#8221; fullwidth=&#8221;on&#8221; specialty=&#8221;off&#8221; custom_css_main_element=&#8221;height:250px;&#8221; disabled=&#8221;off&#8221;][et_pb_fullwidth_header admin_label=&#8221;T\u00edtulo de anchura completa&#8221; background_layout=&#8221;dark&#8221; text_orientation=&#8221;center&#8221; header_fullscreen=&#8221;off&#8221; header_scroll_down=&#8221;off&#8221; scroll_down_icon=&#8221;%%3%%&#8221; parallax=&#8221;off&#8221; parallax_method=&#8221;off&#8221; content_orientation=&#8221;center&#8221; image_orientation=&#8221;center&#8221; title_font_size=&#8221;30px&#8221; content_font_size=&#8221;14px&#8221; custom_button_one=&#8221;off&#8221; button_one_text_size=&#8221;18&#8243; button_one_use_icon=&#8221;on&#8221; button_one_icon_placement=&#8221;right&#8221; button_one_on_hover=&#8221;on&#8221; button_one_letter_spacing_hover=&#8221;0&#8243; custom_button_two=&#8221;off&#8221; button_two_text_size=&#8221;18&#8243; button_two_use_icon=&#8221;on&#8221; button_two_icon_placement=&#8221;right&#8221; button_two_on_hover=&#8221;on&#8221; button_two_letter_spacing_hover=&#8221;0&#8243; disabled=&#8221;off&#8221;]<\/p>\n<p>[\/et_pb_fullwidth_header][\/et_pb_section][et_pb_section admin_label=&#8221;section&#8221; transparent_background=&#8221;off&#8221; background_color=&#8221;rgba(255,255,255,0.26)&#8221; allow_player_pause=&#8221;off&#8221; inner_shadow=&#8221;off&#8221; parallax=&#8221;off&#8221; parallax_method=&#8221;on&#8221; padding_mobile=&#8221;off&#8221; make_fullwidth=&#8221;off&#8221; use_custom_width=&#8221;off&#8221; width_unit=&#8221;off&#8221; make_equal=&#8221;off&#8221; use_custom_gutter=&#8221;off&#8221; fullwidth=&#8221;off&#8221; specialty=&#8221;off&#8221; disabled=&#8221;off&#8221;][et_pb_row admin_label=&#8221;Fila&#8221;][et_pb_column type=&#8221;4_4&#8243;][et_pb_text admin_label=&#8221;Texto&#8221; background_layout=&#8221;light&#8221; text_orientation=&#8221;left&#8221; use_border_color=&#8221;off&#8221; border_color=&#8221;#ffffff&#8221; border_style=&#8221;solid&#8221;]<\/p>\n<h1 style=\"text-align: left;\">DOMANDE FREQUENTI<\/h1>\n<p>[\/et_pb_text][\/et_pb_column][\/et_pb_row][et_pb_row admin_label=&#8221;row&#8221; make_fullwidth=&#8221;off&#8221; use_custom_width=&#8221;off&#8221; width_unit=&#8221;off&#8221; custom_width_px=&#8221;1000px&#8221; custom_width_percent=&#8221;48%&#8221; use_custom_gutter=&#8221;off&#8221; gutter_width=&#8221;3&#8243; padding_mobile=&#8221;off&#8221; allow_player_pause=&#8221;off&#8221; parallax=&#8221;off&#8221; parallax_method=&#8221;on&#8221; make_equal=&#8221;off&#8221; column_padding_mobile=&#8221;on&#8221; parallax_1=&#8221;off&#8221; parallax_method_1=&#8221;on&#8221; parallax_2=&#8221;off&#8221; parallax_method_2=&#8221;on&#8221; parallax_3=&#8221;off&#8221; parallax_method_3=&#8221;on&#8221; parallax_4=&#8221;off&#8221; parallax_method_4=&#8221;on&#8221; custom_css_main_element=&#8221;text-align:justify&#8221; disabled=&#8221;off&#8221;][et_pb_column type=&#8221;3_4&#8243;][et_pb_toggle admin_label=&#8221;Conmutador&#8221; title=&#8221;Come si studia Logosofia?&#8221; open=&#8221;off&#8221; closed_toggle_text_color=&#8221;#0c71c3&#8243; title_font=&#8221;|on|||&#8221; title_line_height=&#8221;1.8em&#8221; use_border_color=&#8221;off&#8221; border_color=&#8221;#ffffff&#8221; border_style=&#8221;solid&#8221; custom_css_toggle_title=&#8221;text-align:center&#8221; disabled=&#8221;off&#8221;]<\/p>\n<p><span style=\"font-weight: 400;\">Si studia e si pratica la Logosofia seguendo il metodo stabilito dalla stessa. Tale metodo, psicodinamico, prescrive lo studio e la pratica dell\u2019insegnamento logosofico da compiere individualmente, ed a suo complemento, lo studio e la pratica nel collettivo.<\/span><\/p>\n<p><span style=\"font-weight: 400;\">Lo studio e la pratica individuale comprendono tre tappe che si estendono lungo tutta la vita, ripetendosi in progressione ascendente. Le fasi iniziali sono in specifico le seguenti:<\/span><\/p>\n<p><span style=\"font-weight: 400;\">1)&nbsp;<\/span><i><span style=\"font-weight: 400;\">1) Prima tappa:<\/span><\/i><span style=\"font-weight: 400;\"> comprende lo studio interpretativo dei temi che compongono il programma di studio, senza escluderne altri relativi a interessi specifici dello studente. Si comincia con un ripasso generale dei libri logosofici, al fine di ottenere un\u2019idea d\u2019insieme della concezione che li ispira. Segue poi lo studio minuzioso dei punti contenuti nel programma, con indicazioni precise in merito alla realizzazione logosofica. Man mano che si procede nella lettura e nell\u2019approfondimento dei temi, ognuno si chieder\u00e0 cosa ha capito e ne prender\u00e0 nota. Tale esercizio \u00e8 fortemente raccomandato, poich\u00e9 consente di assemblare i passi progressivamente percorsi nella comprensione dei valori che ogni conoscenza contiene. Questo aspetto de processo si presenta come una sorta di guida di se stessi, contribuendo con grande efficacia a chiarire idee e concetti.<\/span><\/p>\n<p><span style=\"font-weight: 400;\">2)&nbsp;<\/span><i><span style=\"font-weight: 400;\">2) Seconda tappa:<\/span><\/i><span style=\"font-weight: 400;\"> \u00e8 caratterizzata da una maggiore applicazione nello studio, in funzione della formazione cosciente, vigilando le oscillazioni del temperamento, i fattori che incidono su queste, ecc. L\u2019insegnamento \u00e8 maggiormente approfondito, sommando all\u2019addestramento la sua applicazione alla vita reale nei vari e diversi settori nei quali ognuno realizza le proprie attivit\u00e0 quotidiane.<\/span><\/p>\n<p><span style=\"font-weight: 400;\">3)&nbsp;<\/span><i><span style=\"font-weight: 400;\">3) Terza tappa:<\/span><\/i><span style=\"font-weight: 400;\"> completa il ciclo e comprende il dominio delle conoscenze e la creazione di nuove capacit\u00e0 che verranno impiegate a favore del processo individuale d\u2019evoluzione cosciente. Saremo quindi in grado di comprendere che la maturit\u00e0 logosofica \u00e8 raggiunta allorch\u00e9, in seguito all\u2019apprendimento tecnico, si elaborano le comprensioni di base degli insegnamenti che si applicano al campo sperimentale della propria vita. Il successo dell\u2019applicazione trasforma l\u2019insegnamento in conoscenza.<\/span><\/p>\n<p><span style=\"font-weight: 400;\">Abbiamo detto prima che il nostro metodo prescrive, come complemento di studio e pratica dell\u2019insegnamento logosofico da compiere individualmente, lo studio e la pratica collettiva. Il confronto delle interpretazioni o della comprensione degli insegnamenti, che ognuno avr\u00e0 potuto fare insieme a coloro che studiano logosofia e si trovano pi\u00f9 o meno agli stessi livelli nei relativi studi, permette di verificare se tutti gli aspetti \u2013 o almeno i pi\u00f9 accessibili \u2013 dell\u2019assunto studiato siano stati percepiti dall\u2019 intelligenza. Da ci\u00f2 risulta che fino ad un certo punto lo studio individuale sia inseparabile da quello collettivo.<\/span><\/p>\n<p>[\/et_pb_toggle][et_pb_toggle admin_label=&#8221;Conmutador&#8221; title=&#8221;Qual\u2019\u00e8 la durata degli studi logosofici? Ci sono gradi o titoli da raggiungere? Ci sono requisiti di et\u00e0 per iniziare gli studi?&#8221; open=&#8221;off&#8221; closed_toggle_text_color=&#8221;#0c71c3&#8243; title_font=&#8221;|on|||&#8221; title_line_height=&#8221;1.8em&#8221; use_border_color=&#8221;off&#8221; border_color=&#8221;#ffffff&#8221; border_style=&#8221;solid&#8221; custom_css_toggle_title=&#8221;text-align:center;&#8221; disabled=&#8221;off&#8221;]<\/p>\n<p><span style=\"font-weight: 400;\">Studiare logosofia non \u00e8 soltanto fare un corso con una determinata scadenza. Questo corso non finisce. I due compiti principali che si realizzano, la conoscenza di se stesso e il processo d\u2019evoluzione cosciente, sono illimitati. Ogni passo realizzato in entrambi compiti \u00e8 un grado in pi\u00f9 che si ottiene nella strada della superazione integrale ed \u00e8 anche un punto di partenza per un nuovo aspetto da scoprire. Gli stimoli che presentano lo studio si rinnovano costantemente, giacch\u00e9 quando si raggiunge una nuova condizione psicologica si \u00e8 in grado di stabilire altri propositi ogni volta pi\u00f9 chiari e felici.<\/span><\/p>\n<p><span style=\"font-weight: 400;\">Siccome si tratta dello studio della propria vita, \u00e8 illimitato e non offre titoli nemmeno richiede altrettanti per il suo studio. Nei centri di studio di Logosofia, tutti gli studenti sono impegnati nella realizzazione del processo interno che permette di conoscere se stesso ed evoluire coscientemente.<\/span><\/p>\n<p><span style=\"font-weight: 400;\">Non c\u2019\u00e8 un limite d\u2019et\u00e0 per poter cominciare con gli studi logosofici. Nei centri di studi, persone di tutte le et\u00e0 partecipano delle diverse attivit\u00e0. Come in qualsiasi altro studio oppure attivit\u00e0, il pi\u00f9 presto che inizi a praticare, migliori e pi\u00f9 veloci saranno i benefici ottenuti.<\/span><\/p>\n<p>[\/et_pb_toggle][et_pb_toggle admin_label=&#8221;Conmutador&#8221; title=&#8221;Come mettermi in contatto con la Logosofia?&#8221; open=&#8221;off&#8221; closed_toggle_text_color=&#8221;#0c71c3&#8243; title_font=&#8221;|on|||&#8221; title_line_height=&#8221;1.8em&#8221; use_border_color=&#8221;off&#8221; border_color=&#8221;#ffffff&#8221; border_style=&#8221;solid&#8221; custom_css_toggle_title=&#8221;text-align:center;||&#8221; disabled=&#8221;off&#8221;]<\/p>\n<p><span style=\"font-weight: 400;\">Con lo scopo di saperne di pi\u00f9 sulla Logosofia ed avere un concetto pi\u00f9 ampio di cos\u2019\u00e8 questa scienza, si pu\u00f2 contattare uno dei diversi centri di studi logosofici mantenuti dalle Fondazione Logosofiche per tutto il mondo.<\/span> <span style=\"font-weight: 400;\"> Nella voce <a href=\"..\/centri-culturali\">Centri Culturali<\/a><\/span><span style=\"font-weight: 400;\">&nbsp;, si pu\u00f2 identificare il luogo, l\u2019indirizzo e i dati per contattare i principali centri di studi logosofici nel mondo. Alcuni paesi contano anche con un sito della Fondazione Logosofica locale, che pu\u00f2 fornire la localizzazione dei diversi centri di studio del paese.<\/span> <span style=\"font-weight: 400;\">\u00c8 anche interessante partecipare di qualche attivit\u00e0 aperta al pubblico, realizzate nei centri di studi logosofici. La programmazione delle attivit\u00e0 pu\u00f2 essere verificata in questo sito o ancora nei siti especifici della Fondazione Logosofica di ciascun paese, oppure mandando un\u2019 email direttamente al centro di studio che si vuole visitare.<\/span> <span style=\"font-weight: 400;\">Nel caso in cui il suo paese non si trovi nella lista di questo sito o non ci sia nemmeno un\u00b4email di contatto, La preghiamo di compilare la voce <a href=\"..\/contatto\">Contatto<\/a> e scriverci. C\u2019\u00e8 una commissione di divulgazione internazionale che potr\u00e0 risponderLa e spedirLe ulteriore informazioni sulla Logosofia in qualsiasi paese si trovi.<\/span><\/p>\n<p>[\/et_pb_toggle][et_pb_toggle admin_label=&#8221;Conmutador&#8221; title=&#8221;Qual\u2019\u00e8 la differenza tra la Logosofia, la Piscologia, la Filosofia e le ideologie politiche?&#8221; open=&#8221;off&#8221; closed_toggle_text_color=&#8221;#0c71c3&#8243; title_font=&#8221;|on|||&#8221; title_line_height=&#8221;1.8em&#8221; use_border_color=&#8221;off&#8221; border_color=&#8221;#ffffff&#8221; border_style=&#8221;solid&#8221; custom_css_toggle_title=&#8221;text-align:center;&#8221; disabled=&#8221;off&#8221;]<\/p>\n<p><span style=\"font-weight: 400;\">Lo studio logosofico differisce da quello comune nel senso che deve compiersi coscientemente, cio\u00e8 con la partecipazione attiva della coscienza e la determinazione chiara di farlo servire al perfezionamento delle qualit\u00e0 e delle eccellenze psicologiche dell\u2019essere. Incammina l\u2019uomo verso una realizzazione superiore che contempla tutta la vita e della quale nessuno si pentir\u00e0 mai. Differisce dagli studi comuni nel senso che dirige verso l\u2019interno dell\u2019essere, mentre gli altri sono di uso esterno e di applicazione extraindividuale.<\/span><\/p>\n<p><span style=\"font-weight: 400;\">Il sapere logosofico non ha punti di riferimento con nessun ramo del sapere comune, che sia la scienza, filosofia, psicologia, ecc. La scienza logosofica, unica nel suo genere e nelle sue proiezioni, basa le sue conoscenze su verit\u00e0 inconfutabili e fatti indiscutibili; questo \u00e8 il motivo per cui rifiuta qualsiasi ipotesi. E neppure teorizza, non avendo assolutamente bisogno di farne ricorso ai fini della sua esposizione. Inoltre, le nostre affermazioni sono verificate ogni giorno da coloro che da anni coltivano la Logosofia con profitto per la loro vita.<\/span><\/p>\n<p><span style=\"font-weight: 400;\">La logosofia non pone problemi, e s\u00ec li risolve individualmente, perch\u00e8 ogni uomo \u00e8 un\u2019entit\u00e0 individuale che ha bisogno di risolvere i propri problemi, ponendosi con ci\u00f2 in condizioni di aiutare altri a risolvere da soli i problemi che affrontano.<\/span><\/p>\n<p>[\/et_pb_toggle][et_pb_toggle admin_label=&#8221;Conmutador&#8221; title=&#8221;La Logosofia \u00e8 una religione?&#8221; open=&#8221;off&#8221; closed_toggle_text_color=&#8221;#0c71c3&#8243; title_font=&#8221;|on|||&#8221; title_line_height=&#8221;1.8em&#8221; use_border_color=&#8221;off&#8221; border_color=&#8221;#ffffff&#8221; border_style=&#8221;solid&#8221; custom_css_toggle_title=&#8221;text-align:center;&#8221; disabled=&#8221;off&#8221;]<\/p>\n<p><span style=\"font-weight: 400;\">La Logosofia non \u00e8 una religione; \u00e8 una scienza originale che conduce al sapere attraverso la sostituzione del credere per il pensare ed aiuta a farlo ed anche a sentire con libert\u00e0, perch\u00e9 favorisce lo sradicamento delle ostacoli mentali che sono nocive per lo sviluppo spirituale ed evolutivo dell\u2019essere umano.<\/span><\/p>\n<p><span style=\"font-weight: 400;\">La Logosofia sconsiglia credere in tutto quello che si studia nemmeno accettare senza rifletterne, per certe ed indiscutibili che possano sembrare le sue direttive; per cui propone la sperimentazione come base del processo in direzione al sapere. Vuole che ciascun dei suoi cultori siano in grado di comprovare per se stessi le verit\u00e0 che propone l\u2019insegnamento logosofico, e questo diventa possibile soltanto quando si inizia ad introdurre questi nuovi concetti nel campo della sperimentazione.<\/span><\/p>\n<p>[\/et_pb_toggle][\/et_pb_column][et_pb_column type=&#8221;1_4&#8243;][et_pb_image admin_label=&#8221;Imagen&#8221; src=&#8221;https:\/\/logosophy.info\/wp-content\/uploads\/2018\/03\/fl_banner-estudia-logosofia_IT.png&#8221; show_in_lightbox=&#8221;off&#8221; url_new_window=&#8221;off&#8221; use_overlay=&#8221;off&#8221; animation=&#8221;off&#8221; sticky=&#8221;off&#8221; align=&#8221;left&#8221; force_fullwidth=&#8221;off&#8221; always_center_on_mobile=&#8221;on&#8221; use_border_color=&#8221;off&#8221; border_color=&#8221;#ffffff&#8221; border_style=&#8221;solid&#8221; disabled=&#8221;off&#8221; url=&#8221;https:\/\/logosophy.info\/it\/studiare-logosofia\/&#8221;]<\/p>\n<p>[\/et_pb_image][\/et_pb_column][\/et_pb_row][\/et_pb_section]<\/p>\n","protected":false},"excerpt":{"rendered":"<p>[et_pb_section admin_label=&#8221;section&#8221; background_image=&#8221;https:\/\/logosophy.info\/wp-content\/uploads\/2017\/07\/Imagenes-pasadores-FL-Internacional-Preguntas-frecuentes.jpg&#8221; transparent_background=&#8221;off&#8221; allow_player_pause=&#8221;off&#8221; inner_shadow=&#8221;off&#8221; parallax=&#8221;off&#8221; parallax_method=&#8221;on&#8221; custom_padding=&#8221;200px|||&#8221; padding_mobile=&#8221;off&#8221; make_fullwidth=&#8221;off&#8221; use_custom_width=&#8221;off&#8221; width_unit=&#8221;off&#8221; custom_width_px=&#8221;1080px&#8221; custom_width_percent=&#8221;80%&#8221; make_equal=&#8221;off&#8221; use_custom_gutter=&#8221;off&#8221; fullwidth=&#8221;on&#8221; specialty=&#8221;off&#8221; custom_css_main_element=&#8221;height:250px;&#8221; disabled=&#8221;off&#8221;][et_pb_fullwidth_header admin_label=&#8221;T\u00edtulo de anchura completa&#8221; background_layout=&#8221;dark&#8221; text_orientation=&#8221;center&#8221; header_fullscreen=&#8221;off&#8221; header_scroll_down=&#8221;off&#8221; scroll_down_icon=&#8221;%%3%%&#8221; parallax=&#8221;off&#8221; parallax_method=&#8221;off&#8221; content_orientation=&#8221;center&#8221; image_orientation=&#8221;center&#8221; title_font_size=&#8221;30px&#8221; content_font_size=&#8221;14px&#8221; custom_button_one=&#8221;off&#8221; button_one_text_size=&#8221;18&#8243; button_one_use_icon=&#8221;on&#8221; button_one_icon_placement=&#8221;right&#8221; button_one_on_hover=&#8221;on&#8221; button_one_letter_spacing_hover=&#8221;0&#8243; custom_button_two=&#8221;off&#8221; button_two_text_size=&#8221;18&#8243; button_two_use_icon=&#8221;on&#8221; button_two_icon_placement=&#8221;right&#8221; button_two_on_hover=&#8221;on&#8221; button_two_letter_spacing_hover=&#8221;0&#8243; disabled=&#8221;off&#8221;] [\/et_pb_fullwidth_header][\/et_pb_section][et_pb_section admin_label=&#8221;section&#8221; transparent_background=&#8221;off&#8221; background_color=&#8221;rgba(255,255,255,0.26)&#8221; allow_player_pause=&#8221;off&#8221; inner_shadow=&#8221;off&#8221; [&hellip;]<\/p>\n","protected":false},"author":4,"featured_media":0,"parent":0,"menu_order":0,"comment_status":"closed","ping_status":"closed","template":"","meta":{"footnotes":""},"class_list":["post-837","page","type-page","status-publish","hentry"],"yoast_head":"<!-- This site is optimized with the Yoast SEO plugin v16.1.1 - https:\/\/yoast.com\/wordpress\/plugins\/seo\/ -->\n<title>Domande Frequenti - Logosophy<\/title>\n<link rel=\"canonical\" href=\"https:\/\/logosophy.info\/?page_id=837&#038;lang=it\" \/>\n<meta property=\"og:locale\" content=\"pt_BR\" \/>\n<meta property=\"og:type\" content=\"article\" \/>\n<meta property=\"og:title\" content=\"Domande Frequenti - Logosophy\" \/>\n<meta property=\"og:description\" content=\"[et_pb_section admin_label=&#8221;section&#8221; background_image=&#8221;https:\/\/logosophy.info\/wp-content\/uploads\/2017\/07\/Imagenes-pasadores-FL-Internacional-Preguntas-frecuentes.jpg&#8221; transparent_background=&#8221;off&#8221; allow_player_pause=&#8221;off&#8221; inner_shadow=&#8221;off&#8221; parallax=&#8221;off&#8221; parallax_method=&#8221;on&#8221; custom_padding=&#8221;200px|||&#8221; padding_mobile=&#8221;off&#8221; make_fullwidth=&#8221;off&#8221; use_custom_width=&#8221;off&#8221; width_unit=&#8221;off&#8221; custom_width_px=&#8221;1080px&#8221; custom_width_percent=&#8221;80%&#8221; make_equal=&#8221;off&#8221; use_custom_gutter=&#8221;off&#8221; fullwidth=&#8221;on&#8221; specialty=&#8221;off&#8221; custom_css_main_element=&#8221;height:250px;&#8221; disabled=&#8221;off&#8221;][et_pb_fullwidth_header admin_label=&#8221;T\u00edtulo de anchura completa&#8221; background_layout=&#8221;dark&#8221; text_orientation=&#8221;center&#8221; header_fullscreen=&#8221;off&#8221; header_scroll_down=&#8221;off&#8221; scroll_down_icon=&#8221;&#8221; parallax=&#8221;off&#8221; parallax_method=&#8221;off&#8221; content_orientation=&#8221;center&#8221; image_orientation=&#8221;center&#8221; title_font_size=&#8221;30px&#8221; content_font_size=&#8221;14px&#8221; custom_button_one=&#8221;off&#8221; button_one_text_size=&#8221;18&#8243; button_one_use_icon=&#8221;on&#8221; button_one_icon_placement=&#8221;right&#8221; button_one_on_hover=&#8221;on&#8221; button_one_letter_spacing_hover=&#8221;0&#8243; custom_button_two=&#8221;off&#8221; button_two_text_size=&#8221;18&#8243; button_two_use_icon=&#8221;on&#8221; button_two_icon_placement=&#8221;right&#8221; button_two_on_hover=&#8221;on&#8221; button_two_letter_spacing_hover=&#8221;0&#8243; disabled=&#8221;off&#8221;] [\/et_pb_fullwidth_header][\/et_pb_section][et_pb_section admin_label=&#8221;section&#8221; transparent_background=&#8221;off&#8221; background_color=&#8221;rgba(255,255,255,0.26)&#8221; allow_player_pause=&#8221;off&#8221; inner_shadow=&#8221;off&#8221; [&hellip;]\" \/>\n<meta property=\"og:url\" content=\"https:\/\/logosophy.info\/?page_id=837&amp;lang=it\" \/>\n<meta property=\"og:site_name\" content=\"Logosophy\" \/>\n<meta property=\"article:publisher\" content=\"https:\/\/www.facebook.com\/Logosof%c3%ada-Europa-100169344799531\" \/>\n<meta property=\"article:modified_time\" content=\"2018-05-24T13:43:47+00:00\" \/>\n<meta name=\"twitter:card\" content=\"summary_large_image\" \/>\n<meta name=\"twitter:site\" content=\"@logosophy\" \/>\n<meta name=\"twitter:label1\" content=\"Est. tempo de leitura\">\n\t<meta name=\"twitter:data1\" content=\"9 minutos\">\n<script type=\"application\/ld+json\" class=\"yoast-schema-graph\">{\"@context\":\"https:\/\/schema.org\",\"@graph\":[{\"@type\":\"WebSite\",\"@id\":\"https:\/\/logosophy.info\/es\/#website\",\"url\":\"https:\/\/logosophy.info\/es\/\",\"name\":\"Logosophy\",\"description\":\"Sitio web internacional de Logosof\\u00eda Internacional, ciencia de la Evoluci\\u00f3n Consciente\",\"potentialAction\":[{\"@type\":\"SearchAction\",\"target\":\"https:\/\/logosophy.info\/es\/?s={search_term_string}\",\"query-input\":\"required name=search_term_string\"}],\"inLanguage\":\"pt-BR\"},{\"@type\":\"WebPage\",\"@id\":\"https:\/\/logosophy.info\/?page_id=837&lang=it#webpage\",\"url\":\"https:\/\/logosophy.info\/?page_id=837&lang=it\",\"name\":\"Domande Frequenti - Logosophy\",\"isPartOf\":{\"@id\":\"https:\/\/logosophy.info\/es\/#website\"},\"datePublished\":\"2018-03-26T14:07:04+00:00\",\"dateModified\":\"2018-05-24T13:43:47+00:00\",\"breadcrumb\":{\"@id\":\"https:\/\/logosophy.info\/?page_id=837&lang=it#breadcrumb\"},\"inLanguage\":\"pt-BR\",\"potentialAction\":[{\"@type\":\"ReadAction\",\"target\":[\"https:\/\/logosophy.info\/?page_id=837&lang=it\"]}]},{\"@type\":\"BreadcrumbList\",\"@id\":\"https:\/\/logosophy.info\/?page_id=837&lang=it#breadcrumb\",\"itemListElement\":[{\"@type\":\"ListItem\",\"position\":1,\"item\":{\"@type\":\"WebPage\",\"@id\":\"https:\/\/logosophy.info\/?lang=pt\",\"url\":\"https:\/\/logosophy.info\/?lang=pt\",\"name\":\"Portada\"}},{\"@type\":\"ListItem\",\"position\":2,\"item\":{\"@type\":\"WebPage\",\"@id\":\"https:\/\/logosophy.info\/?page_id=837&lang=it\",\"url\":\"https:\/\/logosophy.info\/?page_id=837&lang=it\",\"name\":\"Domande Frequenti\"}}]}]}<\/script>\n<!-- \/ Yoast SEO plugin. -->","_links":{"self":[{"href":"https:\/\/logosophy.info\/index.php?rest_route=\/wp\/v2\/pages\/837","targetHints":{"allow":["GET"]}}],"collection":[{"href":"https:\/\/logosophy.info\/index.php?rest_route=\/wp\/v2\/pages"}],"about":[{"href":"https:\/\/logosophy.info\/index.php?rest_route=\/wp\/v2\/types\/page"}],"author":[{"embeddable":true,"href":"https:\/\/logosophy.info\/index.php?rest_route=\/wp\/v2\/users\/4"}],"replies":[{"embeddable":true,"href":"https:\/\/logosophy.info\/index.php?rest_route=%2Fwp%2Fv2%2Fcomments&post=837"}],"version-history":[{"count":6,"href":"https:\/\/logosophy.info\/index.php?rest_route=\/wp\/v2\/pages\/837\/revisions"}],"predecessor-version":[{"id":1507,"href":"https:\/\/logosophy.info\/index.php?rest_route=\/wp\/v2\/pages\/837\/revisions\/1507"}],"wp:attachment":[{"href":"https:\/\/logosophy.info\/index.php?rest_route=%2Fwp%2Fv2%2Fmedia&parent=837"}],"curies":[{"name":"wp","href":"https:\/\/api.w.org\/{rel}","templated":true}]}}