{"id":739,"date":"2018-03-22T14:00:31","date_gmt":"2018-03-22T17:00:31","guid":{"rendered":"https:\/\/logosophy.info\/?page_id=739"},"modified":"2022-09-15T17:08:14","modified_gmt":"2022-09-15T20:08:14","slug":"perguntas-frequentes","status":"publish","type":"page","link":"https:\/\/logosophy.info\/?page_id=739&lang=pt","title":{"rendered":"Perguntas Frequentes"},"content":{"rendered":"<p>[et_pb_section background_image=&#8221;https:\/\/logosophy.info\/wp-content\/uploads\/2017\/07\/Imagenes-pasadores-FL-Internacional-Preguntas-frecuentes.jpg&#8221; transparent_background=&#8221;off&#8221; allow_player_pause=&#8221;off&#8221; inner_shadow=&#8221;off&#8221; parallax=&#8221;off&#8221; parallax_method=&#8221;on&#8221; custom_padding=&#8221;200px|||&#8221; padding_mobile=&#8221;off&#8221; make_fullwidth=&#8221;off&#8221; use_custom_width=&#8221;off&#8221; width_unit=&#8221;off&#8221; custom_width_px=&#8221;1080px&#8221; custom_width_percent=&#8221;80%&#8221; make_equal=&#8221;off&#8221; use_custom_gutter=&#8221;off&#8221; fullwidth=&#8221;on&#8221; specialty=&#8221;off&#8221; admin_label=&#8221;section&#8221; custom_css_main_element=&#8221;height:250px;&#8221; disabled=&#8221;off&#8221;][et_pb_fullwidth_header background_layout=&#8221;dark&#8221; text_orientation=&#8221;center&#8221; header_fullscreen=&#8221;off&#8221; header_scroll_down=&#8221;off&#8221; scroll_down_icon=&#8221;%%3%%&#8221; parallax=&#8221;off&#8221; parallax_method=&#8221;off&#8221; content_orientation=&#8221;center&#8221; image_orientation=&#8221;center&#8221; admin_label=&#8221;T\u00edtulo de anchura completa&#8221; title_font_size=&#8221;30px&#8221; content_font_size=&#8221;14px&#8221; custom_button_one=&#8221;off&#8221; button_one_text_size=&#8221;18&#8243; button_one_use_icon=&#8221;on&#8221; button_one_icon_placement=&#8221;right&#8221; button_one_on_hover=&#8221;on&#8221; button_one_letter_spacing_hover=&#8221;0&#8243; custom_button_two=&#8221;off&#8221; button_two_text_size=&#8221;18&#8243; button_two_use_icon=&#8221;on&#8221; button_two_icon_placement=&#8221;right&#8221; button_two_on_hover=&#8221;on&#8221; button_two_letter_spacing_hover=&#8221;0&#8243; disabled=&#8221;off&#8221;]<br \/>\n[\/et_pb_fullwidth_header][\/et_pb_section][et_pb_section transparent_background=&#8221;off&#8221; background_color=&#8221;rgba(255,255,255,0.26)&#8221; allow_player_pause=&#8221;off&#8221; inner_shadow=&#8221;off&#8221; parallax=&#8221;off&#8221; parallax_method=&#8221;on&#8221; padding_mobile=&#8221;off&#8221; make_fullwidth=&#8221;off&#8221; use_custom_width=&#8221;off&#8221; width_unit=&#8221;off&#8221; custom_width_px=&#8221;1080px&#8221; custom_width_percent=&#8221;80%&#8221; make_equal=&#8221;off&#8221; use_custom_gutter=&#8221;off&#8221; fullwidth=&#8221;off&#8221; specialty=&#8221;off&#8221; admin_label=&#8221;section&#8221; disabled=&#8221;off&#8221;][et_pb_row make_fullwidth=&#8221;off&#8221; use_custom_width=&#8221;off&#8221; width_unit=&#8221;off&#8221; custom_width_px=&#8221;1080px&#8221; custom_width_percent=&#8221;80%&#8221; use_custom_gutter=&#8221;off&#8221; gutter_width=&#8221;3&#8243; padding_mobile=&#8221;off&#8221; allow_player_pause=&#8221;off&#8221; parallax=&#8221;off&#8221; parallax_method=&#8221;on&#8221; make_equal=&#8221;off&#8221; column_padding_mobile=&#8221;on&#8221; parallax_1=&#8221;off&#8221; parallax_method_1=&#8221;on&#8221; parallax_2=&#8221;off&#8221; parallax_method_2=&#8221;on&#8221; parallax_3=&#8221;off&#8221; parallax_method_3=&#8221;on&#8221; parallax_4=&#8221;off&#8221; parallax_method_4=&#8221;on&#8221; admin_label=&#8221;Fila&#8221; disabled=&#8221;off&#8221;][et_pb_column type=&#8221;4_4&#8243; disabled=&#8221;off&#8221; parallax=&#8221;off&#8221; parallax_method=&#8221;on&#8221; column_padding_mobile=&#8221;on&#8221;][et_pb_text background_layout=&#8221;light&#8221; text_orientation=&#8221;left&#8221; admin_label=&#8221;Texto&#8221; use_border_color=&#8221;off&#8221; border_style=&#8221;solid&#8221; disabled=&#8221;off&#8221;]<\/p>\n<h1 style=\"text-align: left;\">PERGUNTAS FREQUENTES<\/h1>\n<p>[\/et_pb_text][\/et_pb_column][\/et_pb_row][et_pb_row make_fullwidth=&#8221;off&#8221; use_custom_width=&#8221;off&#8221; width_unit=&#8221;off&#8221; custom_width_px=&#8221;1000px&#8221; custom_width_percent=&#8221;48%&#8221; use_custom_gutter=&#8221;off&#8221; gutter_width=&#8221;3&#8243; padding_mobile=&#8221;off&#8221; allow_player_pause=&#8221;off&#8221; parallax=&#8221;off&#8221; parallax_method=&#8221;on&#8221; make_equal=&#8221;off&#8221; column_padding_mobile=&#8221;on&#8221; parallax_1=&#8221;off&#8221; parallax_method_1=&#8221;on&#8221; parallax_2=&#8221;off&#8221; parallax_method_2=&#8221;on&#8221; parallax_3=&#8221;off&#8221; parallax_method_3=&#8221;on&#8221; parallax_4=&#8221;off&#8221; parallax_method_4=&#8221;on&#8221; admin_label=&#8221;row&#8221; custom_css_main_element=&#8221;text-align:justify&#8221; disabled=&#8221;off&#8221;][et_pb_column type=&#8221;3_4&#8243; disabled=&#8221;off&#8221; parallax=&#8221;off&#8221; parallax_method=&#8221;on&#8221; column_padding_mobile=&#8221;on&#8221;][et_pb_toggle title=&#8221;Como se estuda Logosofia?&#8221; open=&#8221;off&#8221; closed_toggle_text_color=&#8221;#0c71c3&#8243; admin_label=&#8221;Conmutador&#8221; title_font=&#8221;|on|||&#8221; title_line_height=&#8221;1.8em&#8221; use_border_color=&#8221;off&#8221; border_color=&#8221;#ffffff&#8221; border_width=&#8221;1px&#8221; border_style=&#8221;solid&#8221; custom_css_toggle_title=&#8221;text-align:center&#8221; disabled=&#8221;off&#8221;]<\/p>\n<p class=\"p1\"><span class=\"s1\">A Logosofia se estuda e pratica seguindo o m\u00e9todo que ela pr\u00f3pria estabelece. Este m\u00e9todo, essencialmente psicodin\u00e2mico, prescreve o estudo e a pr\u00e1tica no individual complementado com o interc\u00e2mbio e a pr\u00e1tica no coletivo.<\/span><\/p>\n<p class=\"p1\"><span class=\"s1\">O estudo e a pr\u00e1tica no individual compreendem tr\u00eas etapas que se estendem ao longo da vida, reiterando-se em progress\u00e3o ascendente. Nos trechos iniciais, a sua especifica\u00e7\u00e3o \u00e9 a seguinte:<\/span><\/p>\n<p class=\"p1\"><span class=\"s1\">1)\u00a0<i>Primeira etapa<\/i>: Compreende o estudo interpretativo dos temas que configuram o programa de estudo sem exclus\u00e3o de outros que interessem particularmente ao estudante. Inicia-se com uma leitura geral dos livros logos\u00f3ficos, a fim de se ter uma ideia, geral tamb\u00e9m, da conce\u00e7\u00e3o que os inspira. Segue-se depois, o estudo minucioso dos t\u00f3picos compreendidos no programa, com indica\u00e7\u00f5es precisas a respeito da realiza\u00e7\u00e3o logos\u00f3fica. \u00c0 medida que se avan\u00e7a na leitura e no aprofundamento dos temas, cada um se perguntar\u00e1 o que compreendeu e o anotar\u00e1. Este aspeto do processo que se documenta para guia de si mesmo contribui tamb\u00e9m, com grande efic\u00e1cia, para o esclarecimento de ideias e conceitos.<\/span><\/p>\n<p class=\"p1\"><span class=\"s1\">2)\u00a0<i>Segunda etapa<\/i>: Caracteriza-se por maior aplica\u00e7\u00e3o ao estudo, com vistas \u00e0 forma\u00e7\u00e3o consciente, vigiando as oscila\u00e7\u00f5es temperamentais, os fatores que nelas incidem, etc. O ensinamento \u00e9 tratado mais a fundo, somando-se desta vez, ao adestramento, sua aplica\u00e7\u00e3o \u00e0 vida, nos diferentes e variados setores, onde cada um desenvolve as suas atividades cotidianas.<\/span><\/p>\n<p class=\"p1\"><span class=\"s1\">3)\u00a0<i>Terceira etapa<\/i>: Completa o ciclo, configurando o dom\u00ednio de conhecimentos e a cria\u00e7\u00e3o de novas aptid\u00f5es para us\u00e1-las em favor do processo individual de evolu\u00e7\u00e3o consciente. Compreender-se-\u00e1, sem dificuldades, que se alcan\u00e7a maturidade logos\u00f3fica quando, depois do aprendizado t\u00e9cnico, se elaboram compreens\u00f5es b\u00e1sicas dos ensinamentos que em seguida se levam ao campo experimental da pr\u00f3pria vida. O acerto na aplica\u00e7\u00e3o converte o ensinamento em conhecimento.<\/span><\/p>\n<p class=\"p1\"><span class=\"s1\">No estudo e pr\u00e1tica no coletivo, o confronto de interpreta\u00e7\u00f5es ou compreens\u00f5es que cada um tenha conseguido fazer dos ensinamentos, entre aqueles que tamb\u00e9m estudam Logosofia e se acham mais ou menos \u00e0 mesma altura na investiga\u00e7\u00e3o, permite verificar se do t\u00f3pico estudado foram vistos pela intelig\u00eancia todos os seus aspetos ou, pelo menos, os mais acess\u00edveis. Do que resulta ser o estudo individual, at\u00e9 certo ponto, insepar\u00e1vel do coletivo.<\/span><\/p>\n<p>[\/et_pb_toggle][et_pb_toggle title=&#8221;Quanto tempo dura o estudo de Logosofia? Existem graus ou t\u00edtulos a alcan\u00e7ar? Existem requisitos de idade para come\u00e7ar?&#8221; open=&#8221;off&#8221; closed_toggle_text_color=&#8221;#0c71c3&#8243; admin_label=&#8221;Conmutador&#8221; title_font=&#8221;|on|||&#8221; title_line_height=&#8221;1.8em&#8221; use_border_color=&#8221;off&#8221; border_color=&#8221;#ffffff&#8221; border_width=&#8221;1px&#8221; border_style=&#8221;solid&#8221; custom_css_toggle_title=&#8221;text-align:center;&#8221; disabled=&#8221;off&#8221;]<\/p>\n<p class=\"p1\">O estudo logos\u00f3fico depende dos objetivos de cada um. As duas tarefas principais que se realizam, o conhecimento de si mesmo e o processo de evolu\u00e7\u00e3o consciente, s\u00e3o ilimitadas. Cada passo dado em ambas as tarefas \u00e9 um passo a mais obtido na supera\u00e7\u00e3o integral e \u00e9, al\u00e9m disso, o ponto de partida para um novo trabalho. Os est\u00edmulos que brinda o estudo v\u00e3o se renovando constantemente, j\u00e1 que o fato de alcan\u00e7ar uma melhor condi\u00e7\u00e3o psicol\u00f3gica permite estabelecer prop\u00f3sitos cada vez mais claros e felizes.<\/p>\n<p class=\"p1\">Por ser um estudo dirigido \u00e0 pr\u00f3pria vida, ele n\u00e3o oferece t\u00edtulos e nem os requer para seu estudo. Nas sedes culturais logos\u00f3ficas, todos os seus estudantes se empenham em realizar um processo de investiga\u00e7\u00e3o interna que permite conhecer a si mesmo e evoluir conscientemente.<\/p>\n<p class=\"p1\">Nas sedes culturais logos\u00f3ficas, participam das atividades pessoas de todas as idades. Como em qualquer outro estudo ou atividade, quanto mais cedo se inicie o seu estudo e pr\u00e1tica, maiores e mais r\u00e1pidos ser\u00e3o os benef\u00edcios obtidos.<\/p>\n<p>[\/et_pb_toggle][et_pb_toggle title=&#8221;Como entrar em contacto com a Funda\u00e7\u00e3o Logos\u00f3fica?&#8221; open=&#8221;off&#8221; closed_toggle_text_color=&#8221;#0c71c3&#8243; admin_label=&#8221;Conmutador&#8221; title_font=&#8221;|on|||&#8221; title_line_height=&#8221;1.8em&#8221; use_border_color=&#8221;off&#8221; border_color=&#8221;#ffffff&#8221; border_width=&#8221;1px&#8221; border_style=&#8221;solid&#8221; custom_css_toggle_title=&#8221;text-align:center;||&#8221; disabled=&#8221;off&#8221;]<\/p>\n<p><span style=\"font-weight: 400;\">De modo a saber mais sobre a Logosofia e formar um conceito mais amplo do que \u00e9 a Logosofia, pode-se entrar em contacto com alguma das diferentes Sedes Culturais mantidas pela Funda\u00e7\u00e3o Logos\u00f3fica ao redor do mundo.<\/span> <span style=\"font-weight: 400;\">Na sec\u00e7\u00e3o <a href=\"..\/sedes-culturais\/\">Logosofia no mundo<\/a><\/span> <span style=\"font-weight: 400;\">\u00e9 poss\u00edvel encontrar a localiza\u00e7\u00e3o, o endere\u00e7o e os dados para contacto das principais sedes culturais logos\u00f3ficas no mundo. <\/span><\/p>\n<p><span style=\"font-weight: 400;\">Alguns pa\u00edses tamb\u00e9m contam com um site da Funda\u00e7\u00e3o Logos\u00f3fica local, que poder\u00e1 fornecer a localiza\u00e7\u00e3o das demais sedes do pa\u00eds.<\/span><\/p>\n<p><span style=\"font-weight: 400;\">Tamb\u00e9m \u00e9 interessante participar de alguma das atividades abertas ao p\u00fablico, realizadas nas sedes culturais. A programa\u00e7\u00e3o das atividades pode ser consultada <a href=\"..\/eventos-portugal\/\">neste site<\/a> ou nos sites espec\u00edficos da Funda\u00e7\u00e3o Logos\u00f3fica de cada pa\u00eds, ou enviando um e-mail diretamente para a sede que se pretende visitar.<\/span>\u00a0Caso o seu<span style=\"font-weight: 400;\">\u00a0pa\u00eds n\u00e3o esteja listado neste site ou voc\u00ea n\u00e3o encontre um e-mail para contacto, utilize o formul\u00e1rio de\u00a0<\/span><a href=\"..\/contato\"><span style=\"font-weight: 400;\">Contacto<\/span><\/a>\u00a0<span style=\"font-weight: 400;\">para nos escrever. H\u00e1 uma comiss\u00e3o de divulga\u00e7\u00e3o internacional que poder\u00e1 atend\u00ea-lo e enviar-lhe mais informa\u00e7\u00f5es sobre a Logosofia em qualquer pa\u00eds em que se encontre.<\/span><\/p>\n<p>[\/et_pb_toggle][et_pb_toggle title=&#8221;Qual \u00e9 a diferen\u00e7a da Logosofia para a Psicologia, a Filosofia e as ideologias pol\u00edticas?&#8221; open=&#8221;off&#8221; closed_toggle_text_color=&#8221;#0c71c3&#8243; admin_label=&#8221;Conmutador&#8221; title_font=&#8221;|on|||&#8221; title_line_height=&#8221;1.8em&#8221; use_border_color=&#8221;off&#8221; border_color=&#8221;#ffffff&#8221; border_width=&#8221;1px&#8221; border_style=&#8221;solid&#8221; custom_css_toggle_title=&#8221;text-align:center;&#8221; disabled=&#8221;off&#8221;]<\/p>\n<p class=\"p1\"><span class=\"s1\">O estudo logos&oacute;fico difere do comum porque deve ser realizado conscientemente, isto &eacute;, com a participa&ccedil;&atilde;o ativa da consci&ecirc;ncia e com o prop&oacute;sito definido de faz&ecirc;-lo servir ao aperfei&ccedil;oamento das qualidades e excel&ecirc;ncias psicol&oacute;gicas do ser. Encaminha o homem para uma realiza&ccedil;&atilde;o superior que abarca toda a vida e da qual ningu&eacute;m jamais haver&aacute; de se arrepender. Difere dos estudos comuns porque vai dirigido ao interno do ser, enquanto aqueles s&atilde;o de uso externo, de aplica&ccedil;&atilde;o extraindividual.<\/span><\/p>\n<p class=\"p1\"><span class=\"s1\">O saber logos&oacute;fico n&atilde;o tem pontos de refer&ecirc;ncia com nenhum ramo do saber comum. A ci&ecirc;ncia logos&oacute;fica, &uacute;nica em seu g&eacute;nero e em suas proje&ccedil;&otilde;es, fundamenta os seus conhecimentos em verdades indiscut&iacute;veis e fatos irrefut&aacute;veis. Esta &eacute; a raz&atilde;o pela qual afasta toda hip&oacute;tese. Tampouco teoriza, por n&atilde;o necessitar, em absoluto, de tais recursos aos fins de sua exposi&ccedil;&atilde;o. Por outra parte, as suas afirma&ccedil;&otilde;es s&atilde;o verificadas diariamente, por todos aqueles que, h&aacute; anos, cultivam a Logosofia com proveito para suas vidas.<\/span><\/p>\n<p class=\"p1\"><span class=\"s1\">A Logosofia n&atilde;o estabelece problemas, sen&atilde;o que os resolve individualmente, porque cada ser humano &eacute; uma entidade individual que necessita resolver os seus pr&oacute;prios problemas, com o que se p&otilde;e em condi&ccedil;&otilde;es de ajudar a outros para que resolvam, por si mesmos, os problemas que enfrentam.<\/span><\/p>\n<p>[\/et_pb_toggle][et_pb_toggle title=&#8221;A Logosofia \u00e9 uma religi\u00e3o?&#8221; open=&#8221;off&#8221; closed_toggle_text_color=&#8221;#0c71c3&#8243; admin_label=&#8221;Conmutador&#8221; title_font=&#8221;|on|||&#8221; title_line_height=&#8221;1.8em&#8221; use_border_color=&#8221;off&#8221; border_color=&#8221;#ffffff&#8221; border_width=&#8221;1px&#8221; border_style=&#8221;solid&#8221; custom_css_toggle_title=&#8221;text-align:center;&#8221; disabled=&#8221;off&#8221;]<\/p>\n<p class=\"p1\"><span class=\"s1\">A Logosofia n\u00e3o \u00e9 uma religi\u00e3o; \u00e9 uma ci\u00eancia original que conduz ao saber atrav\u00e9s da substitui\u00e7\u00e3o do crer pelo pensar e ajuda a pensar e sentir com inteira liberdade, favorecendo a erradica\u00e7\u00e3o das travas mentais que s\u00e3o totalmente nocivas para o desenvolvimento espiritual e evolutivo do ser humano.<\/span><\/p>\n<p class=\"p1\"><span class=\"s1\">A Logosofia n\u00e3o aconselha crer no que se estudou nem o aceitar cegamente, por certas e inquestion\u00e1veis que pare\u00e7am as suas afirma\u00e7\u00f5es; da\u00ed que imponha a experimenta\u00e7\u00e3o como base segura do processo rumo ao saber. Quer que cada um de seus cultores comprove por si as verdades que entranha, e isso s\u00f3 se pode fazer levando-o ao campo da pr\u00f3pria experi\u00eancia.<\/span><\/p>\n<p>[\/et_pb_toggle][\/et_pb_column][et_pb_column type=&#8221;1_4&#8243; disabled=&#8221;off&#8221; parallax=&#8221;off&#8221; parallax_method=&#8221;on&#8221; column_padding_mobile=&#8221;on&#8221;][et_pb_image src=&#8221;https:\/\/logosophy.info\/wp-content\/uploads\/2018\/03\/fl_banner-estudia-logosofia_PT.png&#8221; show_in_lightbox=&#8221;off&#8221; url=&#8221;https:\/\/logosophy.info\/pt\/estudar-logosofia\/&#8221; url_new_window=&#8221;off&#8221; use_overlay=&#8221;off&#8221; animation=&#8221;off&#8221; sticky=&#8221;off&#8221; align=&#8221;left&#8221; force_fullwidth=&#8221;off&#8221; always_center_on_mobile=&#8221;on&#8221; admin_label=&#8221;Imagen&#8221; use_border_color=&#8221;off&#8221; border_color=&#8221;#ffffff&#8221; border_width=&#8221;1px&#8221; border_style=&#8221;solid&#8221; disabled=&#8221;off&#8221;]<br \/>\n[\/et_pb_image][\/et_pb_column][\/et_pb_row][\/et_pb_section]<\/p>\n","protected":false},"excerpt":{"rendered":"<p>[et_pb_section background_image=&#8221;https:\/\/logosophy.info\/wp-content\/uploads\/2017\/07\/Imagenes-pasadores-FL-Internacional-Preguntas-frecuentes.jpg&#8221; transparent_background=&#8221;off&#8221; allow_player_pause=&#8221;off&#8221; inner_shadow=&#8221;off&#8221; parallax=&#8221;off&#8221; parallax_method=&#8221;on&#8221; custom_padding=&#8221;200px|||&#8221; padding_mobile=&#8221;off&#8221; make_fullwidth=&#8221;off&#8221; use_custom_width=&#8221;off&#8221; width_unit=&#8221;off&#8221; custom_width_px=&#8221;1080px&#8221; custom_width_percent=&#8221;80%&#8221; make_equal=&#8221;off&#8221; use_custom_gutter=&#8221;off&#8221; fullwidth=&#8221;on&#8221; specialty=&#8221;off&#8221; admin_label=&#8221;section&#8221; custom_css_main_element=&#8221;height:250px;&#8221; disabled=&#8221;off&#8221;][et_pb_fullwidth_header background_layout=&#8221;dark&#8221; text_orientation=&#8221;center&#8221; header_fullscreen=&#8221;off&#8221; header_scroll_down=&#8221;off&#8221; scroll_down_icon=&#8221;%%3%%&#8221; parallax=&#8221;off&#8221; parallax_method=&#8221;off&#8221; content_orientation=&#8221;center&#8221; image_orientation=&#8221;center&#8221; admin_label=&#8221;T\u00edtulo de anchura completa&#8221; title_font_size=&#8221;30px&#8221; content_font_size=&#8221;14px&#8221; custom_button_one=&#8221;off&#8221; button_one_text_size=&#8221;18&#8243; button_one_use_icon=&#8221;on&#8221; button_one_icon_placement=&#8221;right&#8221; button_one_on_hover=&#8221;on&#8221; button_one_letter_spacing_hover=&#8221;0&#8243; custom_button_two=&#8221;off&#8221; button_two_text_size=&#8221;18&#8243; button_two_use_icon=&#8221;on&#8221; button_two_icon_placement=&#8221;right&#8221; button_two_on_hover=&#8221;on&#8221; button_two_letter_spacing_hover=&#8221;0&#8243; disabled=&#8221;off&#8221;] [\/et_pb_fullwidth_header][\/et_pb_section][et_pb_section transparent_background=&#8221;off&#8221; background_color=&#8221;rgba(255,255,255,0.26)&#8221; allow_player_pause=&#8221;off&#8221; inner_shadow=&#8221;off&#8221; parallax=&#8221;off&#8221; [&hellip;]<\/p>\n","protected":false},"author":4,"featured_media":0,"parent":0,"menu_order":0,"comment_status":"closed","ping_status":"closed","template":"","meta":{"footnotes":""},"class_list":["post-739","page","type-page","status-publish","hentry"],"yoast_head":"<!-- This site is optimized with the Yoast SEO plugin v16.1.1 - https:\/\/yoast.com\/wordpress\/plugins\/seo\/ -->\n<title>Perguntas Frequentes - Logosophy<\/title>\n<link rel=\"canonical\" href=\"https:\/\/logosophy.info\/?page_id=739&#038;lang=pt\" \/>\n<meta property=\"og:locale\" content=\"pt_BR\" \/>\n<meta property=\"og:type\" content=\"article\" \/>\n<meta property=\"og:title\" content=\"Perguntas Frequentes - Logosophy\" \/>\n<meta property=\"og:description\" content=\"[et_pb_section background_image=&#8221;https:\/\/logosophy.info\/wp-content\/uploads\/2017\/07\/Imagenes-pasadores-FL-Internacional-Preguntas-frecuentes.jpg&#8221; transparent_background=&#8221;off&#8221; allow_player_pause=&#8221;off&#8221; inner_shadow=&#8221;off&#8221; parallax=&#8221;off&#8221; parallax_method=&#8221;on&#8221; custom_padding=&#8221;200px|||&#8221; padding_mobile=&#8221;off&#8221; make_fullwidth=&#8221;off&#8221; use_custom_width=&#8221;off&#8221; width_unit=&#8221;off&#8221; custom_width_px=&#8221;1080px&#8221; custom_width_percent=&#8221;80%&#8221; make_equal=&#8221;off&#8221; use_custom_gutter=&#8221;off&#8221; fullwidth=&#8221;on&#8221; specialty=&#8221;off&#8221; admin_label=&#8221;section&#8221; custom_css_main_element=&#8221;height:250px;&#8221; disabled=&#8221;off&#8221;][et_pb_fullwidth_header background_layout=&#8221;dark&#8221; text_orientation=&#8221;center&#8221; header_fullscreen=&#8221;off&#8221; header_scroll_down=&#8221;off&#8221; scroll_down_icon=&#8221;&#8221; parallax=&#8221;off&#8221; parallax_method=&#8221;off&#8221; content_orientation=&#8221;center&#8221; image_orientation=&#8221;center&#8221; admin_label=&#8221;T\u00edtulo de anchura completa&#8221; title_font_size=&#8221;30px&#8221; content_font_size=&#8221;14px&#8221; custom_button_one=&#8221;off&#8221; button_one_text_size=&#8221;18&#8243; button_one_use_icon=&#8221;on&#8221; button_one_icon_placement=&#8221;right&#8221; button_one_on_hover=&#8221;on&#8221; button_one_letter_spacing_hover=&#8221;0&#8243; custom_button_two=&#8221;off&#8221; button_two_text_size=&#8221;18&#8243; button_two_use_icon=&#8221;on&#8221; button_two_icon_placement=&#8221;right&#8221; button_two_on_hover=&#8221;on&#8221; button_two_letter_spacing_hover=&#8221;0&#8243; disabled=&#8221;off&#8221;] [\/et_pb_fullwidth_header][\/et_pb_section][et_pb_section transparent_background=&#8221;off&#8221; background_color=&#8221;rgba(255,255,255,0.26)&#8221; allow_player_pause=&#8221;off&#8221; inner_shadow=&#8221;off&#8221; parallax=&#8221;off&#8221; [&hellip;]\" \/>\n<meta property=\"og:url\" content=\"https:\/\/logosophy.info\/?page_id=739&amp;lang=pt\" \/>\n<meta property=\"og:site_name\" content=\"Logosophy\" \/>\n<meta property=\"article:publisher\" content=\"https:\/\/www.facebook.com\/Logosof%c3%ada-Europa-100169344799531\" \/>\n<meta property=\"article:modified_time\" content=\"2022-09-15T20:08:14+00:00\" \/>\n<meta name=\"twitter:card\" content=\"summary_large_image\" \/>\n<meta name=\"twitter:site\" content=\"@logosophy\" \/>\n<meta name=\"twitter:label1\" content=\"Est. tempo de leitura\">\n\t<meta name=\"twitter:data1\" content=\"10 minutos\">\n<script type=\"application\/ld+json\" class=\"yoast-schema-graph\">{\"@context\":\"https:\/\/schema.org\",\"@graph\":[{\"@type\":\"WebSite\",\"@id\":\"https:\/\/logosophy.info\/es\/#website\",\"url\":\"https:\/\/logosophy.info\/es\/\",\"name\":\"Logosophy\",\"description\":\"Sitio web internacional de Logosof\\u00eda Internacional, ciencia de la Evoluci\\u00f3n Consciente\",\"potentialAction\":[{\"@type\":\"SearchAction\",\"target\":\"https:\/\/logosophy.info\/es\/?s={search_term_string}\",\"query-input\":\"required name=search_term_string\"}],\"inLanguage\":\"pt-BR\"},{\"@type\":\"WebPage\",\"@id\":\"https:\/\/logosophy.info\/?page_id=739&lang=pt#webpage\",\"url\":\"https:\/\/logosophy.info\/?page_id=739&lang=pt\",\"name\":\"Perguntas Frequentes - Logosophy\",\"isPartOf\":{\"@id\":\"https:\/\/logosophy.info\/es\/#website\"},\"datePublished\":\"2018-03-22T17:00:31+00:00\",\"dateModified\":\"2022-09-15T20:08:14+00:00\",\"breadcrumb\":{\"@id\":\"https:\/\/logosophy.info\/?page_id=739&lang=pt#breadcrumb\"},\"inLanguage\":\"pt-BR\",\"potentialAction\":[{\"@type\":\"ReadAction\",\"target\":[\"https:\/\/logosophy.info\/?page_id=739&lang=pt\"]}]},{\"@type\":\"BreadcrumbList\",\"@id\":\"https:\/\/logosophy.info\/?page_id=739&lang=pt#breadcrumb\",\"itemListElement\":[{\"@type\":\"ListItem\",\"position\":1,\"item\":{\"@type\":\"WebPage\",\"@id\":\"https:\/\/logosophy.info\/?lang=pt\",\"url\":\"https:\/\/logosophy.info\/?lang=pt\",\"name\":\"Portada\"}},{\"@type\":\"ListItem\",\"position\":2,\"item\":{\"@type\":\"WebPage\",\"@id\":\"https:\/\/logosophy.info\/?page_id=739&lang=pt\",\"url\":\"https:\/\/logosophy.info\/?page_id=739&lang=pt\",\"name\":\"Perguntas Frequentes\"}}]}]}<\/script>\n<!-- \/ Yoast SEO plugin. -->","_links":{"self":[{"href":"https:\/\/logosophy.info\/index.php?rest_route=\/wp\/v2\/pages\/739","targetHints":{"allow":["GET"]}}],"collection":[{"href":"https:\/\/logosophy.info\/index.php?rest_route=\/wp\/v2\/pages"}],"about":[{"href":"https:\/\/logosophy.info\/index.php?rest_route=\/wp\/v2\/types\/page"}],"author":[{"embeddable":true,"href":"https:\/\/logosophy.info\/index.php?rest_route=\/wp\/v2\/users\/4"}],"replies":[{"embeddable":true,"href":"https:\/\/logosophy.info\/index.php?rest_route=%2Fwp%2Fv2%2Fcomments&post=739"}],"version-history":[{"count":11,"href":"https:\/\/logosophy.info\/index.php?rest_route=\/wp\/v2\/pages\/739\/revisions"}],"predecessor-version":[{"id":2066,"href":"https:\/\/logosophy.info\/index.php?rest_route=\/wp\/v2\/pages\/739\/revisions\/2066"}],"wp:attachment":[{"href":"https:\/\/logosophy.info\/index.php?rest_route=%2Fwp%2Fv2%2Fmedia&parent=739"}],"curies":[{"name":"wp","href":"https:\/\/api.w.org\/{rel}","templated":true}]}}