{"id":51,"date":"2017-07-28T16:22:05","date_gmt":"2017-07-28T16:22:05","guid":{"rendered":"https:\/\/logosophy.info\/?page_id=51"},"modified":"2018-03-16T15:00:23","modified_gmt":"2018-03-16T18:00:23","slug":"preguntas-frecuentes","status":"publish","type":"page","link":"https:\/\/logosophy.info\/?page_id=51&lang=es","title":{"rendered":"Preguntas frecuentes"},"content":{"rendered":"<p>[et_pb_section admin_label=&#8221;section&#8221; background_image=&#8221;https:\/\/logosophy.info\/wp-content\/uploads\/2017\/07\/Imagenes-pasadores-FL-Internacional-Preguntas-frecuentes.jpg&#8221; transparent_background=&#8221;off&#8221; allow_player_pause=&#8221;off&#8221; inner_shadow=&#8221;off&#8221; parallax=&#8221;off&#8221; parallax_method=&#8221;on&#8221; custom_padding=&#8221;200px|||&#8221; padding_mobile=&#8221;off&#8221; make_fullwidth=&#8221;off&#8221; use_custom_width=&#8221;off&#8221; width_unit=&#8221;off&#8221; custom_width_px=&#8221;1080px&#8221; custom_width_percent=&#8221;80%&#8221; make_equal=&#8221;off&#8221; use_custom_gutter=&#8221;off&#8221; fullwidth=&#8221;on&#8221; specialty=&#8221;off&#8221; custom_css_main_element=&#8221;height:250px;&#8221; disabled=&#8221;off&#8221;][et_pb_fullwidth_header admin_label=&#8221;T\u00edtulo de anchura completa&#8221; background_layout=&#8221;dark&#8221; text_orientation=&#8221;center&#8221; header_fullscreen=&#8221;off&#8221; header_scroll_down=&#8221;off&#8221; scroll_down_icon=&#8221;%%3%%&#8221; parallax=&#8221;off&#8221; parallax_method=&#8221;off&#8221; content_orientation=&#8221;center&#8221; image_orientation=&#8221;center&#8221; title_font_size=&#8221;30px&#8221; content_font_size=&#8221;14px&#8221; custom_button_one=&#8221;off&#8221; button_one_text_size=&#8221;18&#8243; button_one_use_icon=&#8221;on&#8221; button_one_icon_placement=&#8221;right&#8221; button_one_on_hover=&#8221;on&#8221; button_one_letter_spacing_hover=&#8221;0&#8243; custom_button_two=&#8221;off&#8221; button_two_text_size=&#8221;18&#8243; button_two_use_icon=&#8221;on&#8221; button_two_icon_placement=&#8221;right&#8221; button_two_on_hover=&#8221;on&#8221; button_two_letter_spacing_hover=&#8221;0&#8243; disabled=&#8221;off&#8221;] [\/et_pb_fullwidth_header][\/et_pb_section][et_pb_section admin_label=&#8221;section&#8221; transparent_background=&#8221;off&#8221; background_color=&#8221;rgba(255,255,255,0.26)&#8221; allow_player_pause=&#8221;off&#8221; inner_shadow=&#8221;off&#8221; parallax=&#8221;off&#8221; parallax_method=&#8221;on&#8221; padding_mobile=&#8221;off&#8221; make_fullwidth=&#8221;off&#8221; use_custom_width=&#8221;off&#8221; width_unit=&#8221;off&#8221; make_equal=&#8221;off&#8221; use_custom_gutter=&#8221;off&#8221; fullwidth=&#8221;off&#8221; specialty=&#8221;off&#8221; disabled=&#8221;off&#8221;][et_pb_row admin_label=&#8221;Fila&#8221;][et_pb_column type=&#8221;4_4&#8243;][et_pb_text admin_label=&#8221;Texto&#8221; background_layout=&#8221;light&#8221; text_orientation=&#8221;left&#8221; use_border_color=&#8221;off&#8221; border_color=&#8221;#ffffff&#8221; border_style=&#8221;solid&#8221;]<\/p>\n<h1 style=\"text-align: left;\">PREGUNTAS FRECUENTES<\/h1>\n<p>[\/et_pb_text][\/et_pb_column][\/et_pb_row][et_pb_row admin_label=&#8221;row&#8221; make_fullwidth=&#8221;off&#8221; use_custom_width=&#8221;off&#8221; width_unit=&#8221;off&#8221; custom_width_px=&#8221;1000px&#8221; custom_width_percent=&#8221;48%&#8221; use_custom_gutter=&#8221;off&#8221; gutter_width=&#8221;3&#8243; padding_mobile=&#8221;off&#8221; allow_player_pause=&#8221;off&#8221; parallax=&#8221;off&#8221; parallax_method=&#8221;on&#8221; make_equal=&#8221;off&#8221; column_padding_mobile=&#8221;on&#8221; parallax_1=&#8221;off&#8221; parallax_method_1=&#8221;on&#8221; parallax_2=&#8221;off&#8221; parallax_method_2=&#8221;on&#8221; parallax_3=&#8221;off&#8221; parallax_method_3=&#8221;on&#8221; parallax_4=&#8221;off&#8221; parallax_method_4=&#8221;on&#8221; custom_css_main_element=&#8221;text-align:justify&#8221; disabled=&#8221;off&#8221;][et_pb_column type=&#8221;3_4&#8243;][et_pb_toggle admin_label=&#8221;Conmutador&#8221; title=&#8221;\u00bfC\u00f3mo se estudia Logosof\u00eda?&#8221; open=&#8221;off&#8221; closed_toggle_text_color=&#8221;#0c71c3&#8243; title_font=&#8221;|on|||&#8221; title_line_height=&#8221;1.8em&#8221; use_border_color=&#8221;off&#8221; border_color=&#8221;#ffffff&#8221; border_width=&#8221;1px&#8221; border_style=&#8221;solid&#8221; custom_css_toggle_title=&#8221;text-align:center&#8221; disabled=&#8221;off&#8221;]<\/p>\n<p><span style=\"font-weight: 400;\">La Logosof\u00eda se estudia y practica siguiendo el m\u00e9todo que ella misma establece. Este m\u00e9todo, esencialmente psicodin\u00e1mico, prescribe el estudio y la pr\u00e1ctica en lo individual complementado con el intercambio y la pr\u00e1ctica en lo colectivo.<\/span><\/p>\n<p><span style=\"font-weight: 400;\">El estudio y pr\u00e1ctica en lo individual comprende tres etapas que se extienden a lo largo de la vida, reiter\u00e1ndose en progresi\u00f3n ascendente. En los tramos iniciales su especificaci\u00f3n es como sigue:<\/span><\/p>\n<p><span style=\"font-weight: 400;\">1)\u00a0<\/span><i><span style=\"font-weight: 400;\">Primera etapa<\/span><\/i><span style=\"font-weight: 400;\">: Comprende el estudio interpretativo de los temas que configuran el programa de estudio, sin exclusi\u00f3n de otros que interesen particularmente al estudiante. Se inicia con un repaso general de los libros logos\u00f3ficos, a fin de tener una idea, general tambi\u00e9n, de la concepci\u00f3n que los inspira. Sigue luego el estudio minucioso de los t\u00f3picos comprendidos en el programa, con precisas indicaciones respecto a la realizaci\u00f3n logos\u00f3fica. A medida que se avanza en la lectura y profundizaci\u00f3n de los temas, cada cual se preguntar\u00e1 qu\u00e9 es lo que ha comprendido y lo anotar\u00e1. Este aspecto del proceso que se documenta para gu\u00eda de s\u00ed mismo, contribuye tambi\u00e9n con gran eficacia al esclarecimiento de ideas y conceptos.<\/span><\/p>\n<p><span style=\"font-weight: 400;\">2)\u00a0<\/span><i><span style=\"font-weight: 400;\">Segunda etapa<\/span><\/i><span style=\"font-weight: 400;\">: Se caracteriza por una mayor contracci\u00f3n al estudio, con miras a la formaci\u00f3n consciente, vigilando las oscilaciones temperamentales, los factores que inciden en ellas, etc. La ense\u00f1anza es tratada m\u00e1s a fondo, sum\u00e1ndose esta vez al adiestramiento su aplicaci\u00f3n a la vida en los diferentes y variados sectores donde cada cual desarrolla sus actividades cotidianas.<\/span><\/p>\n<p><span style=\"font-weight: 400;\">3)\u00a0<\/span><i><span style=\"font-weight: 400;\">Tercera etapa<\/span><\/i><span style=\"font-weight: 400;\">: Completa el ciclo, configurando el dominio de conocimientos y la creaci\u00f3n de nuevas aptitudes para usarlas en favor del proceso individual de evoluci\u00f3n consciente. Se comprender\u00e1 sin dificultades que se alcanza la madurez logos\u00f3fica cuando, tras el aprendizaje t\u00e9cnico, se elaboran comprensiones b\u00e1sicas de las ense\u00f1anzas que luego se llevan al campo experimental de la propia vida. El acierto en la aplicaci\u00f3n convierte la ense\u00f1anza en conocimiento.<\/span><\/p>\n<p><span style=\"font-weight: 400;\">En el estudio y pr\u00e1ctica en lo colectivo, la confrontaci\u00f3n de interpretaciones o comprensiones que cada uno haya logrado hacer de las ense\u00f1anzas entre aquellos que tambi\u00e9n estudian Logosof\u00eda y se hallan m\u00e1s o menos a la misma altura en la investigaci\u00f3n, permite verificar si del t\u00f3pico estudiado fueron vistos por la inteligencia todos sus aspectos o, al menos, los m\u00e1s accesibles. De lo que resulta que el estudio individual es hasta cierto punto inseparable del colectivo.<\/span><\/p>\n<p>[\/et_pb_toggle][et_pb_toggle admin_label=&#8221;Conmutador&#8221; title=&#8221;\u00bfCu\u00e1nto dura el estudio de Logosof\u00eda? \u00bfExisten grados o t\u00edtulos a alcanzar? \u00bfExisten requisitos de edad para comenzar?&#8221; open=&#8221;off&#8221; closed_toggle_text_color=&#8221;#0c71c3&#8243; title_font=&#8221;|on|||&#8221; title_line_height=&#8221;1.8em&#8221; use_border_color=&#8221;off&#8221; border_color=&#8221;#ffffff&#8221; border_width=&#8221;1px&#8221; border_style=&#8221;solid&#8221; custom_css_toggle_title=&#8221;text-align:center;&#8221; disabled=&#8221;off&#8221;]<\/p>\n<p><span style=\"font-weight: 400;\">El estudio logos\u00f3fico depende de los objetivos de cada uno. Las dos tareas principales que se realizan, el conocimiento de s\u00ed mismo y el proceso de evoluci\u00f3n consciente, son ilimitadas. Cada paso dado en ambas tareas es un paso m\u00e1s que se logra en la superaci\u00f3n integral y es, adem\u00e1s, el punto de partida para un nuevo trabajo. Los est\u00edmulos que brinda el estudio van renov\u00e1ndose constantemente, ya que el hecho de alcanzar una mejor condici\u00f3n psicol\u00f3gica permite establecer prop\u00f3sitos cada vez m\u00e1s claros y felices.<\/span><\/p>\n<p><span style=\"font-weight: 400;\">Por ser un estudio dirigido a la propia vida, no ofrece t\u00edtulos ni los requiere para su estudio. En las Sedes Culturales de la Fundaci\u00f3n Logos\u00f3fica todos sus estudiantes se empe\u00f1an en realizar un proceso de investigaci\u00f3n interna que permite conocer a s\u00ed mismo y evolucionar conscientemente.<\/span><\/p>\n<p><span style=\"font-weight: 400;\">En las sedes culturales logos\u00f3ficas participan de las actividades personas de todas las edades. Como en cualquier otro estudio o actividad, cuanto m\u00e1s temprano se inicie su estudio y pr\u00e1ctica, mayores y m\u00e1s r\u00e1pidos ser\u00e1n los beneficios logrados.<\/span><\/p>\n<p>[\/et_pb_toggle][et_pb_toggle admin_label=&#8221;Conmutador&#8221; title=&#8221;\u00bfC\u00f3mo entrar en contacto con la Fundaci\u00f3n Logos\u00f3fica?&#8221; open=&#8221;off&#8221; closed_toggle_text_color=&#8221;#0c71c3&#8243; title_font=&#8221;|on|||&#8221; title_line_height=&#8221;1.8em&#8221; use_border_color=&#8221;off&#8221; border_color=&#8221;#ffffff&#8221; border_width=&#8221;1px&#8221; border_style=&#8221;solid&#8221; custom_css_toggle_title=&#8221;text-align:center;||&#8221; disabled=&#8221;off&#8221;]<\/p>\n<p><span style=\"font-weight: 400;\">Con la finalidad de saber m\u00e1s sobre la Logosof\u00eda y formarse un concepto m\u00e1s amplio de lo que es esta ciencia, se puede entrar en contacto con alguna de las diferentes Sedes Culturales instituidas por la Fundaci\u00f3n Logos\u00f3fica alrededor del mundo.<\/span><\/p>\n<p><span style=\"font-weight: 400;\">En la secci\u00f3n <a href=\"https:\/\/logosophy.info\/centros-culturales\/\">Instituci\u00f3n-Centros Culturales<\/a><\/span><span style=\"font-weight: 400;\">\u00a0es posible encontrar la ubicaci\u00f3n, la direcci\u00f3n y los datos para contacto de las principales sedes culturales logos\u00f3ficas del mundo. Algunos pa\u00edses tambi\u00e9n cuentan con un una p\u00e1gina web de la Fundaci\u00f3n Logos\u00f3fica local, que podr\u00e1 suministrar la localizaci\u00f3n de las dem\u00e1s sedes del pa\u00eds.<\/span><\/p>\n<p><span style=\"font-weight: 400;\">Tambi\u00e9n es interesante participar de alguna de las actividades abiertas al p\u00fablico, realizadas en las sedes culturales. Las fechas de las actividades pueden consultarse en esta p\u00e1gina web o en las p\u00e1ginas espec\u00edficas de la Fundaci\u00f3n Logos\u00f3fica de cada pa\u00eds, tambi\u00e9n es posible enviar un e-mail directamente a la sede que se pretende visitar.<\/span><\/p>\n<p><span style=\"font-weight: 400;\">En el caso de que su pa\u00eds no est\u00e9 en la lista en esta p\u00e1gina web o usted no encuentre un e-mail para contacto, utilice el formulario de\u00a0<\/span><a href=\"http:\/\/www.logosofia.info\/es\/contact.php\"><span style=\"font-weight: 400;\">Contacto<\/span><\/a><span style=\"font-weight: 400;\">\u00a0para escribirnos. Existe una comisi\u00f3n de divulgaci\u00f3n internacional que podr\u00e1 atenderlo y enviarle m\u00e1s informaciones sobre la Logosof\u00eda en cualquier pa\u00eds en el que se encuentre..<\/span><\/p>\n<p>[\/et_pb_toggle][et_pb_toggle admin_label=&#8221;Conmutador&#8221; title=&#8221;\u00bfCu\u00e1l es la diferencia entre la Logosof\u00eda y la Psicolog\u00eda, la Filosof\u00eda y las ideolog\u00edas pol\u00edticas?&#8221; open=&#8221;off&#8221; closed_toggle_text_color=&#8221;#0c71c3&#8243; title_font=&#8221;|on|||&#8221; title_line_height=&#8221;1.8em&#8221; use_border_color=&#8221;off&#8221; border_color=&#8221;#ffffff&#8221; border_width=&#8221;1px&#8221; border_style=&#8221;solid&#8221; custom_css_toggle_title=&#8221;text-align:center;&#8221; disabled=&#8221;off&#8221;]<\/p>\n<p><span style=\"font-weight: 400;\">El estudio logos\u00f3fico difiere del com\u00fan en que ha de llevarse a efecto conscientemente, vale decir, con participaci\u00f3n activa de la conciencia y con el definido prop\u00f3sito de hacerlo servir al perfeccionamiento de las calidades y excelencias psicol\u00f3gicas del ser. Encamina al hombre hacia una realizaci\u00f3n superior que abarca toda la vida y de la que nadie habr\u00e1 de arrepentirse jam\u00e1s. Difiere de los estudios comunes en que va dirigido a lo interno del ser, mientras aqu\u00e9llos son de uso externo, de aplicaci\u00f3n extra individual.<\/span><\/p>\n<p><span style=\"font-weight: 400;\">El saber logos\u00f3fico no tiene puntos de referencia con ninguna rama del saber com\u00fan. La ciencia logos\u00f3fica, \u00fanica en su g\u00e9nero y en sus proyecciones, fundamenta sus conocimientos sobre verdades incontrovertibles y hechos irrefutables. Esta es la raz\u00f3n por la cual desecha toda hip\u00f3tesis. Tampoco teoriza, por no necesitar en absoluto de tales recursos a los fines de su exposici\u00f3n. Por otra parte, nuestras afirmaciones son verificadas a diario por todos los que de a\u00f1os cultivan la Logosof\u00eda con provecho para sus vidas.<\/span><\/p>\n<p><span style=\"font-weight: 400;\">La Logosof\u00eda no plantea problemas, sino que los resuelve individualmente, porque cada hombre es una entidad individual que necesita resolver sus propios problemas, con lo cual se pone en condiciones de ayudar a otros a que resuelvan por s\u00ed mismos los problemas que enfrentan.<\/span><\/p>\n<p>[\/et_pb_toggle][et_pb_toggle admin_label=&#8221;Conmutador&#8221; title=&#8221;\u00bfLa Logosof\u00eda es una religi\u00f3n?&#8221; open=&#8221;off&#8221; closed_toggle_text_color=&#8221;#0c71c3&#8243; title_font=&#8221;|on|||&#8221; title_line_height=&#8221;1.8em&#8221; use_border_color=&#8221;off&#8221; border_color=&#8221;#ffffff&#8221; border_width=&#8221;1px&#8221; border_style=&#8221;solid&#8221; custom_css_toggle_title=&#8221;text-align:center;&#8221; disabled=&#8221;off&#8221;]<\/p>\n<p><span style=\"font-weight: 400;\">La Logosof\u00eda no es una religi\u00f3n; es una ciencia original que lleva al saber a trav\u00e9s de la sustituci\u00f3n del creer por el pensar y ayuda a pensar y sentir con total libertad, favoreciendo la erradicaci\u00f3n de las trabas mentales que son totalmente nocivas para el desarrollo espiritual y evolutivo del ser humano.<\/span><\/p>\n<p><span style=\"font-weight: 400;\">La Logosof\u00eda no aconseja que se crea en lo que se estudi\u00f3 ni aceptarlo ciegamente, por ciertas e incuestionables que parezcan sus afirmaciones; de all\u00ed que imponga la experimentaci\u00f3n como base segura del proceso rumbo al saber. Quiere que cada uno de sus cultores compruebe por s\u00ed las verdades que entra\u00f1a, y eso solo se puede hacer llev\u00e1ndolo al campo de la propia experiencia.<\/span><\/p>\n<p>[\/et_pb_toggle][\/et_pb_column][et_pb_column type=&#8221;1_4&#8243;][et_pb_image admin_label=&#8221;Imagen&#8221; src=&#8221;https:\/\/logosophy.info\/wp-content\/uploads\/2018\/03\/fl_banner-estudia-logosofia.jpg&#8221; show_in_lightbox=&#8221;off&#8221; url_new_window=&#8221;off&#8221; use_overlay=&#8221;off&#8221; animation=&#8221;off&#8221; sticky=&#8221;off&#8221; align=&#8221;left&#8221; force_fullwidth=&#8221;off&#8221; always_center_on_mobile=&#8221;on&#8221; use_border_color=&#8221;off&#8221; border_color=&#8221;#ffffff&#8221; border_style=&#8221;solid&#8221; disabled=&#8221;off&#8221; url=&#8221;https:\/\/logosophy.info\/estudiar-logosofia\/&#8221;] [\/et_pb_image][\/et_pb_column][\/et_pb_row][\/et_pb_section]<\/p>\n","protected":false},"excerpt":{"rendered":"<p>[et_pb_section admin_label=&#8221;section&#8221; background_image=&#8221;https:\/\/logosophy.info\/wp-content\/uploads\/2017\/07\/Imagenes-pasadores-FL-Internacional-Preguntas-frecuentes.jpg&#8221; transparent_background=&#8221;off&#8221; allow_player_pause=&#8221;off&#8221; inner_shadow=&#8221;off&#8221; parallax=&#8221;off&#8221; parallax_method=&#8221;on&#8221; custom_padding=&#8221;200px|||&#8221; padding_mobile=&#8221;off&#8221; make_fullwidth=&#8221;off&#8221; use_custom_width=&#8221;off&#8221; width_unit=&#8221;off&#8221; custom_width_px=&#8221;1080px&#8221; custom_width_percent=&#8221;80%&#8221; make_equal=&#8221;off&#8221; use_custom_gutter=&#8221;off&#8221; fullwidth=&#8221;on&#8221; specialty=&#8221;off&#8221; custom_css_main_element=&#8221;height:250px;&#8221; disabled=&#8221;off&#8221;][et_pb_fullwidth_header admin_label=&#8221;T\u00edtulo de anchura completa&#8221; background_layout=&#8221;dark&#8221; text_orientation=&#8221;center&#8221; header_fullscreen=&#8221;off&#8221; header_scroll_down=&#8221;off&#8221; scroll_down_icon=&#8221;%%3%%&#8221; parallax=&#8221;off&#8221; parallax_method=&#8221;off&#8221; content_orientation=&#8221;center&#8221; image_orientation=&#8221;center&#8221; title_font_size=&#8221;30px&#8221; content_font_size=&#8221;14px&#8221; custom_button_one=&#8221;off&#8221; button_one_text_size=&#8221;18&#8243; button_one_use_icon=&#8221;on&#8221; button_one_icon_placement=&#8221;right&#8221; button_one_on_hover=&#8221;on&#8221; button_one_letter_spacing_hover=&#8221;0&#8243; custom_button_two=&#8221;off&#8221; button_two_text_size=&#8221;18&#8243; button_two_use_icon=&#8221;on&#8221; button_two_icon_placement=&#8221;right&#8221; button_two_on_hover=&#8221;on&#8221; button_two_letter_spacing_hover=&#8221;0&#8243; disabled=&#8221;off&#8221;] [\/et_pb_fullwidth_header][\/et_pb_section][et_pb_section admin_label=&#8221;section&#8221; transparent_background=&#8221;off&#8221; background_color=&#8221;rgba(255,255,255,0.26)&#8221; allow_player_pause=&#8221;off&#8221; inner_shadow=&#8221;off&#8221; [&hellip;]<\/p>\n","protected":false},"author":4,"featured_media":0,"parent":0,"menu_order":0,"comment_status":"closed","ping_status":"closed","template":"","meta":{"footnotes":""},"class_list":["post-51","page","type-page","status-publish","hentry"],"yoast_head":"<!-- This site is optimized with the Yoast SEO plugin v16.1.1 - https:\/\/yoast.com\/wordpress\/plugins\/seo\/ -->\n<title>Preguntas frecuentes - Logosophy<\/title>\n<link rel=\"canonical\" href=\"https:\/\/logosophy.info\/?page_id=51&#038;lang=es\" \/>\n<meta property=\"og:locale\" content=\"pt_BR\" \/>\n<meta property=\"og:type\" content=\"article\" \/>\n<meta property=\"og:title\" content=\"Preguntas frecuentes - Logosophy\" \/>\n<meta property=\"og:description\" content=\"[et_pb_section admin_label=&#8221;section&#8221; background_image=&#8221;https:\/\/logosophy.info\/wp-content\/uploads\/2017\/07\/Imagenes-pasadores-FL-Internacional-Preguntas-frecuentes.jpg&#8221; transparent_background=&#8221;off&#8221; allow_player_pause=&#8221;off&#8221; inner_shadow=&#8221;off&#8221; parallax=&#8221;off&#8221; parallax_method=&#8221;on&#8221; custom_padding=&#8221;200px|||&#8221; padding_mobile=&#8221;off&#8221; make_fullwidth=&#8221;off&#8221; use_custom_width=&#8221;off&#8221; width_unit=&#8221;off&#8221; custom_width_px=&#8221;1080px&#8221; custom_width_percent=&#8221;80%&#8221; make_equal=&#8221;off&#8221; use_custom_gutter=&#8221;off&#8221; fullwidth=&#8221;on&#8221; specialty=&#8221;off&#8221; custom_css_main_element=&#8221;height:250px;&#8221; disabled=&#8221;off&#8221;][et_pb_fullwidth_header admin_label=&#8221;T\u00edtulo de anchura completa&#8221; background_layout=&#8221;dark&#8221; text_orientation=&#8221;center&#8221; header_fullscreen=&#8221;off&#8221; header_scroll_down=&#8221;off&#8221; scroll_down_icon=&#8221;&#8221; parallax=&#8221;off&#8221; parallax_method=&#8221;off&#8221; content_orientation=&#8221;center&#8221; image_orientation=&#8221;center&#8221; title_font_size=&#8221;30px&#8221; content_font_size=&#8221;14px&#8221; custom_button_one=&#8221;off&#8221; button_one_text_size=&#8221;18&#8243; button_one_use_icon=&#8221;on&#8221; button_one_icon_placement=&#8221;right&#8221; button_one_on_hover=&#8221;on&#8221; button_one_letter_spacing_hover=&#8221;0&#8243; custom_button_two=&#8221;off&#8221; button_two_text_size=&#8221;18&#8243; button_two_use_icon=&#8221;on&#8221; button_two_icon_placement=&#8221;right&#8221; button_two_on_hover=&#8221;on&#8221; button_two_letter_spacing_hover=&#8221;0&#8243; disabled=&#8221;off&#8221;] [\/et_pb_fullwidth_header][\/et_pb_section][et_pb_section admin_label=&#8221;section&#8221; transparent_background=&#8221;off&#8221; background_color=&#8221;rgba(255,255,255,0.26)&#8221; allow_player_pause=&#8221;off&#8221; inner_shadow=&#8221;off&#8221; [&hellip;]\" \/>\n<meta property=\"og:url\" content=\"https:\/\/logosophy.info\/?page_id=51&amp;lang=es\" \/>\n<meta property=\"og:site_name\" content=\"Logosophy\" \/>\n<meta property=\"article:publisher\" content=\"https:\/\/www.facebook.com\/Logosof%c3%ada-Europa-100169344799531\" \/>\n<meta property=\"article:modified_time\" content=\"2018-03-16T18:00:23+00:00\" \/>\n<meta name=\"twitter:card\" content=\"summary_large_image\" \/>\n<meta name=\"twitter:site\" content=\"@logosophy\" \/>\n<meta name=\"twitter:label1\" content=\"Est. tempo de leitura\">\n\t<meta name=\"twitter:data1\" content=\"10 minutos\">\n<script type=\"application\/ld+json\" class=\"yoast-schema-graph\">{\"@context\":\"https:\/\/schema.org\",\"@graph\":[{\"@type\":\"WebSite\",\"@id\":\"https:\/\/logosophy.info\/es\/#website\",\"url\":\"https:\/\/logosophy.info\/es\/\",\"name\":\"Logosophy\",\"description\":\"Sitio web internacional de Logosof\\u00eda Internacional, ciencia de la Evoluci\\u00f3n Consciente\",\"potentialAction\":[{\"@type\":\"SearchAction\",\"target\":\"https:\/\/logosophy.info\/es\/?s={search_term_string}\",\"query-input\":\"required name=search_term_string\"}],\"inLanguage\":\"pt-BR\"},{\"@type\":\"WebPage\",\"@id\":\"https:\/\/logosophy.info\/?page_id=51&lang=es#webpage\",\"url\":\"https:\/\/logosophy.info\/?page_id=51&lang=es\",\"name\":\"Preguntas frecuentes - Logosophy\",\"isPartOf\":{\"@id\":\"https:\/\/logosophy.info\/es\/#website\"},\"datePublished\":\"2017-07-28T16:22:05+00:00\",\"dateModified\":\"2018-03-16T18:00:23+00:00\",\"breadcrumb\":{\"@id\":\"https:\/\/logosophy.info\/?page_id=51&lang=es#breadcrumb\"},\"inLanguage\":\"pt-BR\",\"potentialAction\":[{\"@type\":\"ReadAction\",\"target\":[\"https:\/\/logosophy.info\/?page_id=51&lang=es\"]}]},{\"@type\":\"BreadcrumbList\",\"@id\":\"https:\/\/logosophy.info\/?page_id=51&lang=es#breadcrumb\",\"itemListElement\":[{\"@type\":\"ListItem\",\"position\":1,\"item\":{\"@type\":\"WebPage\",\"@id\":\"https:\/\/logosophy.info\/?lang=pt\",\"url\":\"https:\/\/logosophy.info\/?lang=pt\",\"name\":\"Portada\"}},{\"@type\":\"ListItem\",\"position\":2,\"item\":{\"@type\":\"WebPage\",\"@id\":\"https:\/\/logosophy.info\/?page_id=51&lang=es\",\"url\":\"https:\/\/logosophy.info\/?page_id=51&lang=es\",\"name\":\"Preguntas frecuentes\"}}]}]}<\/script>\n<!-- \/ Yoast SEO plugin. -->","_links":{"self":[{"href":"https:\/\/logosophy.info\/index.php?rest_route=\/wp\/v2\/pages\/51","targetHints":{"allow":["GET"]}}],"collection":[{"href":"https:\/\/logosophy.info\/index.php?rest_route=\/wp\/v2\/pages"}],"about":[{"href":"https:\/\/logosophy.info\/index.php?rest_route=\/wp\/v2\/types\/page"}],"author":[{"embeddable":true,"href":"https:\/\/logosophy.info\/index.php?rest_route=\/wp\/v2\/users\/4"}],"replies":[{"embeddable":true,"href":"https:\/\/logosophy.info\/index.php?rest_route=%2Fwp%2Fv2%2Fcomments&post=51"}],"version-history":[{"count":21,"href":"https:\/\/logosophy.info\/index.php?rest_route=\/wp\/v2\/pages\/51\/revisions"}],"predecessor-version":[{"id":633,"href":"https:\/\/logosophy.info\/index.php?rest_route=\/wp\/v2\/pages\/51\/revisions\/633"}],"wp:attachment":[{"href":"https:\/\/logosophy.info\/index.php?rest_route=%2Fwp%2Fv2%2Fmedia&parent=51"}],"curies":[{"name":"wp","href":"https:\/\/api.w.org\/{rel}","templated":true}]}}