{"id":1080,"date":"2018-03-28T15:04:20","date_gmt":"2018-03-28T18:04:20","guid":{"rendered":"https:\/\/logosophy.info\/?page_id=1080"},"modified":"2018-03-28T16:08:28","modified_gmt":"2018-03-28T19:08:28","slug":"bildungssystem","status":"publish","type":"page","link":"https:\/\/logosophy.info\/?page_id=1080&lang=de","title":{"rendered":"Bildungssystem"},"content":{"rendered":"<p>[et_pb_section admin_label=&#8221;section&#8221; background_image=&#8221;https:\/\/logosophy.info\/wp-content\/uploads\/2017\/07\/Imagenes-pasadores-FL-Internacional-Educacio\u0301n.jpg&#8221; transparent_background=&#8221;off&#8221; allow_player_pause=&#8221;off&#8221; inner_shadow=&#8221;off&#8221; parallax=&#8221;off&#8221; parallax_method=&#8221;on&#8221; custom_padding=&#8221;200px|||&#8221; padding_mobile=&#8221;off&#8221; make_fullwidth=&#8221;off&#8221; use_custom_width=&#8221;off&#8221; width_unit=&#8221;off&#8221; custom_width_px=&#8221;1080px&#8221; custom_width_percent=&#8221;80%&#8221; make_equal=&#8221;off&#8221; use_custom_gutter=&#8221;off&#8221; fullwidth=&#8221;on&#8221; specialty=&#8221;off&#8221; custom_css_main_element=&#8221;height:250px;&#8221; disabled=&#8221;off&#8221;][et_pb_fullwidth_header admin_label=&#8221;T\u00edtulo de anchura completa&#8221; background_layout=&#8221;dark&#8221; text_orientation=&#8221;center&#8221; header_fullscreen=&#8221;off&#8221; header_scroll_down=&#8221;off&#8221; scroll_down_icon=&#8221;%%3%%&#8221; parallax=&#8221;off&#8221; parallax_method=&#8221;off&#8221; content_orientation=&#8221;center&#8221; image_orientation=&#8221;center&#8221; title_font_size=&#8221;30px&#8221; content_font_size=&#8221;14px&#8221; custom_button_one=&#8221;off&#8221; button_one_text_size=&#8221;18&#8243; button_one_use_icon=&#8221;on&#8221; button_one_icon_placement=&#8221;right&#8221; button_one_on_hover=&#8221;on&#8221; button_one_letter_spacing_hover=&#8221;0&#8243; custom_button_two=&#8221;off&#8221; button_two_text_size=&#8221;18&#8243; button_two_use_icon=&#8221;on&#8221; button_two_icon_placement=&#8221;right&#8221; button_two_on_hover=&#8221;on&#8221; button_two_letter_spacing_hover=&#8221;0&#8243; disabled=&#8221;off&#8221;]<\/p>\n<p>[\/et_pb_fullwidth_header][\/et_pb_section][et_pb_section admin_label=&#8221;section&#8221; transparent_background=&#8221;off&#8221; allow_player_pause=&#8221;off&#8221; inner_shadow=&#8221;off&#8221; parallax=&#8221;off&#8221; parallax_method=&#8221;on&#8221; padding_mobile=&#8221;off&#8221; make_fullwidth=&#8221;off&#8221; use_custom_width=&#8221;off&#8221; width_unit=&#8221;off&#8221; custom_width_px=&#8221;1080px&#8221; custom_width_percent=&#8221;80%&#8221; make_equal=&#8221;off&#8221; use_custom_gutter=&#8221;off&#8221; fullwidth=&#8221;off&#8221; specialty=&#8221;off&#8221; disabled=&#8221;off&#8221;][et_pb_row admin_label=&#8221;row&#8221; make_fullwidth=&#8221;off&#8221; use_custom_width=&#8221;off&#8221; width_unit=&#8221;off&#8221; custom_width_px=&#8221;1080px&#8221; custom_width_percent=&#8221;80%&#8221; use_custom_gutter=&#8221;off&#8221; gutter_width=&#8221;3&#8243; custom_padding=&#8221;0px|0px|27px|0px&#8221; padding_mobile=&#8221;off&#8221; allow_player_pause=&#8221;off&#8221; parallax=&#8221;off&#8221; parallax_method=&#8221;on&#8221; make_equal=&#8221;off&#8221; column_padding_mobile=&#8221;on&#8221; parallax_1=&#8221;off&#8221; parallax_method_1=&#8221;on&#8221; parallax_2=&#8221;off&#8221; parallax_method_2=&#8221;on&#8221; parallax_3=&#8221;off&#8221; parallax_method_3=&#8221;on&#8221; parallax_4=&#8221;off&#8221; parallax_method_4=&#8221;on&#8221; disabled=&#8221;off&#8221;][et_pb_column type=&#8221;4_4&#8243;][et_pb_text admin_label=&#8221;Texto&#8221; background_layout=&#8221;light&#8221; text_orientation=&#8221;left&#8221; use_border_color=&#8221;off&#8221; border_style=&#8221;solid&#8221; disabled=&#8221;off&#8221; border_color=&#8221;#ffffff&#8221;]<\/p>\n<h1>LOGOSOPHISCHES BILDUNGSSYSTEM<\/h1>\n<p><\/p>\n<p><span style=\"font-weight: 400;\">Das logosophische Bildungssystem besteht aus den verschiedenen logosophischen Schulen der Welt, deren Handlungen sich auf zwei S\u00e4ulen st\u00fctzen: zum einen der Unterricht der Lehrplaninhalte, das hei\u00dft der schulischen Bildung nach den jeweiligen lokalen Rechtsvorschriften, und zum anderen die p\u00e4dagogische Arbeit, welche auf der logosophischen Auffassung beruht und auf die Bildung und Schulung f\u00fcr das Leben abzielt. Diese logosophische P\u00e4dagogik hat die Aufmerksamkeit des bildungspolitischen Umfelds aufgrund der Neuartigkeit ihrer Grunds\u00e4tze und der erreichten Ergebnisse in der mentalen, moralischen und geistigen Bildung von Kindern und Jugendlichen auf sich gezogen. In den logosophischen Schulen findet man eine Atmosph\u00e4re von Zuneigung und Respekt und kultiviert Werte, die f\u00fcr das Leben der Sch\u00fcler wesentlich sind. Dabei werden deren Familien umfassend eingebunden.<\/span> <\/p>\n<p><span style=\"font-weight: 400;\">Das logosophische Bildungssystem unterh\u00e4lt derzeit zahlreiche Schulen vom Kleinkindalter bis zur Hochschulreife in Argentinien, Brasilien und Uruguay. <\/span> <\/p>\n<p><span style=\"font-weight: 400;\">&nbsp;<\/span><span style=\"font-weight: 400;\"> <\/span><\/p>\n<p>[\/et_pb_text][\/et_pb_column][\/et_pb_row][et_pb_row admin_label=&#8221;Fila&#8221; make_fullwidth=&#8221;off&#8221; use_custom_width=&#8221;off&#8221; width_unit=&#8221;off&#8221; custom_width_px=&#8221;1080px&#8221; custom_width_percent=&#8221;80%&#8221; use_custom_gutter=&#8221;off&#8221; gutter_width=&#8221;3&#8243; padding_mobile=&#8221;off&#8221; allow_player_pause=&#8221;off&#8221; parallax=&#8221;off&#8221; parallax_method=&#8221;on&#8221; make_equal=&#8221;off&#8221; column_padding_mobile=&#8221;on&#8221; parallax_1=&#8221;off&#8221; parallax_method_1=&#8221;on&#8221; parallax_2=&#8221;off&#8221; parallax_method_2=&#8221;on&#8221; parallax_3=&#8221;off&#8221; parallax_method_3=&#8221;on&#8221; parallax_4=&#8221;off&#8221; parallax_method_4=&#8221;on&#8221; disabled=&#8221;off&#8221;][et_pb_column type=&#8221;1_2&#8243;][et_pb_image admin_label=&#8221;Imagen&#8221; show_in_lightbox=&#8221;off&#8221; url_new_window=&#8221;off&#8221; use_overlay=&#8221;off&#8221; animation=&#8221;left&#8221; sticky=&#8221;off&#8221; align=&#8221;left&#8221; force_fullwidth=&#8221;off&#8221; always_center_on_mobile=&#8221;on&#8221; use_border_color=&#8221;off&#8221; border_color=&#8221;#ffffff&#8221; border_style=&#8221;solid&#8221; src=&#8221;https:\/\/logosophy.info\/wp-content\/uploads\/2017\/07\/2.jpg&#8221;]<\/p>\n<p>[\/et_pb_image][et_pb_text admin_label=&#8221;Texto&#8221; background_layout=&#8221;light&#8221; text_orientation=&#8221;left&#8221; use_border_color=&#8221;off&#8221; border_style=&#8221;solid&#8221; disabled=&#8221;off&#8221; border_color=&#8221;#ffffff&#8221;]<\/p>\n<h2 style=\"text-align: center;\">Mission<\/h2>\n<p>Das Ziel der logosophischen P\u00e4dagogik ist es, Kindern und Jugendlichen Unterst\u00fctzung und Wissen zu bieten und damit die volle Entfaltung ihrer k\u00f6rperlichen, mentalen, moralischen und geistigen F\u00e4higkeiten zu f\u00f6rdern. Gleichzeitig formt sie die Grundlage f\u00fcr einen neuen Menschen, der sich seiner Verantwortung gegen\u00fcber dem eigenen Leben, gegen\u00fcber der Gesellschaft, in der er lebt, und gegen\u00fcber der Welt bewusster ist.<\/p>\n<p>[\/et_pb_text][\/et_pb_column][et_pb_column type=&#8221;1_2&#8243;][et_pb_image admin_label=&#8221;Imagen&#8221; show_in_lightbox=&#8221;off&#8221; url_new_window=&#8221;off&#8221; use_overlay=&#8221;off&#8221; animation=&#8221;left&#8221; sticky=&#8221;off&#8221; align=&#8221;left&#8221; force_fullwidth=&#8221;off&#8221; always_center_on_mobile=&#8221;on&#8221; use_border_color=&#8221;off&#8221; border_color=&#8221;#ffffff&#8221; border_style=&#8221;solid&#8221; src=&#8221;https:\/\/logosophy.info\/wp-content\/uploads\/2017\/07\/1.jpg&#8221;]<\/p>\n<p>[\/et_pb_image][et_pb_text admin_label=&#8221;Texto&#8221; background_layout=&#8221;light&#8221; text_orientation=&#8221;left&#8221; use_border_color=&#8221;off&#8221; border_style=&#8221;solid&#8221; disabled=&#8221;off&#8221; border_color=&#8221;#ffffff&#8221;]<\/p>\n<h2 style=\"text-align: center;\">Logosophische P\u00e4dagogik<\/h2>\n<p>Die logosophische P\u00e4dagogik, die auf der Logosophie basiert, beabsichtigt die biologische, psychologische und geistige Bildung der Sch\u00fcler, w\u00e4hrend sie die nat\u00fcrliche Entwicklung ihres bewussten Lebens im Blick beh\u00e4lt. Basierend auf der psychodynamische Methode der Logosophie, f\u00f6rdert sie die Erf\u00fcllung der beiden Ziele der menschlichen Existenz: sich bewusst zu entwickeln und der Menschheit zu dienen.<\/p>\n<p>[\/et_pb_text][\/et_pb_column][\/et_pb_row][et_pb_row admin_label=&#8221;Fila&#8221; make_fullwidth=&#8221;off&#8221; use_custom_width=&#8221;off&#8221; width_unit=&#8221;off&#8221; custom_width_px=&#8221;1080px&#8221; custom_width_percent=&#8221;80%&#8221; use_custom_gutter=&#8221;off&#8221; gutter_width=&#8221;3&#8243; padding_mobile=&#8221;off&#8221; allow_player_pause=&#8221;off&#8221; parallax=&#8221;off&#8221; parallax_method=&#8221;on&#8221; make_equal=&#8221;off&#8221; column_padding_mobile=&#8221;on&#8221; parallax_1=&#8221;off&#8221; parallax_method_1=&#8221;on&#8221; parallax_2=&#8221;off&#8221; parallax_method_2=&#8221;on&#8221; parallax_3=&#8221;off&#8221; parallax_method_3=&#8221;on&#8221; parallax_4=&#8221;off&#8221; parallax_method_4=&#8221;on&#8221; disabled=&#8221;off&#8221;][et_pb_column type=&#8221;4_4&#8243;][et_pb_image admin_label=&#8221;Imagen&#8221; show_in_lightbox=&#8221;off&#8221; url_new_window=&#8221;off&#8221; use_overlay=&#8221;off&#8221; animation=&#8221;left&#8221; sticky=&#8221;off&#8221; align=&#8221;left&#8221; force_fullwidth=&#8221;off&#8221; always_center_on_mobile=&#8221;on&#8221; use_border_color=&#8221;off&#8221; border_color=&#8221;#ffffff&#8221; border_style=&#8221;solid&#8221; src=&#8221;https:\/\/logosophy.info\/wp-content\/uploads\/2017\/07\/3.jpg&#8221;]<\/p>\n<p>[\/et_pb_image][et_pb_text admin_label=&#8221;Texto&#8221; background_layout=&#8221;light&#8221; text_orientation=&#8221;left&#8221; use_border_color=&#8221;off&#8221; border_style=&#8221;solid&#8221; disabled=&#8221;off&#8221; border_color=&#8221;#ffffff&#8221;]<\/p>\n<h2 style=\"text-align: center;\">Die logosophische Methode in der p\u00e4dagogischen Handlung<\/h2>\n<p> Einige der wichtigsten Aspekte bei der Anwendung der logosophischen Methode im Bildungswesen: Die Durchf\u00fchrung des durch die Logosophie gegr\u00fcndeten Prozesses der bewussten Evolution durch die Erzieher, die damit selbst zu Beispiel dessen werden, was sie lehren. Die Anwendung und Schulung des bewussten Prinzips, das vereinfacht gesagt, die F\u00e4higkeit ist, zischen eigenst\u00e4ndigem freien Denken und dem Handeln von Gedanken zu unterscheiden. Die sensible Verbindung zwischen Lehrer und Sch\u00fcler durch die Kultivierung von Zuneigung als festigendem Prinzip menschlicher Beziehungen. Die Bildung eines Umfelds, in der moralische und ethische Qualit\u00e4ten wie Respekt, Freude, Disziplin, Toleranz, aufrichtige Hilfe, so wie Freiheit und die Anregung zum Lernen, zum Wunsch, ein besserer Mensch zu sein, und zur st\u00e4ndigen Aus\u00fcbung des Guten kultiviert werden. Die Bereitstellung von nat\u00fcrlichen und positiven Anregungen, die f\u00fcr die Bildung des Charakters unabdingbar sind. Die gemeinsame und integrierte Handlung von Zuhause und Schule als die beiden wichtigsten Bildungseinrichtungen. <\/p>\n<p class=\"p1\"><span class=\"s1\">Um mehr zu erfahren, besuchen Sie eine der Internetseiten des Logosophischen Bildungssystems.<\/span><\/p>\n<ul class=\"ul1 row\" style=\"list-style:none; padding:0; margin-top:30px;\">\n<li class=\"li1 col-lg-4 col-md-4\"> <span class=\"s1\" style=\"background: #062d6a; display: block; color: #fff; text-align: center; text-transform: uppercase; padding: 15px 5px \"> <img decoding=\"async\" src=\"https:\/\/logosophy.info\/wp-content\/uploads\/2018\/03\/argentina.png\" alt=\"\" style=\"position: relative; top: 7px; left: -3px;width: 24px\"> Argentina <br \/> <a style=\"color:#fff; font-size: 17px\" href=\"http:\/\/www.colegiologosofico.edu.ar\/\">colegiologosofico.edu.ar<\/a><\/span><\/li>\n<li class=\"li1 col-lg-4 col-md-4\"> <span class=\"s1\" style=\"background: #062d6a; display: block; color: #fff; text-align: center; text-transform: uppercase; padding: 15px 5px \"> <img decoding=\"async\" src=\"https:\/\/logosophy.info\/wp-content\/uploads\/2018\/03\/brasil.png\" alt=\"\" style=\"position: relative; top: 7px; left: -3px;width: 24px\"> Brasil<br \/> <a style=\"color:#fff; font-size: 17px\" href=\"http:\/\/www.colegiologosofico.com.br\/\">colegiologosofico.com.br<\/a><\/span><\/li>\n<li class=\"li1 col-lg-4 col-md-4\"> <span class=\"s1\" style=\"background: #062d6a; display: block; color: #fff; text-align: center; text-transform: uppercase; padding: 15px 5px \"> <img decoding=\"async\" src=\"https:\/\/logosophy.info\/wp-content\/uploads\/2018\/03\/uruguay.png\" alt=\"\" style=\"position: relative; top: 7px; left: -3px;width: 24px\"> Uruguay<br \/> <a style=\"color:#fff; font-size: 17px\" href=\"http:\/\/logosofico.edu.uy\/\">logosofico.edu.uy<\/a><\/span><\/li>\n<\/ul>\n<p>[\/et_pb_text][\/et_pb_column][\/et_pb_row][\/et_pb_section]<\/p>\n","protected":false},"excerpt":{"rendered":"<p>[et_pb_section admin_label=&#8221;section&#8221; background_image=&#8221;https:\/\/logosophy.info\/wp-content\/uploads\/2017\/07\/Imagenes-pasadores-FL-Internacional-Educacio\u0301n.jpg&#8221; transparent_background=&#8221;off&#8221; allow_player_pause=&#8221;off&#8221; inner_shadow=&#8221;off&#8221; parallax=&#8221;off&#8221; parallax_method=&#8221;on&#8221; custom_padding=&#8221;200px|||&#8221; padding_mobile=&#8221;off&#8221; make_fullwidth=&#8221;off&#8221; use_custom_width=&#8221;off&#8221; width_unit=&#8221;off&#8221; custom_width_px=&#8221;1080px&#8221; custom_width_percent=&#8221;80%&#8221; make_equal=&#8221;off&#8221; use_custom_gutter=&#8221;off&#8221; fullwidth=&#8221;on&#8221; specialty=&#8221;off&#8221; custom_css_main_element=&#8221;height:250px;&#8221; disabled=&#8221;off&#8221;][et_pb_fullwidth_header admin_label=&#8221;T\u00edtulo de anchura completa&#8221; background_layout=&#8221;dark&#8221; text_orientation=&#8221;center&#8221; header_fullscreen=&#8221;off&#8221; header_scroll_down=&#8221;off&#8221; scroll_down_icon=&#8221;%%3%%&#8221; parallax=&#8221;off&#8221; parallax_method=&#8221;off&#8221; content_orientation=&#8221;center&#8221; image_orientation=&#8221;center&#8221; title_font_size=&#8221;30px&#8221; content_font_size=&#8221;14px&#8221; custom_button_one=&#8221;off&#8221; button_one_text_size=&#8221;18&#8243; button_one_use_icon=&#8221;on&#8221; button_one_icon_placement=&#8221;right&#8221; button_one_on_hover=&#8221;on&#8221; button_one_letter_spacing_hover=&#8221;0&#8243; custom_button_two=&#8221;off&#8221; button_two_text_size=&#8221;18&#8243; button_two_use_icon=&#8221;on&#8221; button_two_icon_placement=&#8221;right&#8221; button_two_on_hover=&#8221;on&#8221; button_two_letter_spacing_hover=&#8221;0&#8243; disabled=&#8221;off&#8221;] [\/et_pb_fullwidth_header][\/et_pb_section][et_pb_section admin_label=&#8221;section&#8221; transparent_background=&#8221;off&#8221; allow_player_pause=&#8221;off&#8221; inner_shadow=&#8221;off&#8221; parallax=&#8221;off&#8221; [&hellip;]<\/p>\n","protected":false},"author":4,"featured_media":0,"parent":0,"menu_order":0,"comment_status":"closed","ping_status":"closed","template":"","meta":{"footnotes":""},"class_list":["post-1080","page","type-page","status-publish","hentry"],"yoast_head":"<!-- This site is optimized with the Yoast SEO plugin v16.1.1 - https:\/\/yoast.com\/wordpress\/plugins\/seo\/ -->\n<title>Bildungssystem - Logosophy<\/title>\n<link rel=\"canonical\" href=\"https:\/\/logosophy.info\/?page_id=1080&#038;lang=de\" \/>\n<meta property=\"og:locale\" content=\"pt_BR\" \/>\n<meta property=\"og:type\" content=\"article\" \/>\n<meta property=\"og:title\" content=\"Bildungssystem - Logosophy\" \/>\n<meta property=\"og:description\" content=\"[et_pb_section admin_label=&#8221;section&#8221; background_image=&#8221;https:\/\/logosophy.info\/wp-content\/uploads\/2017\/07\/Imagenes-pasadores-FL-Internacional-Educacio\u0301n.jpg&#8221; transparent_background=&#8221;off&#8221; allow_player_pause=&#8221;off&#8221; inner_shadow=&#8221;off&#8221; parallax=&#8221;off&#8221; parallax_method=&#8221;on&#8221; custom_padding=&#8221;200px|||&#8221; padding_mobile=&#8221;off&#8221; make_fullwidth=&#8221;off&#8221; use_custom_width=&#8221;off&#8221; width_unit=&#8221;off&#8221; custom_width_px=&#8221;1080px&#8221; custom_width_percent=&#8221;80%&#8221; make_equal=&#8221;off&#8221; use_custom_gutter=&#8221;off&#8221; fullwidth=&#8221;on&#8221; specialty=&#8221;off&#8221; custom_css_main_element=&#8221;height:250px;&#8221; disabled=&#8221;off&#8221;][et_pb_fullwidth_header admin_label=&#8221;T\u00edtulo de anchura completa&#8221; background_layout=&#8221;dark&#8221; text_orientation=&#8221;center&#8221; header_fullscreen=&#8221;off&#8221; header_scroll_down=&#8221;off&#8221; scroll_down_icon=&#8221;&#8221; parallax=&#8221;off&#8221; parallax_method=&#8221;off&#8221; content_orientation=&#8221;center&#8221; image_orientation=&#8221;center&#8221; title_font_size=&#8221;30px&#8221; content_font_size=&#8221;14px&#8221; custom_button_one=&#8221;off&#8221; button_one_text_size=&#8221;18&#8243; button_one_use_icon=&#8221;on&#8221; button_one_icon_placement=&#8221;right&#8221; button_one_on_hover=&#8221;on&#8221; button_one_letter_spacing_hover=&#8221;0&#8243; custom_button_two=&#8221;off&#8221; button_two_text_size=&#8221;18&#8243; button_two_use_icon=&#8221;on&#8221; button_two_icon_placement=&#8221;right&#8221; button_two_on_hover=&#8221;on&#8221; button_two_letter_spacing_hover=&#8221;0&#8243; disabled=&#8221;off&#8221;] [\/et_pb_fullwidth_header][\/et_pb_section][et_pb_section admin_label=&#8221;section&#8221; transparent_background=&#8221;off&#8221; allow_player_pause=&#8221;off&#8221; inner_shadow=&#8221;off&#8221; parallax=&#8221;off&#8221; [&hellip;]\" \/>\n<meta property=\"og:url\" content=\"https:\/\/logosophy.info\/?page_id=1080&amp;lang=de\" \/>\n<meta property=\"og:site_name\" content=\"Logosophy\" \/>\n<meta property=\"article:publisher\" content=\"https:\/\/www.facebook.com\/Logosof%c3%ada-Europa-100169344799531\" \/>\n<meta property=\"article:modified_time\" content=\"2018-03-28T19:08:28+00:00\" \/>\n<meta property=\"og:image\" content=\"https:\/\/logosophy.info\/wp-content\/uploads\/2018\/03\/argentina.png\" \/>\n<meta name=\"twitter:card\" content=\"summary_large_image\" \/>\n<meta name=\"twitter:site\" content=\"@logosophy\" \/>\n<meta name=\"twitter:label1\" content=\"Est. tempo de leitura\">\n\t<meta name=\"twitter:data1\" content=\"6 minutos\">\n<script type=\"application\/ld+json\" class=\"yoast-schema-graph\">{\"@context\":\"https:\/\/schema.org\",\"@graph\":[{\"@type\":\"WebSite\",\"@id\":\"https:\/\/logosophy.info\/es\/#website\",\"url\":\"https:\/\/logosophy.info\/es\/\",\"name\":\"Logosophy\",\"description\":\"Sitio web internacional de Logosof\\u00eda Internacional, ciencia de la Evoluci\\u00f3n Consciente\",\"potentialAction\":[{\"@type\":\"SearchAction\",\"target\":\"https:\/\/logosophy.info\/es\/?s={search_term_string}\",\"query-input\":\"required name=search_term_string\"}],\"inLanguage\":\"pt-BR\"},{\"@type\":\"ImageObject\",\"@id\":\"https:\/\/logosophy.info\/?page_id=1080&lang=de#primaryimage\",\"inLanguage\":\"pt-BR\",\"url\":\"https:\/\/logosophy.info\/wp-content\/uploads\/2018\/03\/argentina.png\",\"contentUrl\":\"https:\/\/logosophy.info\/wp-content\/uploads\/2018\/03\/argentina.png\",\"width\":24,\"height\":24},{\"@type\":\"WebPage\",\"@id\":\"https:\/\/logosophy.info\/?page_id=1080&lang=de#webpage\",\"url\":\"https:\/\/logosophy.info\/?page_id=1080&lang=de\",\"name\":\"Bildungssystem - Logosophy\",\"isPartOf\":{\"@id\":\"https:\/\/logosophy.info\/es\/#website\"},\"primaryImageOfPage\":{\"@id\":\"https:\/\/logosophy.info\/?page_id=1080&lang=de#primaryimage\"},\"datePublished\":\"2018-03-28T18:04:20+00:00\",\"dateModified\":\"2018-03-28T19:08:28+00:00\",\"breadcrumb\":{\"@id\":\"https:\/\/logosophy.info\/?page_id=1080&lang=de#breadcrumb\"},\"inLanguage\":\"pt-BR\",\"potentialAction\":[{\"@type\":\"ReadAction\",\"target\":[\"https:\/\/logosophy.info\/?page_id=1080&lang=de\"]}]},{\"@type\":\"BreadcrumbList\",\"@id\":\"https:\/\/logosophy.info\/?page_id=1080&lang=de#breadcrumb\",\"itemListElement\":[{\"@type\":\"ListItem\",\"position\":1,\"item\":{\"@type\":\"WebPage\",\"@id\":\"https:\/\/logosophy.info\/?lang=pt\",\"url\":\"https:\/\/logosophy.info\/?lang=pt\",\"name\":\"Portada\"}},{\"@type\":\"ListItem\",\"position\":2,\"item\":{\"@type\":\"WebPage\",\"@id\":\"https:\/\/logosophy.info\/?page_id=1080&lang=de\",\"url\":\"https:\/\/logosophy.info\/?page_id=1080&lang=de\",\"name\":\"Bildungssystem\"}}]}]}<\/script>\n<!-- \/ Yoast SEO plugin. -->","_links":{"self":[{"href":"https:\/\/logosophy.info\/index.php?rest_route=\/wp\/v2\/pages\/1080","targetHints":{"allow":["GET"]}}],"collection":[{"href":"https:\/\/logosophy.info\/index.php?rest_route=\/wp\/v2\/pages"}],"about":[{"href":"https:\/\/logosophy.info\/index.php?rest_route=\/wp\/v2\/types\/page"}],"author":[{"embeddable":true,"href":"https:\/\/logosophy.info\/index.php?rest_route=\/wp\/v2\/users\/4"}],"replies":[{"embeddable":true,"href":"https:\/\/logosophy.info\/index.php?rest_route=%2Fwp%2Fv2%2Fcomments&post=1080"}],"version-history":[{"count":4,"href":"https:\/\/logosophy.info\/index.php?rest_route=\/wp\/v2\/pages\/1080\/revisions"}],"predecessor-version":[{"id":1122,"href":"https:\/\/logosophy.info\/index.php?rest_route=\/wp\/v2\/pages\/1080\/revisions\/1122"}],"wp:attachment":[{"href":"https:\/\/logosophy.info\/index.php?rest_route=%2Fwp%2Fv2%2Fmedia&parent=1080"}],"curies":[{"name":"wp","href":"https:\/\/api.w.org\/{rel}","templated":true}]}}