{"id":1078,"date":"2018-03-28T15:00:53","date_gmt":"2018-03-28T18:00:53","guid":{"rendered":"https:\/\/logosophy.info\/?page_id=1078"},"modified":"2018-05-24T10:46:07","modified_gmt":"2018-05-24T13:46:07","slug":"haeufige-fragen","status":"publish","type":"page","link":"https:\/\/logosophy.info\/?page_id=1078&lang=de","title":{"rendered":"H\u00e4ufige Fragen"},"content":{"rendered":"<p>[et_pb_section admin_label=&#8221;section&#8221; background_image=&#8221;https:\/\/logosophy.info\/wp-content\/uploads\/2017\/07\/Imagenes-pasadores-FL-Internacional-Preguntas-frecuentes.jpg&#8221; transparent_background=&#8221;off&#8221; allow_player_pause=&#8221;off&#8221; inner_shadow=&#8221;off&#8221; parallax=&#8221;off&#8221; parallax_method=&#8221;on&#8221; custom_padding=&#8221;200px|||&#8221; padding_mobile=&#8221;off&#8221; make_fullwidth=&#8221;off&#8221; use_custom_width=&#8221;off&#8221; width_unit=&#8221;off&#8221; custom_width_px=&#8221;1080px&#8221; custom_width_percent=&#8221;80%&#8221; make_equal=&#8221;off&#8221; use_custom_gutter=&#8221;off&#8221; fullwidth=&#8221;on&#8221; specialty=&#8221;off&#8221; custom_css_main_element=&#8221;height:250px;&#8221; disabled=&#8221;off&#8221;][et_pb_fullwidth_header admin_label=&#8221;T\u00edtulo de anchura completa&#8221; background_layout=&#8221;dark&#8221; text_orientation=&#8221;center&#8221; header_fullscreen=&#8221;off&#8221; header_scroll_down=&#8221;off&#8221; scroll_down_icon=&#8221;%%3%%&#8221; parallax=&#8221;off&#8221; parallax_method=&#8221;off&#8221; content_orientation=&#8221;center&#8221; image_orientation=&#8221;center&#8221; title_font_size=&#8221;30px&#8221; content_font_size=&#8221;14px&#8221; custom_button_one=&#8221;off&#8221; button_one_text_size=&#8221;18&#8243; button_one_use_icon=&#8221;on&#8221; button_one_icon_placement=&#8221;right&#8221; button_one_on_hover=&#8221;on&#8221; button_one_letter_spacing_hover=&#8221;0&#8243; custom_button_two=&#8221;off&#8221; button_two_text_size=&#8221;18&#8243; button_two_use_icon=&#8221;on&#8221; button_two_icon_placement=&#8221;right&#8221; button_two_on_hover=&#8221;on&#8221; button_two_letter_spacing_hover=&#8221;0&#8243; disabled=&#8221;off&#8221;]<\/p>\n<p>[\/et_pb_fullwidth_header][\/et_pb_section][et_pb_section admin_label=&#8221;section&#8221; transparent_background=&#8221;off&#8221; background_color=&#8221;rgba(255,255,255,0.26)&#8221; allow_player_pause=&#8221;off&#8221; inner_shadow=&#8221;off&#8221; parallax=&#8221;off&#8221; parallax_method=&#8221;on&#8221; padding_mobile=&#8221;off&#8221; make_fullwidth=&#8221;off&#8221; use_custom_width=&#8221;off&#8221; width_unit=&#8221;off&#8221; make_equal=&#8221;off&#8221; use_custom_gutter=&#8221;off&#8221; fullwidth=&#8221;off&#8221; specialty=&#8221;off&#8221; disabled=&#8221;off&#8221;][et_pb_row admin_label=&#8221;Fila&#8221;][et_pb_column type=&#8221;4_4&#8243;][et_pb_text admin_label=&#8221;Texto&#8221; background_layout=&#8221;light&#8221; text_orientation=&#8221;left&#8221; use_border_color=&#8221;off&#8221; border_color=&#8221;#ffffff&#8221; border_style=&#8221;solid&#8221;]<\/p>\n<h1 style=\"text-align: left;\">FAQ<\/h1>\n<p>[\/et_pb_text][\/et_pb_column][\/et_pb_row][et_pb_row admin_label=&#8221;row&#8221; make_fullwidth=&#8221;off&#8221; use_custom_width=&#8221;off&#8221; width_unit=&#8221;off&#8221; custom_width_px=&#8221;1000px&#8221; custom_width_percent=&#8221;48%&#8221; use_custom_gutter=&#8221;off&#8221; gutter_width=&#8221;3&#8243; padding_mobile=&#8221;off&#8221; allow_player_pause=&#8221;off&#8221; parallax=&#8221;off&#8221; parallax_method=&#8221;on&#8221; make_equal=&#8221;off&#8221; column_padding_mobile=&#8221;on&#8221; parallax_1=&#8221;off&#8221; parallax_method_1=&#8221;on&#8221; parallax_2=&#8221;off&#8221; parallax_method_2=&#8221;on&#8221; parallax_3=&#8221;off&#8221; parallax_method_3=&#8221;on&#8221; parallax_4=&#8221;off&#8221; parallax_method_4=&#8221;on&#8221; custom_css_main_element=&#8221;text-align:justify&#8221; disabled=&#8221;off&#8221;][et_pb_column type=&#8221;3_4&#8243;][et_pb_toggle admin_label=&#8221;Conmutador&#8221; title=&#8221;Wie studiert man Logosophie?&#8221; open=&#8221;off&#8221; closed_toggle_text_color=&#8221;#0c71c3&#8243; title_font=&#8221;|on|||&#8221; title_line_height=&#8221;1.8em&#8221; use_border_color=&#8221;off&#8221; border_color=&#8221;#ffffff&#8221; border_style=&#8221;solid&#8221; custom_css_toggle_title=&#8221;text-align:center&#8221; disabled=&#8221;off&#8221;]<\/p>\n<p class=\"p1\"><span class=\"s1\">Die Logosophie wird studiert und ausge\u00fcbt, indem man der durch sie selbst eingef\u00fchrten Methode folgt. Diese im Wesentlichen psychodynamische Methode legt das individuelle Studium und die individuelle Aus\u00fcbung fest, welche durch den Austausch und die Aus\u00fcbung in Gruppen erg\u00e4nzt werden.<\/span><\/p>\n<p class=\"p2\"><span class=\"s1\">Das individuelle Studium und die individuelle Aus\u00fcbung umfassen drei Etappen, die sich \u00fcber das ganze Leben erstrecken und sich immer wieder bei ansteigendem Fort- schreiten wiederholen. In den anf\u00e4nglichen Abschnitten sind sie folgenderma\u00dfen spezifiziert:<\/span><\/p>\n<p class=\"p2\"><span class=\"s1\"><i>a) Erste Etappe:<\/i><b> <\/b>Diese umfasst das interpretative Studium der im Studienplan vorgesehenen Themen, ohne dabei andere, den Sch\u00fcler besonders interessierende Themen auszuschlie\u00dfen. Man beginnt mit einer allgemeinen Lekt\u00fcre der logosophischen B\u00fccher, damit man eine ebenfalls allgemeine Idee der sie inspirierenden Anschauung bekommt. Daran schlie\u00dft sich mit pr\u00e4zisen Hinweisen bez\u00fcglich der logosophischen Realisierung das ausf\u00fchrliche Studium der im Studienplan enthaltenen Themen an. In dem Ma\u00dfe, in dem man mit der Lekt\u00fcre und der Vertiefung der Themen voranschreitet, wird sich jeder fragen, was seine eigene Auffassung ist und dies dann aufschreiben. Diese Gewohnheit ist sehr empfehlenswert, weil sie erlaubt, die Fortschritte in der Aufnahme der in jeder Erkenntnis enthaltenen Werte aufzusummieren. Dieser Aspekt des Prozesses, den man zur eigenen Anleitung dokumentiert, tr\u00e4gt ebenfalls mit gro\u00dfer Effizienz zur Kl\u00e4rung der Ideen und Begriffe bei.<\/span><\/p>\n<p class=\"p2\"><span class=\"s1\"><i>b) Zweite Etappe:<\/i><b> <\/b>Diese zeichnet sich durch eine gr\u00f6\u00dfere Konzentration auf das Studium mit Blick auf die eigene bewusste Bildung aus, wobei man unter anderem die Stimmungsschwankungen und auf diese hinweisende Faktoren \u00fcberwacht. Die Lehre wird tiefgr\u00fcndiger behandelt, indem zur Schulung nun noch ihre Anwendung im Leben hinzukommt, und zwar in den unterschiedlichen und vielf\u00e4ltigen Bereichen, in denen jeder einzelne seine allt\u00e4glichen Aktivit\u00e4ten entfaltet.<\/span><\/p>\n<p class=\"p2\"><span class=\"s1\"><i>c) Dritte Etappe:<\/i><b> <\/b>Diese schlie\u00dft den Zyklus, indem man Erkenntnisse beherrscht und neue Eignungen schafft, damit sie zugunsten des individuellen Prozesses der bewussten Evolution benutzt werden. Man wird unschwer verstehen, dass man die logosophische Reife erreicht, wenn man nach dem technischen Erlernen der Lehren grundlegende Auffassungen aus diesen herausarbeitet und diese schlie\u00dflich in das Erfahrungsfeld des eigenen Lebens bringt. Der Erfolg in der Anwendung verwandelt eine Lehre in Erkenntnis.<\/span><\/p>\n<p class=\"p2\"><span class=\"s1\">Die logosophische Methode empfiehlt als Erg\u00e4nzung des Studiums und der Aus\u00fcbung, die man individuell erf\u00fcllen soll, ihr Studium und ihre Aus\u00fcbung in Gruppen. Das Zusammentreffen der Auslegungen oder Einsichten, die jeder Einzelne aus den Lehren ziehen konnte, zwischen all denjenigen, die auch Logosophie studieren und ungef\u00e4hr auf der gleichen H\u00f6he der Erforschung stehen, erlauben nachzupr\u00fcfen, ob alle oder wenigstens die zug\u00e4nglichsten Aspekte des studierten Themas von der Intelligenz erfasst wurden. Daraus geht hervor, dass das individuelle Studium bis zu einem gewissen Grad vom Studium in Gruppen untrennbar ist. Das Studium und die Aus\u00fcbung in Gruppen werden in den Logosophie-Schulen realisiert, die f\u00fcr diesen spezifischen Zweck errichtet wurden. <\/span><\/p>\n<p>[\/et_pb_toggle][et_pb_toggle admin_label=&#8221;Conmutador&#8221; title=&#8221;Wie lange dauert das Logosophie-Studium?&#8221; open=&#8221;off&#8221; closed_toggle_text_color=&#8221;#0c71c3&#8243; title_font=&#8221;|on|||&#8221; title_line_height=&#8221;1.8em&#8221; use_border_color=&#8221;off&#8221; border_color=&#8221;#ffffff&#8221; border_style=&#8221;solid&#8221; custom_css_toggle_title=&#8221;text-align:center;&#8221; disabled=&#8221;off&#8221;]<\/p>\n<p class=\"p1\"><span class=\"s1\">Logosophie zu studieren ist nicht gleich der vor\u00fcbergehenden Belegung eines Kurses. Dieses Studium nimmt kein Ende. Die zwei haupts\u00e4chlichen Aufgaben, die realisiert werden, die Selbsterkenntnis und der bewusste Evolutionsprozess, sind unbegrenzt. Jeder gegangene Schritt in beiden Aufgaben ist ein Schritt mehr in der Erreichung der ganzheitlichen \u00dcberwindung und ist au\u00dferdem der Ausgangspunkt f\u00fcr neue Aufgaben. Die Ermutigungen, die das Studium bietet, erneuern sich st\u00e4ndig, da die Tatsache, eine bessere psychologische Bedingung zu erreichen, es zul\u00e4sst, immer klarere und gl\u00fccklichere Ziele festzusetzen.<\/span><\/p>\n<p>[\/et_pb_toggle][et_pb_toggle admin_label=&#8221;Conmutador&#8221; title=&#8221;Gibt es Einstufungen oder Titel, die man erreichen kann?&#8221; open=&#8221;off&#8221; closed_toggle_text_color=&#8221;#0c71c3&#8243; title_font=&#8221;|on|||&#8221; title_line_height=&#8221;1.8em&#8221; use_border_color=&#8221;off&#8221; border_color=&#8221;#ffffff&#8221; border_style=&#8221;solid&#8221; custom_css_toggle_title=&#8221;text-align:center;||&#8221; disabled=&#8221;off&#8221;]<\/p>\n<p class=\"p1\"><span class=\"s1\">Da es sich um ein Studium des eigenen Lebens handelt, werden keinen Titel \u00fcberreicht, ebenfalls werden keine Titel daf\u00fcr verlangt. Alle in der logosophischen Schule sind Studenten, die sich um die Realisierung eines inneren Prozesses bem\u00fchen, der erm\u00f6glicht, sich selbst kennen zu lernen und sich bewusst weiterzuentwickeln. <\/span><\/p>\n<p>[\/et_pb_toggle][et_pb_toggle admin_label=&#8221;Conmutador&#8221; title=&#8221;Gibt es Voraussetzungen bez\u00fcglich des Alters, um damit zu beginnen?&#8221; open=&#8221;off&#8221; closed_toggle_text_color=&#8221;#0c71c3&#8243; title_font=&#8221;|on|||&#8221; title_line_height=&#8221;1.8em&#8221; use_border_color=&#8221;off&#8221; border_color=&#8221;#ffffff&#8221; border_style=&#8221;solid&#8221; custom_css_toggle_title=&#8221;text-align:center;&#8221; disabled=&#8221;off&#8221;]<\/p>\n<p class=\"p1\"><span class=\"s1\">Es gibt keine Altersbegrenzung, um mit dem logosophischen Studium zu beginnen. In den Logosophie-Schulen nehmen Menschen aller Altersstufen an den Aktivit\u00e4ten teil. Wie in jedem anderen Studium oder jeder anderen Aktivit\u00e4t, ist es logisch, dass je fr\u00fcher man mit der Aus\u00fcbung anf\u00e4ngt, desto mehr und schneller die erzielten positiven Ergebnisse werden. <\/span><\/p>\n<p>[\/et_pb_toggle][et_pb_toggle admin_label=&#8221;Conmutador&#8221; title=&#8221;Wie kann ich mit der Logosophie in Kontakt treten?&#8221; open=&#8221;off&#8221; closed_toggle_text_color=&#8221;#0c71c3&#8243; title_font=&#8221;|on|||&#8221; title_line_height=&#8221;1.8em&#8221; use_border_color=&#8221;off&#8221; border_color=&#8221;#ffffff&#8221; border_style=&#8221;solid&#8221; custom_css_toggle_title=&#8221;text-align:center;&#8221; disabled=&#8221;off&#8221;]<\/p>\n<p class=\"p1\"><span class=\"s1\">Um mehr \u00fcber die Logosophie zu erfahren und einen umfassenderen Begriff aufzubauen, was die Logosophie ist, kann man mit jeder der verschiedenen Logosophie-Schulen der Logosophischen Stiftung auf der Welt in Kontakt treten. <\/span><\/p>\n<p class=\"p1\"><span class=\"s1\">In der Sparte <a href=\"http:\/\/www.logosophie.info\/de\/world.php\"><span class=\"s2\">Logosophie auf der Welt<\/span><\/a> kann man den Standort, die Adresse und Kontaktdaten der gr\u00f6\u00dften Logosophie-Schulen auf der Welt ermitteln. Einige L\u00e4nder verf\u00fcgen \u00fcber eine lokale Internetseite der Logosophischen Stiftung, die den Standort weiterer Schulen des Landes liefern kann. <\/span><\/p>\n<p class=\"p1\"><span class=\"s1\">Es ist ebenso interessant, an einer der \u00f6ffentlichen Aktivit\u00e4ten teilzunehmen, die in den Logosophischen Schulen realisiert werden. Das Programm dieser Aktivit\u00e4ten kann auf dieser Seite oder auf den spezifischen Seiten der Logosophischen Stiftung in jedem Land nachgesehen werden. Es kann ebenfalls eine email direkt an die Schule, die besucht werden m\u00f6chte, geschickt werden. <\/span><\/p>\n<p class=\"p1\"><span class=\"s1\">Falls das eigene Land nicht auf dieser Seite aufgelistet ist oder die Kontaktdaten und E-mail-Adressen nicht gefunden werden k\u00f6nnen, kann das <a href=\"http:\/\/www.logosophie.info\/de\/contact.php\"><span class=\"s2\">Kontakt-Formular<\/span><\/a> benutzt werden, um uns zu schreiben. Die Kommission internationaler Verbreitung wird dies empfangen und kann mehr Informationen \u00fcber die Logosophie in jedes beliebige Land schicken. <\/span><\/p>\n<p>[\/et_pb_toggle][et_pb_toggle admin_label=&#8221;Conmutador&#8221; title=&#8221;Was ist der Unterschied zwischen der Logosophie und der Psychologie, der Philosophie oder politischen Ideologien?&#8221; open=&#8221;off&#8221; use_border_color=&#8221;off&#8221; border_color=&#8221;#ffffff&#8221; border_style=&#8221;solid&#8221; closed_toggle_text_color=&#8221;#0c71c3&#8243; custom_css_toggle_title=&#8221;text-align:center;&#8221;]<\/p>\n<p class=\"p1\"><span class=\"s1\">Das logosophische Studium unterscheidet sich vom \u00fcblichen Studium, weil es bewusst durchgef\u00fchrt wird, das hei\u00dft mit der aktiven Beteiligung des Bewusstseins und mit dem klar definierten Ziel, es f\u00fcr die Vervollkommnung der Qualit\u00e4ten und exzellenten psychologischen Eigenschaften des Menschen zu nutzen. Es leitet den Menschen zu einer \u00fcbergeordneten Realisierung, die das ganze Leben umfasst und die nicht bereut werden kann. Es unterscheidet sich vom gew\u00f6hnlichen Studium, weil es sich an das Innere des Menschen wendet, w\u00e4hrend jenes \u00e4u\u00dferlichen Nutzen und keine individualisierte Anwendung findet. <\/span><\/p>\n<p class=\"p1\"><span class=\"s1\">Das logosophische Wissen hat keine Anhaltspunkte mit irgendeinem herk\u00f6mmlichen Wissenszweig. Die logosophische Wissenschaft, einzig in ihrer Art und Tragweite, begr\u00fcndet ihre Erkenntnisse in unbestreitbaren Wahrheiten und unwiderlegbaren Tatsachen. Dies ist der Grund, weswegen sie jede Hypothese ausschlie\u00dft. Ebenso wenig theoretisiert sie, weil sie solche Mittel f\u00fcr die Zwecke ihrer Darstellung in keinster Weise ben\u00f6tigt. Andererseits werden unsere Behauptungen t\u00e4glich von denjenigen \u00fcberpr\u00fcft, die die Logosophie seit vielen Jahren erlernen und f\u00fcr ihr Leben nutzen. <\/span><\/p>\n<p class=\"p1\"><span class=\"s1\">Die Logosophie baut keine Probleme auf, sondern l\u00f6st sie individuell, weil jeder Mensch eine individuelle Einheit ist, die ihre eigenen Probleme l\u00f6sen muss. Damit bringt sich jeder in die Verfassung, anderen zu helfen, die gestellten Probleme selbst zu l\u00f6sen. <\/span><\/p>\n<p>[\/et_pb_toggle][et_pb_toggle admin_label=&#8221;Conmutador&#8221; title=&#8221;Ist die Logosophie eine Religion?&#8221; open=&#8221;off&#8221; use_border_color=&#8221;off&#8221; border_color=&#8221;#ffffff&#8221; border_style=&#8221;solid&#8221; closed_toggle_text_color=&#8221;#0c71c3&#8243; custom_css_toggle_title=&#8221;text-align:center;&#8221;]<\/p>\n<p class=\"p1\"><span class=\"s1\">Die Logosophie ist keine Religion, sie ist eine urspr\u00fcngliche Wissenschaft, die zum Wissen f\u00fchrt, indem sie das Glauben durch das Denken ersetzt und hilft, mit vollst\u00e4ndiger Freiheit zu denken und zu f\u00fchlen. Sie beg\u00fcnstigt so die Beseitigung der mentalen Hemmnisse, die ganz und gar sch\u00e4dlich f\u00fcr die geistige und evolutive Entwicklung des Menschen sind. <\/span><\/p>\n<p class=\"p1\"><span class=\"s1\">Die Logosophie r\u00e4t weder zu glauben, was man lernt, noch es blind zu akzeptieren, auch wenn ihre Aussagen noch so sicher und unbestritten erscheinen; daher setzt sie die Erfahrung als sichere Grundlage des Prozesses in Richtung des Wissens durch. Sie r\u00e4t dazu, dass jeder Student f\u00fcr sich die Wahrheiten nachweist, die sie mit sich bringt, was nur durch die eigene Erfahrung m\u00f6glich ist. <\/span><\/p>\n<p>[\/et_pb_toggle][\/et_pb_column][et_pb_column type=&#8221;1_4&#8243;][et_pb_image admin_label=&#8221;Imagen&#8221; src=&#8221;https:\/\/logosophy.info\/wp-content\/uploads\/2018\/03\/fl_banner-estudia-logosofia_DE.png&#8221; show_in_lightbox=&#8221;off&#8221; url_new_window=&#8221;off&#8221; use_overlay=&#8221;off&#8221; animation=&#8221;off&#8221; sticky=&#8221;off&#8221; align=&#8221;left&#8221; force_fullwidth=&#8221;off&#8221; always_center_on_mobile=&#8221;on&#8221; use_border_color=&#8221;off&#8221; border_color=&#8221;#ffffff&#8221; border_style=&#8221;solid&#8221; disabled=&#8221;off&#8221; url=&#8221;https:\/\/logosophy.info\/de\/logosophie-studieren\/&#8221;]<\/p>\n<p>[\/et_pb_image][\/et_pb_column][\/et_pb_row][\/et_pb_section]<\/p>\n","protected":false},"excerpt":{"rendered":"<p>[et_pb_section admin_label=&#8221;section&#8221; background_image=&#8221;https:\/\/logosophy.info\/wp-content\/uploads\/2017\/07\/Imagenes-pasadores-FL-Internacional-Preguntas-frecuentes.jpg&#8221; transparent_background=&#8221;off&#8221; allow_player_pause=&#8221;off&#8221; inner_shadow=&#8221;off&#8221; parallax=&#8221;off&#8221; parallax_method=&#8221;on&#8221; custom_padding=&#8221;200px|||&#8221; padding_mobile=&#8221;off&#8221; make_fullwidth=&#8221;off&#8221; use_custom_width=&#8221;off&#8221; width_unit=&#8221;off&#8221; custom_width_px=&#8221;1080px&#8221; custom_width_percent=&#8221;80%&#8221; make_equal=&#8221;off&#8221; use_custom_gutter=&#8221;off&#8221; fullwidth=&#8221;on&#8221; specialty=&#8221;off&#8221; custom_css_main_element=&#8221;height:250px;&#8221; disabled=&#8221;off&#8221;][et_pb_fullwidth_header admin_label=&#8221;T\u00edtulo de anchura completa&#8221; background_layout=&#8221;dark&#8221; text_orientation=&#8221;center&#8221; header_fullscreen=&#8221;off&#8221; header_scroll_down=&#8221;off&#8221; scroll_down_icon=&#8221;%%3%%&#8221; parallax=&#8221;off&#8221; parallax_method=&#8221;off&#8221; content_orientation=&#8221;center&#8221; image_orientation=&#8221;center&#8221; title_font_size=&#8221;30px&#8221; content_font_size=&#8221;14px&#8221; custom_button_one=&#8221;off&#8221; button_one_text_size=&#8221;18&#8243; button_one_use_icon=&#8221;on&#8221; button_one_icon_placement=&#8221;right&#8221; button_one_on_hover=&#8221;on&#8221; button_one_letter_spacing_hover=&#8221;0&#8243; custom_button_two=&#8221;off&#8221; button_two_text_size=&#8221;18&#8243; button_two_use_icon=&#8221;on&#8221; button_two_icon_placement=&#8221;right&#8221; button_two_on_hover=&#8221;on&#8221; button_two_letter_spacing_hover=&#8221;0&#8243; disabled=&#8221;off&#8221;] [\/et_pb_fullwidth_header][\/et_pb_section][et_pb_section admin_label=&#8221;section&#8221; transparent_background=&#8221;off&#8221; background_color=&#8221;rgba(255,255,255,0.26)&#8221; allow_player_pause=&#8221;off&#8221; inner_shadow=&#8221;off&#8221; [&hellip;]<\/p>\n","protected":false},"author":4,"featured_media":0,"parent":0,"menu_order":0,"comment_status":"closed","ping_status":"closed","template":"","meta":{"footnotes":""},"class_list":["post-1078","page","type-page","status-publish","hentry"],"yoast_head":"<!-- This site is optimized with the Yoast SEO plugin v16.1.1 - https:\/\/yoast.com\/wordpress\/plugins\/seo\/ -->\n<title>H\u00e4ufige Fragen - Logosophy<\/title>\n<link rel=\"canonical\" href=\"https:\/\/logosophy.info\/?page_id=1078&#038;lang=de\" \/>\n<meta property=\"og:locale\" content=\"pt_BR\" \/>\n<meta property=\"og:type\" content=\"article\" \/>\n<meta property=\"og:title\" content=\"H\u00e4ufige Fragen - Logosophy\" \/>\n<meta property=\"og:description\" content=\"[et_pb_section admin_label=&#8221;section&#8221; background_image=&#8221;https:\/\/logosophy.info\/wp-content\/uploads\/2017\/07\/Imagenes-pasadores-FL-Internacional-Preguntas-frecuentes.jpg&#8221; transparent_background=&#8221;off&#8221; allow_player_pause=&#8221;off&#8221; inner_shadow=&#8221;off&#8221; parallax=&#8221;off&#8221; parallax_method=&#8221;on&#8221; custom_padding=&#8221;200px|||&#8221; padding_mobile=&#8221;off&#8221; make_fullwidth=&#8221;off&#8221; use_custom_width=&#8221;off&#8221; width_unit=&#8221;off&#8221; custom_width_px=&#8221;1080px&#8221; custom_width_percent=&#8221;80%&#8221; make_equal=&#8221;off&#8221; use_custom_gutter=&#8221;off&#8221; fullwidth=&#8221;on&#8221; specialty=&#8221;off&#8221; custom_css_main_element=&#8221;height:250px;&#8221; disabled=&#8221;off&#8221;][et_pb_fullwidth_header admin_label=&#8221;T\u00edtulo de anchura completa&#8221; background_layout=&#8221;dark&#8221; text_orientation=&#8221;center&#8221; header_fullscreen=&#8221;off&#8221; header_scroll_down=&#8221;off&#8221; scroll_down_icon=&#8221;&#8221; parallax=&#8221;off&#8221; parallax_method=&#8221;off&#8221; content_orientation=&#8221;center&#8221; image_orientation=&#8221;center&#8221; title_font_size=&#8221;30px&#8221; content_font_size=&#8221;14px&#8221; custom_button_one=&#8221;off&#8221; button_one_text_size=&#8221;18&#8243; button_one_use_icon=&#8221;on&#8221; button_one_icon_placement=&#8221;right&#8221; button_one_on_hover=&#8221;on&#8221; button_one_letter_spacing_hover=&#8221;0&#8243; custom_button_two=&#8221;off&#8221; button_two_text_size=&#8221;18&#8243; button_two_use_icon=&#8221;on&#8221; button_two_icon_placement=&#8221;right&#8221; button_two_on_hover=&#8221;on&#8221; button_two_letter_spacing_hover=&#8221;0&#8243; disabled=&#8221;off&#8221;] [\/et_pb_fullwidth_header][\/et_pb_section][et_pb_section admin_label=&#8221;section&#8221; transparent_background=&#8221;off&#8221; background_color=&#8221;rgba(255,255,255,0.26)&#8221; allow_player_pause=&#8221;off&#8221; inner_shadow=&#8221;off&#8221; [&hellip;]\" \/>\n<meta property=\"og:url\" content=\"https:\/\/logosophy.info\/?page_id=1078&amp;lang=de\" \/>\n<meta property=\"og:site_name\" content=\"Logosophy\" \/>\n<meta property=\"article:publisher\" content=\"https:\/\/www.facebook.com\/Logosof%c3%ada-Europa-100169344799531\" \/>\n<meta property=\"article:modified_time\" content=\"2018-05-24T13:46:07+00:00\" \/>\n<meta name=\"twitter:card\" content=\"summary_large_image\" \/>\n<meta name=\"twitter:site\" content=\"@logosophy\" \/>\n<meta name=\"twitter:label1\" content=\"Est. tempo de leitura\">\n\t<meta name=\"twitter:data1\" content=\"10 minutos\">\n<script type=\"application\/ld+json\" class=\"yoast-schema-graph\">{\"@context\":\"https:\/\/schema.org\",\"@graph\":[{\"@type\":\"WebSite\",\"@id\":\"https:\/\/logosophy.info\/es\/#website\",\"url\":\"https:\/\/logosophy.info\/es\/\",\"name\":\"Logosophy\",\"description\":\"Sitio web internacional de Logosof\\u00eda Internacional, ciencia de la Evoluci\\u00f3n Consciente\",\"potentialAction\":[{\"@type\":\"SearchAction\",\"target\":\"https:\/\/logosophy.info\/es\/?s={search_term_string}\",\"query-input\":\"required name=search_term_string\"}],\"inLanguage\":\"pt-BR\"},{\"@type\":\"WebPage\",\"@id\":\"https:\/\/logosophy.info\/?page_id=1078&lang=de#webpage\",\"url\":\"https:\/\/logosophy.info\/?page_id=1078&lang=de\",\"name\":\"H\\u00e4ufige Fragen - Logosophy\",\"isPartOf\":{\"@id\":\"https:\/\/logosophy.info\/es\/#website\"},\"datePublished\":\"2018-03-28T18:00:53+00:00\",\"dateModified\":\"2018-05-24T13:46:07+00:00\",\"breadcrumb\":{\"@id\":\"https:\/\/logosophy.info\/?page_id=1078&lang=de#breadcrumb\"},\"inLanguage\":\"pt-BR\",\"potentialAction\":[{\"@type\":\"ReadAction\",\"target\":[\"https:\/\/logosophy.info\/?page_id=1078&lang=de\"]}]},{\"@type\":\"BreadcrumbList\",\"@id\":\"https:\/\/logosophy.info\/?page_id=1078&lang=de#breadcrumb\",\"itemListElement\":[{\"@type\":\"ListItem\",\"position\":1,\"item\":{\"@type\":\"WebPage\",\"@id\":\"https:\/\/logosophy.info\/?lang=pt\",\"url\":\"https:\/\/logosophy.info\/?lang=pt\",\"name\":\"Portada\"}},{\"@type\":\"ListItem\",\"position\":2,\"item\":{\"@type\":\"WebPage\",\"@id\":\"https:\/\/logosophy.info\/?page_id=1078&lang=de\",\"url\":\"https:\/\/logosophy.info\/?page_id=1078&lang=de\",\"name\":\"H\\u00e4ufige Fragen\"}}]}]}<\/script>\n<!-- \/ Yoast SEO plugin. -->","_links":{"self":[{"href":"https:\/\/logosophy.info\/index.php?rest_route=\/wp\/v2\/pages\/1078","targetHints":{"allow":["GET"]}}],"collection":[{"href":"https:\/\/logosophy.info\/index.php?rest_route=\/wp\/v2\/pages"}],"about":[{"href":"https:\/\/logosophy.info\/index.php?rest_route=\/wp\/v2\/types\/page"}],"author":[{"embeddable":true,"href":"https:\/\/logosophy.info\/index.php?rest_route=\/wp\/v2\/users\/4"}],"replies":[{"embeddable":true,"href":"https:\/\/logosophy.info\/index.php?rest_route=%2Fwp%2Fv2%2Fcomments&post=1078"}],"version-history":[{"count":8,"href":"https:\/\/logosophy.info\/index.php?rest_route=\/wp\/v2\/pages\/1078\/revisions"}],"predecessor-version":[{"id":1513,"href":"https:\/\/logosophy.info\/index.php?rest_route=\/wp\/v2\/pages\/1078\/revisions\/1513"}],"wp:attachment":[{"href":"https:\/\/logosophy.info\/index.php?rest_route=%2Fwp%2Fv2%2Fmedia&parent=1078"}],"curies":[{"name":"wp","href":"https:\/\/api.w.org\/{rel}","templated":true}]}}