{"id":1074,"date":"2018-03-28T14:54:16","date_gmt":"2018-03-28T17:54:16","guid":{"rendered":"https:\/\/logosophy.info\/?page_id=1074"},"modified":"2018-03-28T16:26:10","modified_gmt":"2018-03-28T19:26:10","slug":"methode-deutch","status":"publish","type":"page","link":"https:\/\/logosophy.info\/?page_id=1074&lang=de","title":{"rendered":"Methode"},"content":{"rendered":"<p>[et_pb_section admin_label=&#8221;section&#8221; background_image=&#8221;https:\/\/logosophy.info\/wp-content\/uploads\/2017\/05\/Seccion-CIENCIA.jpg&#8221; transparent_background=&#8221;off&#8221; allow_player_pause=&#8221;off&#8221; inner_shadow=&#8221;off&#8221; parallax=&#8221;off&#8221; parallax_method=&#8221;on&#8221; custom_padding=&#8221;200px|||&#8221; padding_mobile=&#8221;off&#8221; make_fullwidth=&#8221;off&#8221; use_custom_width=&#8221;off&#8221; width_unit=&#8221;off&#8221; custom_width_px=&#8221;1080px&#8221; custom_width_percent=&#8221;80%&#8221; make_equal=&#8221;off&#8221; use_custom_gutter=&#8221;off&#8221; fullwidth=&#8221;on&#8221; specialty=&#8221;off&#8221; custom_css_main_element=&#8221;height:250px;&#8221; disabled=&#8221;off&#8221;][et_pb_fullwidth_header admin_label=&#8221;T\u00edtulo de anchura completa&#8221; background_layout=&#8221;dark&#8221; text_orientation=&#8221;center&#8221; header_fullscreen=&#8221;off&#8221; header_scroll_down=&#8221;off&#8221; scroll_down_icon=&#8221;%%3%%&#8221; parallax=&#8221;off&#8221; parallax_method=&#8221;off&#8221; content_orientation=&#8221;center&#8221; image_orientation=&#8221;center&#8221; title_font_size=&#8221;30px&#8221; content_font_size=&#8221;14px&#8221; custom_button_one=&#8221;off&#8221; button_one_text_size=&#8221;18&#8243; button_one_use_icon=&#8221;on&#8221; button_one_icon_placement=&#8221;right&#8221; button_one_on_hover=&#8221;on&#8221; button_one_letter_spacing_hover=&#8221;0&#8243; custom_button_two=&#8221;off&#8221; button_two_text_size=&#8221;18&#8243; button_two_use_icon=&#8221;on&#8221; button_two_icon_placement=&#8221;right&#8221; button_two_on_hover=&#8221;on&#8221; button_two_letter_spacing_hover=&#8221;0&#8243; disabled=&#8221;off&#8221;]<\/p>\n<p>[\/et_pb_fullwidth_header][\/et_pb_section][et_pb_section admin_label=&#8221;section&#8221; transparent_background=&#8221;off&#8221; allow_player_pause=&#8221;off&#8221; inner_shadow=&#8221;off&#8221; parallax=&#8221;off&#8221; parallax_method=&#8221;on&#8221; padding_mobile=&#8221;off&#8221; make_fullwidth=&#8221;off&#8221; use_custom_width=&#8221;off&#8221; width_unit=&#8221;off&#8221; custom_width_px=&#8221;1080px&#8221; custom_width_percent=&#8221;80%&#8221; make_equal=&#8221;off&#8221; use_custom_gutter=&#8221;off&#8221; fullwidth=&#8221;off&#8221; specialty=&#8221;off&#8221; disabled=&#8221;off&#8221;][et_pb_row admin_label=&#8221;row&#8221; make_fullwidth=&#8221;off&#8221; use_custom_width=&#8221;off&#8221; width_unit=&#8221;off&#8221; custom_width_px=&#8221;1080px&#8221; custom_width_percent=&#8221;80%&#8221; use_custom_gutter=&#8221;off&#8221; gutter_width=&#8221;3&#8243; custom_padding=&#8221;0px|0px|27px|0px&#8221; padding_mobile=&#8221;off&#8221; allow_player_pause=&#8221;off&#8221; parallax=&#8221;off&#8221; parallax_method=&#8221;on&#8221; make_equal=&#8221;off&#8221; column_padding_mobile=&#8221;on&#8221; parallax_1=&#8221;off&#8221; parallax_method_1=&#8221;on&#8221; parallax_2=&#8221;off&#8221; parallax_method_2=&#8221;on&#8221; parallax_3=&#8221;off&#8221; parallax_method_3=&#8221;on&#8221; parallax_4=&#8221;off&#8221; parallax_method_4=&#8221;on&#8221; disabled=&#8221;off&#8221;][et_pb_column type=&#8221;4_4&#8243;][et_pb_text admin_label=&#8221;Texto&#8221; background_layout=&#8221;light&#8221; text_orientation=&#8221;left&#8221; use_border_color=&#8221;off&#8221; border_style=&#8221;solid&#8221; disabled=&#8221;off&#8221; border_color=&#8221;#ffffff&#8221;]<\/p>\n<h1>Die Methode<\/h1>\n<p> <\/p>\n<p>Die logosophische Methode ist in ihrem Kern einzigartig. Sie besitzt das au\u00dferordentliche Merkmal, dass sie sich an jeden Verstand anpasst und ihm den Teil der Erkenntnis bietet, den die individuelle F\u00e4higkeit aufnehmen kann. Sie ist eine Quelle von Richtlinien und Ratschl\u00e4gen und ist f\u00fcr all jene erfolgreich, welche sie mit gro\u00dfer Lernbereitschaft und dem Willen zur eigenen \u00dcberwindung anwenden.<\/p>\n<p><span style=\"font-weight: 400;\">Diese Methode f\u00fchrt den Menschen zu einem neuen und bewussten Verhalten, vor allem sich selbst gegen\u00fcber. Es geht nicht l\u00e4nger darum, die Psychologie anderer zu erforschen, sondern die eigene Psychologie wird zum Inhalt des Studiums. Wer nach der logosophischen Methode lernt, entdeckt zielsicher die wesentlichen Teile dieser Erkenntnis und \u00f6ffnet f\u00fcr sich die Tore zur Erforschung der eigenen inneren Welt. Die Suche nach den im Innersten verborgenen Werten und ihre F\u00f6rderung erstreckt sich \u00fcber das ganze Leben.<\/span> <\/p>\n<p><span style=\"font-weight: 400;\">Mit dem Studium und der Aus\u00fcbung der logosophischen Erkenntnisse lernt man, all seine mentalen F\u00e4higkeiten auf harmonische und bewusste Art und Weise weiterzuentwickeln. Dies erm\u00f6glicht der eigenen Intelligenz, in L\u00f6sungen und Antworten zu den verschiedensten Problemen, Themen und Begriffen immer tiefer einzudringen. In anderen Worten, man \u00fcberwindet die vorherige Begrenzung seiner mentalen und sensiblen Ressourcen mit den methodischen Werkzeugen der Logosophie.<\/span> <\/p>\n<p><span style=\"font-weight: 400;\">Woher kommen wir? Wohin gehen wir? Und was ist der Grund des Lebens der Menschen? Diese und andere Themen, die fr\u00fcher das Monopol von Glauben und Religion waren, wie der Begriff von Gott, vom menschlichen Geist, von der mentalen und metaphysischen Welt, etc. sind keine gro\u00dfen R\u00e4tsel mehr, da man sie nun unter dem Licht einer neuen humanistischen Wissenschaft analysieren kann, die voller Logik, Sinnhaftigkeit und Vernunft steckt. <\/span><\/p>\n<p>[\/et_pb_text][\/et_pb_column][\/et_pb_row][\/et_pb_section]<\/p>\n","protected":false},"excerpt":{"rendered":"<p>[et_pb_section admin_label=&#8221;section&#8221; background_image=&#8221;https:\/\/logosophy.info\/wp-content\/uploads\/2017\/05\/Seccion-CIENCIA.jpg&#8221; transparent_background=&#8221;off&#8221; allow_player_pause=&#8221;off&#8221; inner_shadow=&#8221;off&#8221; parallax=&#8221;off&#8221; parallax_method=&#8221;on&#8221; custom_padding=&#8221;200px|||&#8221; padding_mobile=&#8221;off&#8221; make_fullwidth=&#8221;off&#8221; use_custom_width=&#8221;off&#8221; width_unit=&#8221;off&#8221; custom_width_px=&#8221;1080px&#8221; custom_width_percent=&#8221;80%&#8221; make_equal=&#8221;off&#8221; use_custom_gutter=&#8221;off&#8221; fullwidth=&#8221;on&#8221; specialty=&#8221;off&#8221; custom_css_main_element=&#8221;height:250px;&#8221; disabled=&#8221;off&#8221;][et_pb_fullwidth_header admin_label=&#8221;T\u00edtulo de anchura completa&#8221; background_layout=&#8221;dark&#8221; text_orientation=&#8221;center&#8221; header_fullscreen=&#8221;off&#8221; header_scroll_down=&#8221;off&#8221; scroll_down_icon=&#8221;%%3%%&#8221; parallax=&#8221;off&#8221; parallax_method=&#8221;off&#8221; content_orientation=&#8221;center&#8221; image_orientation=&#8221;center&#8221; title_font_size=&#8221;30px&#8221; content_font_size=&#8221;14px&#8221; custom_button_one=&#8221;off&#8221; button_one_text_size=&#8221;18&#8243; button_one_use_icon=&#8221;on&#8221; button_one_icon_placement=&#8221;right&#8221; button_one_on_hover=&#8221;on&#8221; button_one_letter_spacing_hover=&#8221;0&#8243; custom_button_two=&#8221;off&#8221; button_two_text_size=&#8221;18&#8243; button_two_use_icon=&#8221;on&#8221; button_two_icon_placement=&#8221;right&#8221; button_two_on_hover=&#8221;on&#8221; button_two_letter_spacing_hover=&#8221;0&#8243; disabled=&#8221;off&#8221;] [\/et_pb_fullwidth_header][\/et_pb_section][et_pb_section admin_label=&#8221;section&#8221; transparent_background=&#8221;off&#8221; allow_player_pause=&#8221;off&#8221; inner_shadow=&#8221;off&#8221; parallax=&#8221;off&#8221; [&hellip;]<\/p>\n","protected":false},"author":4,"featured_media":0,"parent":0,"menu_order":0,"comment_status":"closed","ping_status":"closed","template":"","meta":{"footnotes":""},"class_list":["post-1074","page","type-page","status-publish","hentry"],"yoast_head":"<!-- This site is optimized with the Yoast SEO plugin v16.1.1 - https:\/\/yoast.com\/wordpress\/plugins\/seo\/ -->\n<title>Methode - Logosophy<\/title>\n<link rel=\"canonical\" href=\"https:\/\/logosophy.info\/?page_id=1074&#038;lang=de\" \/>\n<meta property=\"og:locale\" content=\"pt_BR\" \/>\n<meta property=\"og:type\" content=\"article\" \/>\n<meta property=\"og:title\" content=\"Methode - Logosophy\" \/>\n<meta property=\"og:description\" content=\"[et_pb_section admin_label=&#8221;section&#8221; background_image=&#8221;https:\/\/logosophy.info\/wp-content\/uploads\/2017\/05\/Seccion-CIENCIA.jpg&#8221; transparent_background=&#8221;off&#8221; allow_player_pause=&#8221;off&#8221; inner_shadow=&#8221;off&#8221; parallax=&#8221;off&#8221; parallax_method=&#8221;on&#8221; custom_padding=&#8221;200px|||&#8221; padding_mobile=&#8221;off&#8221; make_fullwidth=&#8221;off&#8221; use_custom_width=&#8221;off&#8221; width_unit=&#8221;off&#8221; custom_width_px=&#8221;1080px&#8221; custom_width_percent=&#8221;80%&#8221; make_equal=&#8221;off&#8221; use_custom_gutter=&#8221;off&#8221; fullwidth=&#8221;on&#8221; specialty=&#8221;off&#8221; custom_css_main_element=&#8221;height:250px;&#8221; disabled=&#8221;off&#8221;][et_pb_fullwidth_header admin_label=&#8221;T\u00edtulo de anchura completa&#8221; background_layout=&#8221;dark&#8221; text_orientation=&#8221;center&#8221; header_fullscreen=&#8221;off&#8221; header_scroll_down=&#8221;off&#8221; scroll_down_icon=&#8221;&#8221; parallax=&#8221;off&#8221; parallax_method=&#8221;off&#8221; content_orientation=&#8221;center&#8221; image_orientation=&#8221;center&#8221; title_font_size=&#8221;30px&#8221; content_font_size=&#8221;14px&#8221; custom_button_one=&#8221;off&#8221; button_one_text_size=&#8221;18&#8243; button_one_use_icon=&#8221;on&#8221; button_one_icon_placement=&#8221;right&#8221; button_one_on_hover=&#8221;on&#8221; button_one_letter_spacing_hover=&#8221;0&#8243; custom_button_two=&#8221;off&#8221; button_two_text_size=&#8221;18&#8243; button_two_use_icon=&#8221;on&#8221; button_two_icon_placement=&#8221;right&#8221; button_two_on_hover=&#8221;on&#8221; button_two_letter_spacing_hover=&#8221;0&#8243; disabled=&#8221;off&#8221;] [\/et_pb_fullwidth_header][\/et_pb_section][et_pb_section admin_label=&#8221;section&#8221; transparent_background=&#8221;off&#8221; allow_player_pause=&#8221;off&#8221; inner_shadow=&#8221;off&#8221; parallax=&#8221;off&#8221; [&hellip;]\" \/>\n<meta property=\"og:url\" content=\"https:\/\/logosophy.info\/?page_id=1074&amp;lang=de\" \/>\n<meta property=\"og:site_name\" content=\"Logosophy\" \/>\n<meta property=\"article:publisher\" content=\"https:\/\/www.facebook.com\/Logosof%c3%ada-Europa-100169344799531\" \/>\n<meta property=\"article:modified_time\" content=\"2018-03-28T19:26:10+00:00\" \/>\n<meta name=\"twitter:card\" content=\"summary_large_image\" \/>\n<meta name=\"twitter:site\" content=\"@logosophy\" \/>\n<meta name=\"twitter:label1\" content=\"Est. tempo de leitura\">\n\t<meta name=\"twitter:data1\" content=\"3 minutos\">\n<script type=\"application\/ld+json\" class=\"yoast-schema-graph\">{\"@context\":\"https:\/\/schema.org\",\"@graph\":[{\"@type\":\"WebSite\",\"@id\":\"https:\/\/logosophy.info\/es\/#website\",\"url\":\"https:\/\/logosophy.info\/es\/\",\"name\":\"Logosophy\",\"description\":\"Sitio web internacional de Logosof\\u00eda Internacional, ciencia de la Evoluci\\u00f3n Consciente\",\"potentialAction\":[{\"@type\":\"SearchAction\",\"target\":\"https:\/\/logosophy.info\/es\/?s={search_term_string}\",\"query-input\":\"required name=search_term_string\"}],\"inLanguage\":\"pt-BR\"},{\"@type\":\"WebPage\",\"@id\":\"https:\/\/logosophy.info\/?page_id=1074&lang=de#webpage\",\"url\":\"https:\/\/logosophy.info\/?page_id=1074&lang=de\",\"name\":\"Methode - Logosophy\",\"isPartOf\":{\"@id\":\"https:\/\/logosophy.info\/es\/#website\"},\"datePublished\":\"2018-03-28T17:54:16+00:00\",\"dateModified\":\"2018-03-28T19:26:10+00:00\",\"breadcrumb\":{\"@id\":\"https:\/\/logosophy.info\/?page_id=1074&lang=de#breadcrumb\"},\"inLanguage\":\"pt-BR\",\"potentialAction\":[{\"@type\":\"ReadAction\",\"target\":[\"https:\/\/logosophy.info\/?page_id=1074&lang=de\"]}]},{\"@type\":\"BreadcrumbList\",\"@id\":\"https:\/\/logosophy.info\/?page_id=1074&lang=de#breadcrumb\",\"itemListElement\":[{\"@type\":\"ListItem\",\"position\":1,\"item\":{\"@type\":\"WebPage\",\"@id\":\"https:\/\/logosophy.info\/?lang=pt\",\"url\":\"https:\/\/logosophy.info\/?lang=pt\",\"name\":\"Portada\"}},{\"@type\":\"ListItem\",\"position\":2,\"item\":{\"@type\":\"WebPage\",\"@id\":\"https:\/\/logosophy.info\/?page_id=1074&lang=de\",\"url\":\"https:\/\/logosophy.info\/?page_id=1074&lang=de\",\"name\":\"Methode\"}}]}]}<\/script>\n<!-- \/ Yoast SEO plugin. -->","_links":{"self":[{"href":"https:\/\/logosophy.info\/index.php?rest_route=\/wp\/v2\/pages\/1074","targetHints":{"allow":["GET"]}}],"collection":[{"href":"https:\/\/logosophy.info\/index.php?rest_route=\/wp\/v2\/pages"}],"about":[{"href":"https:\/\/logosophy.info\/index.php?rest_route=\/wp\/v2\/types\/page"}],"author":[{"embeddable":true,"href":"https:\/\/logosophy.info\/index.php?rest_route=\/wp\/v2\/users\/4"}],"replies":[{"embeddable":true,"href":"https:\/\/logosophy.info\/index.php?rest_route=%2Fwp%2Fv2%2Fcomments&post=1074"}],"version-history":[{"count":3,"href":"https:\/\/logosophy.info\/index.php?rest_route=\/wp\/v2\/pages\/1074\/revisions"}],"predecessor-version":[{"id":1131,"href":"https:\/\/logosophy.info\/index.php?rest_route=\/wp\/v2\/pages\/1074\/revisions\/1131"}],"wp:attachment":[{"href":"https:\/\/logosophy.info\/index.php?rest_route=%2Fwp%2Fv2%2Fmedia&parent=1074"}],"curies":[{"name":"wp","href":"https:\/\/api.w.org\/{rel}","templated":true}]}}