{"id":1072,"date":"2018-03-28T14:28:54","date_gmt":"2018-03-28T17:28:54","guid":{"rendered":"https:\/\/logosophy.info\/?page_id=1072"},"modified":"2018-03-28T16:21:44","modified_gmt":"2018-03-28T19:21:44","slug":"logosophie-deutch","status":"publish","type":"page","link":"https:\/\/logosophy.info\/?page_id=1072&lang=de","title":{"rendered":"Logosophie"},"content":{"rendered":"<p>[et_pb_section admin_label=&#8221;section&#8221; background_image=&#8221;https:\/\/logosophy.info\/wp-content\/uploads\/2017\/07\/seccion_queeslogosofia.png&#8221; transparent_background=&#8221;off&#8221; allow_player_pause=&#8221;off&#8221; inner_shadow=&#8221;off&#8221; parallax=&#8221;off&#8221; parallax_method=&#8221;on&#8221; padding_mobile=&#8221;off&#8221; make_fullwidth=&#8221;off&#8221; use_custom_width=&#8221;off&#8221; width_unit=&#8221;off&#8221; make_equal=&#8221;off&#8221; use_custom_gutter=&#8221;off&#8221; fullwidth=&#8221;on&#8221; specialty=&#8221;off&#8221; custom_css_main_element=&#8221;height:250px;&#8221; disabled=&#8221;off&#8221; custom_padding=&#8221;200px|||&#8221;][et_pb_fullwidth_header admin_label=&#8221;T\u00edtulo de anchura completa&#8221; background_layout=&#8221;dark&#8221; text_orientation=&#8221;center&#8221; header_fullscreen=&#8221;off&#8221; header_scroll_down=&#8221;off&#8221; scroll_down_icon=&#8221;%%3%%&#8221; parallax=&#8221;off&#8221; parallax_method=&#8221;off&#8221; content_orientation=&#8221;center&#8221; image_orientation=&#8221;center&#8221; title_font_size=&#8221;30px&#8221; content_font_size=&#8221;14px&#8221; custom_button_one=&#8221;off&#8221; button_one_text_size=&#8221;18&#8243; button_one_use_icon=&#8221;on&#8221; button_one_icon_placement=&#8221;right&#8221; button_one_on_hover=&#8221;on&#8221; button_one_letter_spacing_hover=&#8221;0&#8243; custom_button_two=&#8221;off&#8221; button_two_text_size=&#8221;18&#8243; button_two_use_icon=&#8221;on&#8221; button_two_icon_placement=&#8221;right&#8221; button_two_on_hover=&#8221;on&#8221; button_two_letter_spacing_hover=&#8221;0&#8243; disabled=&#8221;off&#8221;]<\/p>\n<p>[\/et_pb_fullwidth_header][\/et_pb_section][et_pb_section admin_label=&#8221;section&#8221;][et_pb_row admin_label=&#8221;row&#8221; make_fullwidth=&#8221;off&#8221; use_custom_width=&#8221;off&#8221; width_unit=&#8221;on&#8221; use_custom_gutter=&#8221;off&#8221; padding_mobile=&#8221;off&#8221; allow_player_pause=&#8221;off&#8221; parallax=&#8221;off&#8221; parallax_method=&#8221;off&#8221; make_equal=&#8221;off&#8221; parallax_1=&#8221;off&#8221; parallax_method_1=&#8221;off&#8221; column_padding_mobile=&#8221;on&#8221;][et_pb_column type=&#8221;4_4&#8243;][et_pb_text admin_label=&#8221;Texto&#8221; background_layout=&#8221;light&#8221; text_orientation=&#8221;left&#8221; use_border_color=&#8221;off&#8221; border_color=&#8221;#ffffff&#8221; border_style=&#8221;solid&#8221;]<\/p>\n<h1>Logosophie, Wissenschaft der bewussten Evolution<\/h1>\n<p> <\/p>\n<h4><strong>Was ist die Logosophie?<\/strong><\/h4>\n<p> <\/p>\n<p>Die Logosophie ist eine grundlegend neue Wissenschaft, welche dem Menschen die bisher v\u00f6llig unbekannte M\u00f6glichkeit bietet, mittels der Erkenntnis einen Evolutionsprozess auf bewusste und intra-individuelle Weise zu verwirklichen.<\/p>\n<p>Ihr Name vereint in einem Wort die griechischen St\u00e4mme &#8220;l\u00f3gos&#8221; (sch\u00f6pferisches Wort oder Ausdruck h\u00f6chsten Wissens) und &#8220;soph\u00eda&#8221; (urspr\u00fcngliche Wissenschaft oder Weisheit), die der Autor daf\u00fcr verwendete, um eine neue Art von Erkenntnissen zu bezeichnen, eine Lehre, eine Methode und eine Technik, die in ihrem Wesen unverkennbar sind.<\/p>\n<p>Die Logosophie bietet diese Erkenntnisse und experimentelle Methode, um den Einzelnen zu bef\u00e4higen, bewusst und Schritt f\u00fcr Schritt seine Fragen zu Wissen und \u00dcberwindung, welche schon immer den menschlichen Geist bewegt haben, gezielt zu lenken und zu konkretisieren, und das durch einen Prozess der Selbstvervollkommnung, der hier Prozess der bewussten Evolution genannt wird. Gleichzeitig erm\u00f6glicht sie die Erkenntnis von sich selbst, welche das Eindringen in Geheimnisse des eigenen psychologischen, mentalen und geistigen Lebens erlaubt. <\/p>\n<p>Ausgehend von der bewussten Ausbildung der eigenen Individualit\u00e4t, leistet die Logosophie ihren Beitrag zur Entwicklung einer verantwortungsvolleren und scharfsinnigeren Menschheit, welche ein erhabenes Schicksal in Einklang mit der Hierarchie ihrer Spezies zu schmieden wei\u00df. <\/p>\n<p>Die Logosophie ist eine Wissenschaft der Gegenwart und der Zukunft, weil sie das Leben in einer ganz neuen und un\u00fcbertreffliche Form begreifen, denken und f\u00fchlen l\u00e4sst, was gerade in der aktuellen Zeit besonders wichtig ist, um den Geist \u00fcber den vorherrschenden plumpen Materialismus zu erheben. <\/p>\n<p>[\/et_pb_text][\/et_pb_column][\/et_pb_row][\/et_pb_section]<\/p>\n","protected":false},"excerpt":{"rendered":"<p>[et_pb_section admin_label=&#8221;section&#8221; background_image=&#8221;https:\/\/logosophy.info\/wp-content\/uploads\/2017\/07\/seccion_queeslogosofia.png&#8221; transparent_background=&#8221;off&#8221; allow_player_pause=&#8221;off&#8221; inner_shadow=&#8221;off&#8221; parallax=&#8221;off&#8221; parallax_method=&#8221;on&#8221; padding_mobile=&#8221;off&#8221; make_fullwidth=&#8221;off&#8221; use_custom_width=&#8221;off&#8221; width_unit=&#8221;off&#8221; make_equal=&#8221;off&#8221; use_custom_gutter=&#8221;off&#8221; fullwidth=&#8221;on&#8221; specialty=&#8221;off&#8221; custom_css_main_element=&#8221;height:250px;&#8221; disabled=&#8221;off&#8221; custom_padding=&#8221;200px|||&#8221;][et_pb_fullwidth_header admin_label=&#8221;T\u00edtulo de anchura completa&#8221; background_layout=&#8221;dark&#8221; text_orientation=&#8221;center&#8221; header_fullscreen=&#8221;off&#8221; header_scroll_down=&#8221;off&#8221; scroll_down_icon=&#8221;%%3%%&#8221; parallax=&#8221;off&#8221; parallax_method=&#8221;off&#8221; content_orientation=&#8221;center&#8221; image_orientation=&#8221;center&#8221; title_font_size=&#8221;30px&#8221; content_font_size=&#8221;14px&#8221; custom_button_one=&#8221;off&#8221; button_one_text_size=&#8221;18&#8243; button_one_use_icon=&#8221;on&#8221; button_one_icon_placement=&#8221;right&#8221; button_one_on_hover=&#8221;on&#8221; button_one_letter_spacing_hover=&#8221;0&#8243; custom_button_two=&#8221;off&#8221; button_two_text_size=&#8221;18&#8243; button_two_use_icon=&#8221;on&#8221; button_two_icon_placement=&#8221;right&#8221; button_two_on_hover=&#8221;on&#8221; button_two_letter_spacing_hover=&#8221;0&#8243; disabled=&#8221;off&#8221;] [\/et_pb_fullwidth_header][\/et_pb_section][et_pb_section admin_label=&#8221;section&#8221;][et_pb_row admin_label=&#8221;row&#8221; make_fullwidth=&#8221;off&#8221; use_custom_width=&#8221;off&#8221; width_unit=&#8221;on&#8221; use_custom_gutter=&#8221;off&#8221; padding_mobile=&#8221;off&#8221; [&hellip;]<\/p>\n","protected":false},"author":4,"featured_media":0,"parent":0,"menu_order":0,"comment_status":"closed","ping_status":"closed","template":"","meta":{"footnotes":""},"class_list":["post-1072","page","type-page","status-publish","hentry"],"yoast_head":"<!-- This site is optimized with the Yoast SEO plugin v16.1.1 - https:\/\/yoast.com\/wordpress\/plugins\/seo\/ -->\n<title>Logosophie - Logosophy<\/title>\n<link rel=\"canonical\" href=\"https:\/\/logosophy.info\/?page_id=1072&#038;lang=de\" \/>\n<meta property=\"og:locale\" content=\"pt_BR\" \/>\n<meta property=\"og:type\" content=\"article\" \/>\n<meta property=\"og:title\" content=\"Logosophie - Logosophy\" \/>\n<meta property=\"og:description\" content=\"[et_pb_section admin_label=&#8221;section&#8221; background_image=&#8221;https:\/\/logosophy.info\/wp-content\/uploads\/2017\/07\/seccion_queeslogosofia.png&#8221; transparent_background=&#8221;off&#8221; allow_player_pause=&#8221;off&#8221; inner_shadow=&#8221;off&#8221; parallax=&#8221;off&#8221; parallax_method=&#8221;on&#8221; padding_mobile=&#8221;off&#8221; make_fullwidth=&#8221;off&#8221; use_custom_width=&#8221;off&#8221; width_unit=&#8221;off&#8221; make_equal=&#8221;off&#8221; use_custom_gutter=&#8221;off&#8221; fullwidth=&#8221;on&#8221; specialty=&#8221;off&#8221; custom_css_main_element=&#8221;height:250px;&#8221; disabled=&#8221;off&#8221; custom_padding=&#8221;200px|||&#8221;][et_pb_fullwidth_header admin_label=&#8221;T\u00edtulo de anchura completa&#8221; background_layout=&#8221;dark&#8221; text_orientation=&#8221;center&#8221; header_fullscreen=&#8221;off&#8221; header_scroll_down=&#8221;off&#8221; scroll_down_icon=&#8221;&#8221; parallax=&#8221;off&#8221; parallax_method=&#8221;off&#8221; content_orientation=&#8221;center&#8221; image_orientation=&#8221;center&#8221; title_font_size=&#8221;30px&#8221; content_font_size=&#8221;14px&#8221; custom_button_one=&#8221;off&#8221; button_one_text_size=&#8221;18&#8243; button_one_use_icon=&#8221;on&#8221; button_one_icon_placement=&#8221;right&#8221; button_one_on_hover=&#8221;on&#8221; button_one_letter_spacing_hover=&#8221;0&#8243; custom_button_two=&#8221;off&#8221; button_two_text_size=&#8221;18&#8243; button_two_use_icon=&#8221;on&#8221; button_two_icon_placement=&#8221;right&#8221; button_two_on_hover=&#8221;on&#8221; button_two_letter_spacing_hover=&#8221;0&#8243; disabled=&#8221;off&#8221;] [\/et_pb_fullwidth_header][\/et_pb_section][et_pb_section admin_label=&#8221;section&#8221;][et_pb_row admin_label=&#8221;row&#8221; make_fullwidth=&#8221;off&#8221; use_custom_width=&#8221;off&#8221; width_unit=&#8221;on&#8221; use_custom_gutter=&#8221;off&#8221; padding_mobile=&#8221;off&#8221; [&hellip;]\" \/>\n<meta property=\"og:url\" content=\"https:\/\/logosophy.info\/?page_id=1072&amp;lang=de\" \/>\n<meta property=\"og:site_name\" content=\"Logosophy\" \/>\n<meta property=\"article:publisher\" content=\"https:\/\/www.facebook.com\/Logosof%c3%ada-Europa-100169344799531\" \/>\n<meta property=\"article:modified_time\" content=\"2018-03-28T19:21:44+00:00\" \/>\n<meta name=\"twitter:card\" content=\"summary_large_image\" \/>\n<meta name=\"twitter:site\" content=\"@logosophy\" \/>\n<meta name=\"twitter:label1\" content=\"Est. tempo de leitura\">\n\t<meta name=\"twitter:data1\" content=\"3 minutos\">\n<script type=\"application\/ld+json\" class=\"yoast-schema-graph\">{\"@context\":\"https:\/\/schema.org\",\"@graph\":[{\"@type\":\"WebSite\",\"@id\":\"https:\/\/logosophy.info\/es\/#website\",\"url\":\"https:\/\/logosophy.info\/es\/\",\"name\":\"Logosophy\",\"description\":\"Sitio web internacional de Logosof\\u00eda Internacional, ciencia de la Evoluci\\u00f3n Consciente\",\"potentialAction\":[{\"@type\":\"SearchAction\",\"target\":\"https:\/\/logosophy.info\/es\/?s={search_term_string}\",\"query-input\":\"required name=search_term_string\"}],\"inLanguage\":\"pt-BR\"},{\"@type\":\"WebPage\",\"@id\":\"https:\/\/logosophy.info\/?page_id=1072&lang=de#webpage\",\"url\":\"https:\/\/logosophy.info\/?page_id=1072&lang=de\",\"name\":\"Logosophie - Logosophy\",\"isPartOf\":{\"@id\":\"https:\/\/logosophy.info\/es\/#website\"},\"datePublished\":\"2018-03-28T17:28:54+00:00\",\"dateModified\":\"2018-03-28T19:21:44+00:00\",\"breadcrumb\":{\"@id\":\"https:\/\/logosophy.info\/?page_id=1072&lang=de#breadcrumb\"},\"inLanguage\":\"pt-BR\",\"potentialAction\":[{\"@type\":\"ReadAction\",\"target\":[\"https:\/\/logosophy.info\/?page_id=1072&lang=de\"]}]},{\"@type\":\"BreadcrumbList\",\"@id\":\"https:\/\/logosophy.info\/?page_id=1072&lang=de#breadcrumb\",\"itemListElement\":[{\"@type\":\"ListItem\",\"position\":1,\"item\":{\"@type\":\"WebPage\",\"@id\":\"https:\/\/logosophy.info\/?lang=pt\",\"url\":\"https:\/\/logosophy.info\/?lang=pt\",\"name\":\"Portada\"}},{\"@type\":\"ListItem\",\"position\":2,\"item\":{\"@type\":\"WebPage\",\"@id\":\"https:\/\/logosophy.info\/?page_id=1072&lang=de\",\"url\":\"https:\/\/logosophy.info\/?page_id=1072&lang=de\",\"name\":\"Logosophie\"}}]}]}<\/script>\n<!-- \/ Yoast SEO plugin. -->","_links":{"self":[{"href":"https:\/\/logosophy.info\/index.php?rest_route=\/wp\/v2\/pages\/1072","targetHints":{"allow":["GET"]}}],"collection":[{"href":"https:\/\/logosophy.info\/index.php?rest_route=\/wp\/v2\/pages"}],"about":[{"href":"https:\/\/logosophy.info\/index.php?rest_route=\/wp\/v2\/types\/page"}],"author":[{"embeddable":true,"href":"https:\/\/logosophy.info\/index.php?rest_route=\/wp\/v2\/users\/4"}],"replies":[{"embeddable":true,"href":"https:\/\/logosophy.info\/index.php?rest_route=%2Fwp%2Fv2%2Fcomments&post=1072"}],"version-history":[{"count":3,"href":"https:\/\/logosophy.info\/index.php?rest_route=\/wp\/v2\/pages\/1072\/revisions"}],"predecessor-version":[{"id":1129,"href":"https:\/\/logosophy.info\/index.php?rest_route=\/wp\/v2\/pages\/1072\/revisions\/1129"}],"wp:attachment":[{"href":"https:\/\/logosophy.info\/index.php?rest_route=%2Fwp%2Fv2%2Fmedia&parent=1072"}],"curies":[{"name":"wp","href":"https:\/\/api.w.org\/{rel}","templated":true}]}}