{"id":1065,"date":"2018-03-28T14:39:34","date_gmt":"2018-03-28T17:39:34","guid":{"rendered":"https:\/\/logosophy.info\/?page_id=1065"},"modified":"2018-04-03T14:19:04","modified_gmt":"2018-04-03T17:19:04","slug":"kulturelle-zentren","status":"publish","type":"page","link":"https:\/\/logosophy.info\/?page_id=1065&lang=de","title":{"rendered":"Kulturelle Zentren"},"content":{"rendered":"<p>[et_pb_section admin_label=&#8221;section&#8221; background_image=&#8221;https:\/\/logosophy.info\/wp-content\/uploads\/2017\/07\/Imagenes-pasadores-FL-Internacional-Sedes.jpg&#8221; transparent_background=&#8221;off&#8221; allow_player_pause=&#8221;off&#8221; inner_shadow=&#8221;off&#8221; parallax=&#8221;off&#8221; parallax_method=&#8221;on&#8221; custom_padding=&#8221;200px|||&#8221; padding_mobile=&#8221;off&#8221; make_fullwidth=&#8221;off&#8221; use_custom_width=&#8221;off&#8221; width_unit=&#8221;off&#8221; custom_width_px=&#8221;1080px&#8221; custom_width_percent=&#8221;80%&#8221; make_equal=&#8221;off&#8221; use_custom_gutter=&#8221;off&#8221; fullwidth=&#8221;on&#8221; specialty=&#8221;off&#8221; custom_css_main_element=&#8221;height:250px;&#8221; disabled=&#8221;off&#8221;][et_pb_fullwidth_header admin_label=&#8221;T\u00edtulo de anchura completa&#8221; background_layout=&#8221;dark&#8221; text_orientation=&#8221;center&#8221; header_fullscreen=&#8221;off&#8221; header_scroll_down=&#8221;off&#8221; scroll_down_icon=&#8221;%%3%%&#8221; parallax=&#8221;off&#8221; parallax_method=&#8221;off&#8221; content_orientation=&#8221;center&#8221; image_orientation=&#8221;center&#8221; title_font_size=&#8221;30px&#8221; content_font_size=&#8221;14px&#8221; custom_button_one=&#8221;off&#8221; button_one_text_size=&#8221;18&#8243; button_one_use_icon=&#8221;on&#8221; button_one_icon_placement=&#8221;right&#8221; button_one_on_hover=&#8221;on&#8221; button_one_letter_spacing_hover=&#8221;0&#8243; custom_button_two=&#8221;off&#8221; button_two_text_size=&#8221;18&#8243; button_two_use_icon=&#8221;on&#8221; button_two_icon_placement=&#8221;right&#8221; button_two_on_hover=&#8221;on&#8221; button_two_letter_spacing_hover=&#8221;0&#8243; disabled=&#8221;off&#8221;]<\/p>\n<p>[\/et_pb_fullwidth_header][\/et_pb_section][et_pb_section admin_label=&#8221;section&#8221; transparent_background=&#8221;off&#8221; allow_player_pause=&#8221;off&#8221; inner_shadow=&#8221;off&#8221; parallax=&#8221;off&#8221; parallax_method=&#8221;on&#8221; padding_mobile=&#8221;off&#8221; make_fullwidth=&#8221;off&#8221; use_custom_width=&#8221;off&#8221; width_unit=&#8221;off&#8221; custom_width_px=&#8221;1080px&#8221; custom_width_percent=&#8221;80%&#8221; make_equal=&#8221;off&#8221; use_custom_gutter=&#8221;off&#8221; fullwidth=&#8221;off&#8221; specialty=&#8221;off&#8221; disabled=&#8221;off&#8221;][et_pb_row admin_label=&#8221;row&#8221; make_fullwidth=&#8221;off&#8221; use_custom_width=&#8221;off&#8221; width_unit=&#8221;off&#8221; custom_width_px=&#8221;1080px&#8221; custom_width_percent=&#8221;80%&#8221; use_custom_gutter=&#8221;off&#8221; gutter_width=&#8221;3&#8243; custom_padding=&#8221;1px|0px|27px|0px&#8221; padding_mobile=&#8221;off&#8221; allow_player_pause=&#8221;off&#8221; parallax=&#8221;off&#8221; parallax_method=&#8221;on&#8221; make_equal=&#8221;off&#8221; column_padding_mobile=&#8221;on&#8221; parallax_1=&#8221;off&#8221; parallax_method_1=&#8221;on&#8221; parallax_2=&#8221;off&#8221; parallax_method_2=&#8221;on&#8221; parallax_3=&#8221;off&#8221; parallax_method_3=&#8221;on&#8221; parallax_4=&#8221;off&#8221; parallax_method_4=&#8221;on&#8221; disabled=&#8221;off&#8221;][et_pb_column type=&#8221;4_4&#8243;][et_pb_text admin_label=&#8221;Texto&#8221; background_layout=&#8221;light&#8221; text_orientation=&#8221;left&#8221; use_border_color=&#8221;off&#8221; border_style=&#8221;solid&#8221; disabled=&#8221;off&#8221; border_color=&#8221;#ffffff&#8221;]<\/p>\n<h1>KULTURELLE ZENTREN<\/h1>\n<\/p>\n<p><span style=\"font-weight: 400;\">Die logosophische Stiftung wurde zur Umsetzung der gro\u00dfen Ziele der Logosophie geschaffen. Sie ist eine Institution privaten Rechts ohne gewinnorientierte, politische oder religi\u00f6se Ziele und wurde von den Regierungen der L\u00e4nder, in denen sie t\u00e4tig ist, aufgrund des gro\u00dfen Nutzens, die ihre Lehren f\u00fcr das Individuum und f\u00fcr die Gesellschaft mit sich bringen, als allgemeinn\u00fctzig anerkannt.<br \/>\n<\/span><\/p>\n<p><span style=\"font-weight: 400;\">Ihre Schulen bieten ein Umfeld, das f\u00fcr das Studium und Experimentieren dieser neuen Art von Erkenntnissen \u00e4u\u00dferst g\u00fcnstig ist, denn die logosophische Methode empfiehlt als Erg\u00e4nzung des individuellen Studiums und der individuellen Aus\u00fcbung das Studium in der Gruppe. Dort findet ein anregender und positiver Austausch von Auffassungen und erzielten Ergebnissen statt.<br \/>\n<\/span><\/p>\n<p><span style=\"font-weight: 400;\">In einer Atmosph\u00e4re von Zuneigung und Respekt stellen Menschen aller Altersgruppen die Exzellenz der logosophischen Lehren fest. Die Lernenden entwickeln einen neuen Humanismus, der die Hoffnung in eine bessere Zukunft wiederbringen kann. Im Austausch der Studenten in den verschiedenen Aktivit\u00e4ten nimmt jeder den Teil der f\u00fcr ihn notwendigen Veranschaulichung auf, um sein Studium zu vervollst\u00e4ndigen und m\u00f6gliche Schwierigkeiten bei der Verinnerlichung von logosophische Lehren zu \u00fcberwinden.<br \/>\n<\/span><\/p>\n<p><span style=\"font-weight: 400;\">Nat\u00fcrlich erlaubt die Beteiligung anderer Studenten dieser Wissenschaft auch die Beobachtung der Fortschritte, die andere aufweisen. Diese Tatsache erleichtert die genauere Einsch\u00e4tzung der eigenen Verdienste und wirkt motivierend.<br \/>\n<\/span><\/p>\n<p><span style=\"font-weight: 400;\">Besonders in der logosophischen Stiftung, also in ihren kulturellen Sitzen, findet der Logosoph das warmherzige Umfeld vor, welches das bestm\u00f6gliche Verst\u00e4ndnis der logosophischen Anschauung beg\u00fcnstigt  sowie ein vorbereitendes Erfahrungsfeld und eine unsch\u00e4tzbare Unterst\u00fctzung, welche die schon weiter Fortgeschrittenen den am Beginn der logosophischen Bildung stehenden anbieten. Auf die gleiche Weise, wie das Studium der Lehre wirksamer wird und sich die Einsichten durch den Austausch und die Mitarbeit bekr\u00e4ftigen und erweitern, wird auch das Verhalten als ein praktisches Ergebnis des Lernprozesses besser und sicherer. Dies geschieht dank der spontanen gegenseitigen Hilfe durch die anderen, die sich ebenso bem\u00fchen, dem eigenen Verhalten einen h\u00f6heren Wert zu verleihen.<br \/>\n<\/span><\/p>\n<p>[\/et_pb_text][et_pb_text admin_label=&#8221;Texto&#8221; background_layout=&#8221;light&#8221; text_orientation=&#8221;left&#8221; use_border_color=&#8221;off&#8221; border_style=&#8221;solid&#8221; disabled=&#8221;off&#8221; border_color=&#8221;#ffffff&#8221; custom_css_main_element=&#8221;padding-top: 30px;&#8221;]<\/p>\n<h1>DIE LOGOSOPHIE AUF DER WELT<\/h1>\n<\/p>\n<p><span style=\"font-weight: 400;\">Wenn Sie kein Zentrum in Ihrer N\u00e4he finden <\/span><a href=\"https:\/\/logosophy.info\/de\/kontakt\/\"><span style=\"font-weight: 400;\">kontaktieren Sie uns, um sich \u00fcber Informationskurse an Ihrem Ort oder \u00fcber das Internet zu erkundigen<\/span><\/a><span style=\"font-weight: 400;\">.<\/span><\/p>\n<p>[\/et_pb_text][\/et_pb_column][\/et_pb_row][\/et_pb_section][et_pb_section admin_label=&#8221;Secci\u00f3n&#8221; fullwidth=&#8221;on&#8221; specialty=&#8221;off&#8221;][et_pb_fullwidth_code admin_label=&#8221;C\u00f3digo de anchura completa&#8221;]<div class=\"wpgmp_map_container wpgmp-map-2\" rel=\"map2\"><div class=\"wpgmp_map_parent\"><div class=\"wpgmp_map \" style=\"width:100%; height:440px;\" id=\"map2\" ><\/div><\/div><\/div><script>jQuery(document).ready(function($) {var map2 = $(\"#map2\").maps({\"map_options\":{\"center_lat\":\"6.8680439\",\"center_lng\":\"7.4096978\",\"zoom\":2,\"map_type_id\":\"ROADMAP\",\"draggable\":true,\"scroll_wheel\":false,\"display_45_imagery\":\"\",\"marker_default_icon\":\"https:\\\/\\\/logosophy.info\\\/wp-content\\\/uploads\\\/2018\\\/03\\\/marker-2.png\",\"infowindow_setting\":\"\",\"infowindow_bounce_animation\":\"\",\"infowindow_drop_animation\":false,\"close_infowindow_on_map_click\":false,\"default_infowindow_open\":false,\"infowindow_open_event\":\"click\",\"full_screen_control\":true,\"search_control\":true,\"zoom_control\":true,\"map_type_control\":true,\"street_view_control\":true,\"full_screen_control_position\":\"TOP_RIGHT\",\"search_control_position\":\"TOP_LEFT\",\"zoom_control_position\":\"TOP_LEFT\",\"map_type_control_position\":\"TOP_RIGHT\",\"map_type_control_style\":\"HORIZONTAL_BAR\",\"street_view_control_position\":\"TOP_LEFT\",\"map_control\":true,\"map_control_settings\":false,\"map_zoom_after_search\":6,\"width\":\"100%\",\"height\":\"440\"},\"places\":[{\"id\":\"1\",\"title\":\"Argentina\",\"address\":\"Argentina\",\"source\":\"manual\",\"content\":\"Argentina\",\"location\":{\"icon\":\"https:\\\/\\\/logosophy.info\\\/wp-content\\\/uploads\\\/2018\\\/03\\\/marker-2.png\",\"lat\":\"-38.416097\",\"lng\":\"-63.616671999999994\",\"city\":\"\",\"state\":\"\",\"country\":\"Argentina\",\"onclick_action\":\"marker\",\"redirect_custom_link\":\"\",\"marker_image\":\"\",\"open_new_tab\":\"yes\",\"postal_code\":\"\",\"draggable\":false,\"infowindow_default_open\":false,\"animation\":\"BOUNCE\",\"infowindow_disable\":true,\"zoom\":5,\"extra_fields\":\"\"},\"categories\":[],\"custom_filters\":\"\"},{\"id\":\"2\",\"title\":\"Canad\\u00e1\",\"address\":\"Canada\",\"source\":\"manual\",\"content\":\"Canad\\u00e1\",\"location\":{\"icon\":\"https:\\\/\\\/logosophy.info\\\/wp-content\\\/uploads\\\/2018\\\/03\\\/marker-2.png\",\"lat\":\"56.130366\",\"lng\":\"-106.34677099999999\",\"city\":\"\",\"state\":\"\",\"country\":\"Canada\",\"onclick_action\":\"marker\",\"redirect_custom_link\":\"\",\"marker_image\":\"\",\"open_new_tab\":\"yes\",\"postal_code\":\"\",\"draggable\":false,\"infowindow_default_open\":false,\"animation\":\"BOUNCE\",\"infowindow_disable\":true,\"zoom\":5,\"extra_fields\":\"\"},\"categories\":[],\"custom_filters\":\"\"},{\"id\":\"3\",\"title\":\"Estados Unidos da Am\\u00e9rica\",\"address\":\"Estados Unidos\",\"source\":\"manual\",\"content\":\"Estados Unidos da Am\\u00e9rica\",\"location\":{\"icon\":\"https:\\\/\\\/logosophy.info\\\/wp-content\\\/uploads\\\/2018\\\/03\\\/marker-2.png\",\"lat\":\"37.09024\",\"lng\":\"-95.71289100000001\",\"city\":\"\",\"state\":\"\",\"country\":\"United States\",\"onclick_action\":\"marker\",\"redirect_custom_link\":\"\",\"marker_image\":\"\",\"open_new_tab\":\"yes\",\"postal_code\":\"\",\"draggable\":false,\"infowindow_default_open\":false,\"animation\":\"BOUNCE\",\"infowindow_disable\":true,\"zoom\":5,\"extra_fields\":\"\"},\"categories\":[],\"custom_filters\":\"\"},{\"id\":\"4\",\"title\":\"M\\u00e9xico\",\"address\":\"Mexico\",\"source\":\"manual\",\"content\":\"M\\u00e9xico\",\"location\":{\"icon\":\"https:\\\/\\\/logosophy.info\\\/wp-content\\\/uploads\\\/2018\\\/03\\\/marker-2.png\",\"lat\":\"23.634501\",\"lng\":\"-102.55278399999997\",\"city\":\"\",\"state\":\"\",\"country\":\"Mexico\",\"onclick_action\":\"marker\",\"redirect_custom_link\":\"\",\"marker_image\":\"\",\"open_new_tab\":\"yes\",\"postal_code\":\"\",\"draggable\":false,\"infowindow_default_open\":false,\"animation\":\"BOUNCE\",\"infowindow_disable\":true,\"zoom\":5,\"extra_fields\":\"\"},\"categories\":[],\"custom_filters\":\"\"},{\"id\":\"5\",\"title\":\"Panam\\u00e1\",\"address\":\"Panama\",\"source\":\"manual\",\"content\":\"Panam\\u00e1\",\"location\":{\"icon\":\"https:\\\/\\\/logosophy.info\\\/wp-content\\\/uploads\\\/2018\\\/03\\\/marker-2.png\",\"lat\":\"8.537981\",\"lng\":\"-80.782127\",\"city\":\"\",\"state\":\"\",\"country\":\"Panama\",\"onclick_action\":\"marker\",\"redirect_custom_link\":\"\",\"marker_image\":\"\",\"open_new_tab\":\"yes\",\"postal_code\":\"\",\"draggable\":false,\"infowindow_default_open\":false,\"animation\":\"BOUNCE\",\"infowindow_disable\":true,\"zoom\":5,\"extra_fields\":\"\"},\"categories\":[],\"custom_filters\":\"\"},{\"id\":\"6\",\"title\":\"Venezuela\",\"address\":\"Venezuela\",\"source\":\"manual\",\"content\":\"Venezuela\",\"location\":{\"icon\":\"https:\\\/\\\/logosophy.info\\\/wp-content\\\/uploads\\\/2018\\\/03\\\/marker-2.png\",\"lat\":\"6.42375\",\"lng\":\"-66.58973000000003\",\"city\":\"\",\"state\":\"\",\"country\":\"Venezuela\",\"onclick_action\":\"marker\",\"redirect_custom_link\":\"\",\"marker_image\":\"\",\"open_new_tab\":\"yes\",\"postal_code\":\"\",\"draggable\":false,\"infowindow_default_open\":false,\"animation\":\"BOUNCE\",\"infowindow_disable\":true,\"zoom\":5,\"extra_fields\":\"\"},\"categories\":[],\"custom_filters\":\"\"},{\"id\":\"7\",\"title\":\"Brasil\",\"address\":\"Brasil\",\"source\":\"manual\",\"content\":\"Brasil\",\"location\":{\"icon\":\"https:\\\/\\\/logosophy.info\\\/wp-content\\\/uploads\\\/2018\\\/03\\\/marker-2.png\",\"lat\":\"-14.235004\",\"lng\":\"-51.92527999999999\",\"city\":\"\",\"state\":\"\",\"country\":\"Brazil\",\"onclick_action\":\"marker\",\"redirect_custom_link\":\"\",\"marker_image\":\"\",\"open_new_tab\":\"yes\",\"postal_code\":\"\",\"draggable\":false,\"infowindow_default_open\":false,\"animation\":\"BOUNCE\",\"infowindow_disable\":true,\"zoom\":5,\"extra_fields\":\"\"},\"categories\":[],\"custom_filters\":\"\"},{\"id\":\"8\",\"title\":\"Uruguai\",\"address\":\"Uruguay\",\"source\":\"manual\",\"content\":\"Uruguai\",\"location\":{\"icon\":\"https:\\\/\\\/logosophy.info\\\/wp-content\\\/uploads\\\/2018\\\/03\\\/marker-2.png\",\"lat\":\"-32.522779\",\"lng\":\"-55.76583500000004\",\"city\":\"\",\"state\":\"\",\"country\":\"Uruguay\",\"onclick_action\":\"marker\",\"redirect_custom_link\":\"\",\"marker_image\":\"\",\"open_new_tab\":\"yes\",\"postal_code\":\"\",\"draggable\":false,\"infowindow_default_open\":false,\"animation\":\"BOUNCE\",\"infowindow_disable\":true,\"zoom\":5,\"extra_fields\":\"\"},\"categories\":[],\"custom_filters\":\"\"},{\"id\":\"10\",\"title\":\"Pol\\u00f3nia\",\"address\":\"Polonia\",\"source\":\"manual\",\"content\":\"Pol\\u00f3nia\",\"location\":{\"icon\":\"https:\\\/\\\/logosophy.info\\\/wp-content\\\/uploads\\\/2018\\\/03\\\/marker-2.png\",\"lat\":\"51.919438\",\"lng\":\"19.14513599999998\",\"city\":\"\",\"state\":\"\",\"country\":\"Poland\",\"onclick_action\":\"marker\",\"redirect_custom_link\":\"\",\"marker_image\":\"\",\"open_new_tab\":\"yes\",\"postal_code\":\"\",\"draggable\":false,\"infowindow_default_open\":false,\"animation\":\"BOUNCE\",\"infowindow_disable\":true,\"zoom\":5,\"extra_fields\":\"\"},\"categories\":[],\"custom_filters\":\"\"},{\"id\":\"11\",\"title\":\"Fran\\u00e7a\",\"address\":\"Francia\",\"source\":\"manual\",\"content\":\"Fran\\u00e7a\",\"location\":{\"icon\":\"https:\\\/\\\/logosophy.info\\\/wp-content\\\/uploads\\\/2018\\\/03\\\/marker-2.png\",\"lat\":\"46.227638\",\"lng\":\"2.213749000000007\",\"city\":\"\",\"state\":\"\",\"country\":\"France\",\"onclick_action\":\"marker\",\"redirect_custom_link\":\"\",\"marker_image\":\"\",\"open_new_tab\":\"yes\",\"postal_code\":\"\",\"draggable\":false,\"infowindow_default_open\":false,\"animation\":\"BOUNCE\",\"infowindow_disable\":true,\"zoom\":5,\"extra_fields\":\"\"},\"categories\":[],\"custom_filters\":\"\"},{\"id\":\"12\",\"title\":\"Espanha\",\"address\":\"Espa\\u00f1a\",\"source\":\"manual\",\"content\":\"Espanha\",\"location\":{\"icon\":\"https:\\\/\\\/logosophy.info\\\/wp-content\\\/uploads\\\/2018\\\/03\\\/marker-2.png\",\"lat\":\"40.46366700000001\",\"lng\":\"-3.7492200000000366\",\"city\":\"\",\"state\":\"\",\"country\":\"Spain\",\"onclick_action\":\"marker\",\"redirect_custom_link\":\"\",\"marker_image\":\"\",\"open_new_tab\":\"yes\",\"postal_code\":\"\",\"draggable\":false,\"infowindow_default_open\":false,\"animation\":\"BOUNCE\",\"infowindow_disable\":true,\"zoom\":5,\"extra_fields\":\"\"},\"categories\":[],\"custom_filters\":\"\"},{\"id\":\"13\",\"title\":\"It\\u00e1lia\",\"address\":\"Italia\",\"source\":\"manual\",\"content\":\"It\\u00e1lia\",\"location\":{\"icon\":\"https:\\\/\\\/logosophy.info\\\/wp-content\\\/uploads\\\/2018\\\/03\\\/marker-2.png\",\"lat\":\"41.87194\",\"lng\":\"12.567379999999957\",\"city\":\"\",\"state\":\"\",\"country\":\"Italy\",\"onclick_action\":\"marker\",\"redirect_custom_link\":\"\",\"marker_image\":\"\",\"open_new_tab\":\"yes\",\"postal_code\":\"\",\"draggable\":false,\"infowindow_default_open\":false,\"animation\":\"BOUNCE\",\"infowindow_disable\":true,\"zoom\":5,\"extra_fields\":\"\"},\"categories\":[],\"custom_filters\":\"\"},{\"id\":\"14\",\"title\":\"Israel\",\"address\":\"Israel\",\"source\":\"manual\",\"content\":\"Israel\",\"location\":{\"icon\":\"https:\\\/\\\/logosophy.info\\\/wp-content\\\/uploads\\\/2018\\\/03\\\/marker-2.png\",\"lat\":\"31.046051\",\"lng\":\"34.85161199999993\",\"city\":\"\",\"state\":\"\",\"country\":\"Israel\",\"onclick_action\":\"marker\",\"redirect_custom_link\":\"\",\"marker_image\":\"\",\"open_new_tab\":\"yes\",\"postal_code\":\"\",\"draggable\":false,\"infowindow_default_open\":false,\"animation\":\"BOUNCE\",\"infowindow_disable\":true,\"zoom\":5,\"extra_fields\":\"\"},\"categories\":[],\"custom_filters\":\"\"},{\"id\":\"15\",\"title\":\"China\",\"address\":\"China\",\"source\":\"manual\",\"content\":\"China\",\"location\":{\"icon\":\"https:\\\/\\\/logosophy.info\\\/wp-content\\\/uploads\\\/2018\\\/03\\\/marker-2.png\",\"lat\":\"35.86166000000001\",\"lng\":\"104.19539699999996\",\"city\":\"\",\"state\":\"\",\"country\":\"China\",\"onclick_action\":\"marker\",\"redirect_custom_link\":\"\",\"marker_image\":\"\",\"open_new_tab\":\"yes\",\"postal_code\":\"\",\"draggable\":false,\"infowindow_default_open\":false,\"animation\":\"BOUNCE\",\"infowindow_disable\":true,\"zoom\":5,\"extra_fields\":\"\"},\"categories\":[],\"custom_filters\":\"\"},{\"id\":\"16\",\"title\":\"Austr\\u00e1lia\",\"address\":\"Australia\",\"source\":\"manual\",\"content\":\"Austr\\u00e1lia\",\"location\":{\"icon\":\"https:\\\/\\\/logosophy.info\\\/wp-content\\\/uploads\\\/2018\\\/03\\\/marker-2.png\",\"lat\":\"-25.274398\",\"lng\":\"133.77513599999997\",\"city\":\"\",\"state\":\"\",\"country\":\"Australia\",\"onclick_action\":\"marker\",\"redirect_custom_link\":\"\",\"marker_image\":\"\",\"open_new_tab\":\"yes\",\"postal_code\":\"\",\"draggable\":false,\"infowindow_default_open\":false,\"animation\":\"BOUNCE\",\"infowindow_disable\":true,\"zoom\":5,\"extra_fields\":\"\"},\"categories\":[],\"custom_filters\":\"\"},{\"id\":\"17\",\"title\":\"Portugal\",\"address\":\"Portugal\",\"source\":\"manual\",\"content\":\"Portugal\",\"location\":{\"icon\":\"https:\\\/\\\/logosophy.info\\\/wp-content\\\/uploads\\\/2018\\\/03\\\/marker-2.png\",\"lat\":\"39.39987199999999\",\"lng\":\"-8.224454\",\"city\":\"\",\"state\":\"\",\"country\":\"Portugal\",\"onclick_action\":\"marker\",\"redirect_custom_link\":\"\",\"marker_image\":\"\",\"open_new_tab\":\"yes\",\"postal_code\":\"\",\"draggable\":false,\"infowindow_default_open\":false,\"animation\":\"BOUNCE\",\"infowindow_disable\":true,\"zoom\":5,\"extra_fields\":\"\"},\"categories\":[],\"custom_filters\":\"\"}],\"styles\":\"\",\"listing\":\"\",\"map_property\":{\"map_id\":\"2\"}}).data(\"wpgmp_maps\");});<\/script>[\/et_pb_fullwidth_code][\/et_pb_section]<\/p>\n","protected":false},"excerpt":{"rendered":"<p>[et_pb_section admin_label=&#8221;section&#8221; background_image=&#8221;https:\/\/logosophy.info\/wp-content\/uploads\/2017\/07\/Imagenes-pasadores-FL-Internacional-Sedes.jpg&#8221; transparent_background=&#8221;off&#8221; allow_player_pause=&#8221;off&#8221; inner_shadow=&#8221;off&#8221; parallax=&#8221;off&#8221; parallax_method=&#8221;on&#8221; custom_padding=&#8221;200px|||&#8221; padding_mobile=&#8221;off&#8221; make_fullwidth=&#8221;off&#8221; use_custom_width=&#8221;off&#8221; width_unit=&#8221;off&#8221; custom_width_px=&#8221;1080px&#8221; custom_width_percent=&#8221;80%&#8221; make_equal=&#8221;off&#8221; use_custom_gutter=&#8221;off&#8221; fullwidth=&#8221;on&#8221; specialty=&#8221;off&#8221; custom_css_main_element=&#8221;height:250px;&#8221; disabled=&#8221;off&#8221;][et_pb_fullwidth_header admin_label=&#8221;T\u00edtulo de anchura completa&#8221; background_layout=&#8221;dark&#8221; text_orientation=&#8221;center&#8221; header_fullscreen=&#8221;off&#8221; header_scroll_down=&#8221;off&#8221; scroll_down_icon=&#8221;%%3%%&#8221; parallax=&#8221;off&#8221; parallax_method=&#8221;off&#8221; content_orientation=&#8221;center&#8221; image_orientation=&#8221;center&#8221; title_font_size=&#8221;30px&#8221; content_font_size=&#8221;14px&#8221; custom_button_one=&#8221;off&#8221; button_one_text_size=&#8221;18&#8243; button_one_use_icon=&#8221;on&#8221; button_one_icon_placement=&#8221;right&#8221; button_one_on_hover=&#8221;on&#8221; button_one_letter_spacing_hover=&#8221;0&#8243; custom_button_two=&#8221;off&#8221; button_two_text_size=&#8221;18&#8243; button_two_use_icon=&#8221;on&#8221; button_two_icon_placement=&#8221;right&#8221; button_two_on_hover=&#8221;on&#8221; button_two_letter_spacing_hover=&#8221;0&#8243; disabled=&#8221;off&#8221;] [\/et_pb_fullwidth_header][\/et_pb_section][et_pb_section admin_label=&#8221;section&#8221; transparent_background=&#8221;off&#8221; allow_player_pause=&#8221;off&#8221; inner_shadow=&#8221;off&#8221; parallax=&#8221;off&#8221; [&hellip;]<\/p>\n","protected":false},"author":4,"featured_media":0,"parent":0,"menu_order":0,"comment_status":"closed","ping_status":"closed","template":"","meta":{"footnotes":""},"class_list":["post-1065","page","type-page","status-publish","hentry"],"yoast_head":"<!-- This site is optimized with the Yoast SEO plugin v16.1.1 - https:\/\/yoast.com\/wordpress\/plugins\/seo\/ -->\n<title>Kulturelle Zentren - Logosophy<\/title>\n<link rel=\"canonical\" href=\"https:\/\/logosophy.info\/?page_id=1065&#038;lang=de\" \/>\n<meta property=\"og:locale\" content=\"pt_BR\" \/>\n<meta property=\"og:type\" content=\"article\" \/>\n<meta property=\"og:title\" content=\"Kulturelle Zentren - Logosophy\" \/>\n<meta property=\"og:description\" content=\"[et_pb_section admin_label=&#8221;section&#8221; background_image=&#8221;https:\/\/logosophy.info\/wp-content\/uploads\/2017\/07\/Imagenes-pasadores-FL-Internacional-Sedes.jpg&#8221; transparent_background=&#8221;off&#8221; allow_player_pause=&#8221;off&#8221; inner_shadow=&#8221;off&#8221; parallax=&#8221;off&#8221; parallax_method=&#8221;on&#8221; custom_padding=&#8221;200px|||&#8221; padding_mobile=&#8221;off&#8221; make_fullwidth=&#8221;off&#8221; use_custom_width=&#8221;off&#8221; width_unit=&#8221;off&#8221; custom_width_px=&#8221;1080px&#8221; custom_width_percent=&#8221;80%&#8221; make_equal=&#8221;off&#8221; use_custom_gutter=&#8221;off&#8221; fullwidth=&#8221;on&#8221; specialty=&#8221;off&#8221; custom_css_main_element=&#8221;height:250px;&#8221; disabled=&#8221;off&#8221;][et_pb_fullwidth_header admin_label=&#8221;T\u00edtulo de anchura completa&#8221; background_layout=&#8221;dark&#8221; text_orientation=&#8221;center&#8221; header_fullscreen=&#8221;off&#8221; header_scroll_down=&#8221;off&#8221; scroll_down_icon=&#8221;&#8221; parallax=&#8221;off&#8221; parallax_method=&#8221;off&#8221; content_orientation=&#8221;center&#8221; image_orientation=&#8221;center&#8221; title_font_size=&#8221;30px&#8221; content_font_size=&#8221;14px&#8221; custom_button_one=&#8221;off&#8221; button_one_text_size=&#8221;18&#8243; button_one_use_icon=&#8221;on&#8221; button_one_icon_placement=&#8221;right&#8221; button_one_on_hover=&#8221;on&#8221; button_one_letter_spacing_hover=&#8221;0&#8243; custom_button_two=&#8221;off&#8221; button_two_text_size=&#8221;18&#8243; button_two_use_icon=&#8221;on&#8221; button_two_icon_placement=&#8221;right&#8221; button_two_on_hover=&#8221;on&#8221; button_two_letter_spacing_hover=&#8221;0&#8243; disabled=&#8221;off&#8221;] [\/et_pb_fullwidth_header][\/et_pb_section][et_pb_section admin_label=&#8221;section&#8221; transparent_background=&#8221;off&#8221; allow_player_pause=&#8221;off&#8221; inner_shadow=&#8221;off&#8221; parallax=&#8221;off&#8221; [&hellip;]\" \/>\n<meta property=\"og:url\" content=\"https:\/\/logosophy.info\/?page_id=1065&amp;lang=de\" \/>\n<meta property=\"og:site_name\" content=\"Logosophy\" \/>\n<meta property=\"article:publisher\" content=\"https:\/\/www.facebook.com\/Logosof%c3%ada-Europa-100169344799531\" \/>\n<meta property=\"article:modified_time\" content=\"2018-04-03T17:19:04+00:00\" \/>\n<meta name=\"twitter:card\" content=\"summary_large_image\" \/>\n<meta name=\"twitter:site\" content=\"@logosophy\" \/>\n<meta name=\"twitter:label1\" content=\"Est. tempo de leitura\">\n\t<meta name=\"twitter:data1\" content=\"4 minutos\">\n<script type=\"application\/ld+json\" class=\"yoast-schema-graph\">{\"@context\":\"https:\/\/schema.org\",\"@graph\":[{\"@type\":\"WebSite\",\"@id\":\"https:\/\/logosophy.info\/es\/#website\",\"url\":\"https:\/\/logosophy.info\/es\/\",\"name\":\"Logosophy\",\"description\":\"Sitio web internacional de Logosof\\u00eda Internacional, ciencia de la Evoluci\\u00f3n Consciente\",\"potentialAction\":[{\"@type\":\"SearchAction\",\"target\":\"https:\/\/logosophy.info\/es\/?s={search_term_string}\",\"query-input\":\"required name=search_term_string\"}],\"inLanguage\":\"pt-BR\"},{\"@type\":\"WebPage\",\"@id\":\"https:\/\/logosophy.info\/?page_id=1065&lang=de#webpage\",\"url\":\"https:\/\/logosophy.info\/?page_id=1065&lang=de\",\"name\":\"Kulturelle Zentren - Logosophy\",\"isPartOf\":{\"@id\":\"https:\/\/logosophy.info\/es\/#website\"},\"datePublished\":\"2018-03-28T17:39:34+00:00\",\"dateModified\":\"2018-04-03T17:19:04+00:00\",\"breadcrumb\":{\"@id\":\"https:\/\/logosophy.info\/?page_id=1065&lang=de#breadcrumb\"},\"inLanguage\":\"pt-BR\",\"potentialAction\":[{\"@type\":\"ReadAction\",\"target\":[\"https:\/\/logosophy.info\/?page_id=1065&lang=de\"]}]},{\"@type\":\"BreadcrumbList\",\"@id\":\"https:\/\/logosophy.info\/?page_id=1065&lang=de#breadcrumb\",\"itemListElement\":[{\"@type\":\"ListItem\",\"position\":1,\"item\":{\"@type\":\"WebPage\",\"@id\":\"https:\/\/logosophy.info\/?lang=pt\",\"url\":\"https:\/\/logosophy.info\/?lang=pt\",\"name\":\"Portada\"}},{\"@type\":\"ListItem\",\"position\":2,\"item\":{\"@type\":\"WebPage\",\"@id\":\"https:\/\/logosophy.info\/?page_id=1065&lang=de\",\"url\":\"https:\/\/logosophy.info\/?page_id=1065&lang=de\",\"name\":\"Kulturelle Zentren\"}}]}]}<\/script>\n<!-- \/ Yoast SEO plugin. -->","_links":{"self":[{"href":"https:\/\/logosophy.info\/index.php?rest_route=\/wp\/v2\/pages\/1065","targetHints":{"allow":["GET"]}}],"collection":[{"href":"https:\/\/logosophy.info\/index.php?rest_route=\/wp\/v2\/pages"}],"about":[{"href":"https:\/\/logosophy.info\/index.php?rest_route=\/wp\/v2\/types\/page"}],"author":[{"embeddable":true,"href":"https:\/\/logosophy.info\/index.php?rest_route=\/wp\/v2\/users\/4"}],"replies":[{"embeddable":true,"href":"https:\/\/logosophy.info\/index.php?rest_route=%2Fwp%2Fv2%2Fcomments&post=1065"}],"version-history":[{"count":6,"href":"https:\/\/logosophy.info\/index.php?rest_route=\/wp\/v2\/pages\/1065\/revisions"}],"predecessor-version":[{"id":1249,"href":"https:\/\/logosophy.info\/index.php?rest_route=\/wp\/v2\/pages\/1065\/revisions\/1249"}],"wp:attachment":[{"href":"https:\/\/logosophy.info\/index.php?rest_route=%2Fwp%2Fv2%2Fmedia&parent=1065"}],"curies":[{"name":"wp","href":"https:\/\/api.w.org\/{rel}","templated":true}]}}